{"id":1092,"date":"2022-05-10T10:21:51","date_gmt":"2022-05-10T08:21:51","guid":{"rendered":"https:\/\/www.hotelvillaromanticparis.com\/situation\/"},"modified":"2022-06-15T09:55:31","modified_gmt":"2022-06-15T07:55:31","slug":"lage","status":"publish","type":"page","link":"https:\/\/www.hotelvillaromanticparis.com\/de\/lage\/","title":{"rendered":"Situation"},"content":{"rendered":"\n\t<section class=\"section\" id=\"section_652844185\">\n\t\t<div class=\"bg section-bg fill bg-fill  bg-loaded\" >\n\n\t\t\t\n\t\t\t\n\t\t\t\n\n\t\t<\/div>\n\n\t\t<div class=\"section-content relative\">\n\t\t\t\n\n\n\n<iframe src=\"https:\/\/www.google.com\/maps\/embed?pb=!1m18!1m12!1m3!1d28044.369212313868!2d2.3277332279492517!3d48.835471187676134!2m3!1f0!2f0!3f0!3m2!1i1024!2i768!4f13.1!3m3!1m2!1s0x47e6718d6743e3b5%3A0x3cb97253fd71a31f!2s35%20Rue%20du%20Banquier%2C%2075013%20Paris!5e0!3m2!1sfr!2sfr!4v1653886409517!5m2!1sfr!2sfr\" width=\"100%\" height=\"450\" style=\"border:0;\" allowfullscreen=\"\" loading=\"lazy\" referrerpolicy=\"no-referrer-when-downgrade\"><\/iframe>\n\n\n\t\t<\/div>\n\n\t\t\n<style>\n#section_652844185 {\n  padding-top: 0px;\n  padding-bottom: 0px;\n  min-height: 400px;\n}\n<\/style>\n\t<\/section>\n\t\n\t<section class=\"section\" id=\"section_291359500\">\n\t\t<div class=\"bg section-bg fill bg-fill  bg-loaded\" >\n\n\t\t\t\n\t\t\t\n\t\t\t\n\n\t\t<\/div>\n\n\t\t<div class=\"section-content relative\">\n\t\t\t\n\n<div class=\"row\"  id=\"row-1379916282\">\n\n\n\t<div id=\"col-905972229\" class=\"col small-12 large-12\"  >\n\t\t\t\t<div class=\"col-inner\"  >\n\t\t\t\n\t\t\t\n\n<h1 class=\"uppercase\" style=\"text-align: center;\">EINE TRAUMHAFTE LAGE IM HERZEN VON PARIS<\/h1>\n\n\n\t\t<\/div>\n\t\t\t\t\t<\/div>\n\n\t\n\n<\/div>\n<div class=\"row\"  id=\"row-533350504\">\n\n\n\t<div id=\"col-158568605\" class=\"col small-12 large-12\"  data-animate=\"fadeInRight\">\n\t\t\t\t<div class=\"col-inner\"  >\n\t\t\t\n\t\t\t\n\n<p>Die Villa Romantic hat eine ideale Lage und eine gute Anbindung an das Nahverkehrsnetz. Sie kommen einfach und schnell in jedes Viertel von Paris, um alle Sch\u00e4tze der Stadt zu erkunden. <\/p>\n<p>Die Oper, die namhaften Kaufh\u00e4user, Louvre, Notre-Dame und Eiffelturm sind bequem mit der Metro zu erreichen. Unternehmen Sie einen Spaziergang am Seineufer oder in den charmanten und geschichtstr\u00e4chtigen Stra\u00dfen des Quartier Latin, das keine 20 Gehminuten entfernt ist. <\/p>\n<p>Ob Sie gesch\u00e4ftlich oder privat in Paris unterwegs sind, werden Sie die zentrale Lage des Hotels zu sch\u00e4tzen wissen, genau wie die ruhige und angenehme Atmosph\u00e4re der unmittelbaren Umgebung, die Ihnen neue Kraft schenken wird. <\/p>\n\n\n\t\t<\/div>\n\t\t\t\t\t<\/div>\n\n\t\n\n<\/div>\n\n\t\t<\/div>\n\n\t\t\n<style>\n#section_291359500 {\n  padding-top: 30px;\n  padding-bottom: 30px;\n}\n<\/style>\n\t<\/section>\n\t\n\t<section class=\"section\" id=\"section_312577800\">\n\t\t<div class=\"bg section-bg fill bg-fill  bg-loaded\" >\n\n\t\t\t\n\t\t\t\n\t\t\t\n\n\t\t<\/div>\n\n\t\t<div class=\"section-content relative\">\n\t\t\t\n\n<div class=\"row row-small row-full-width align-middle align-center\"  id=\"row-614866257\">\n\n\n\t<div id=\"col-1075899439\" class=\"col medium-6 small-12 large-6\"  data-animate=\"fadeInLeft\">\n\t\t\t\t<div class=\"col-inner\"  >\n\t\t\t\n\t\t\t\n\n\t<div class=\"img has-hover x md-x lg-x y md-y lg-y\" id=\"image_1391301874\">\n\t\t\t\t\t\t\t\t<div class=\"img-inner dark\" >\n\t\t\t<img decoding=\"async\" width=\"1020\" height=\"680\" src=\"https:\/\/www.hotelvillaromanticparis.com\/wp-content\/uploads\/2021\/12\/hotel-villa-romantic-2-1024x683.jpg\" class=\"attachment-large size-large\" alt=\"\" srcset=\"https:\/\/www.hotelvillaromanticparis.com\/wp-content\/uploads\/2021\/12\/hotel-villa-romantic-2-1024x683.jpg 1024w, https:\/\/www.hotelvillaromanticparis.com\/wp-content\/uploads\/2021\/12\/hotel-villa-romantic-2-300x200.jpg 300w, https:\/\/www.hotelvillaromanticparis.com\/wp-content\/uploads\/2021\/12\/hotel-villa-romantic-2-768x512.jpg 768w, https:\/\/www.hotelvillaromanticparis.com\/wp-content\/uploads\/2021\/12\/hotel-villa-romantic-2.jpg 1200w\" sizes=\"(max-width: 1020px) 100vw, 1020px\" \/>\t\t\t\t\t\t\n\t\t\t\t\t<\/div>\n\t\t\t\t\t\t\t\t\n<style>\n#image_1391301874 {\n  width: 100%;\n}\n<\/style>\n\t<\/div>\n\t\n\n\n\t\t<\/div>\n\t\t\t\t\t<\/div>\n\n\t\n\n\t<div id=\"col-867985522\" class=\"col medium-6 small-12 large-6\"  data-animate=\"fadeInRight\">\n\t\t\t\t<div class=\"col-inner\"  >\n\t\t\t\n\t\t\t\n\n<h2>EIN TYPISCHES PARISER VIERTEL<\/h2>\n<p>Das Viertel Gobelins und die Place d&#8217;Italie laden zu Spazierg\u00e4ngen, Entdeckungen und einfach zum Genie\u00dfen ein. Nur wenige Minuten vom Hotel entfernt befinden sich die fr\u00f6hliche Stra\u00dfe Mouffetard, das Shoppingcenter Italie-Deux, die Veranstaltungshalle Accor Arena Bercy, die Gobelinmanufaktur, eine der ber\u00fchmtesten Teppichfabriken der Welt, und auch der Pflanzengarten mit seinen Galerien des Naturkundemuseums und seiner M\u00e9nagerie.<\/p>\n<p>Die Villa Romantic erm\u00f6glicht es Ihnen nicht nur, die Stadt der Lichter kennen zu lernen, sondern sie schenkt Ihnen auch die M\u00f6glichkeit, in den Genuss der typischen Pariser Lebenskunst zu kommen. Machen Sie es sich auf einer Terrasse bei einem Glas Wein oder einem Kaffee bequem, kaufen Sie in einer der vielen typischen B\u00e4ckereien ein echtes Croissant, g\u00f6nnen Sie sich in einem der guten Restaurants in der N\u00e4he ein k\u00f6stliches Abendessen, st\u00f6bern Sie in den h\u00fcbschen Boutiquen, profitieren Sie ganz einfach nach Lust und Laune von den vielen Vorz\u00fcgen des Viertels. <\/p>\n\n\n\t\t<\/div>\n\t\t\t\t\n<style>\n#col-867985522 > .col-inner {\n  padding: 30px 30px 30px 30px;\n}\n<\/style>\n\t<\/div>\n\n\t\n\n<\/div>\n\n\t\t<\/div>\n\n\t\t\n<style>\n#section_312577800 {\n  padding-top: 0px;\n  padding-bottom: 0px;\n}\n<\/style>\n\t<\/section>\n\t\n\t<section class=\"section\" id=\"section_883191276\">\n\t\t<div class=\"bg section-bg fill bg-fill  bg-loaded\" >\n\n\t\t\t\n\t\t\t\n\t\t\t\n\n\t\t<\/div>\n\n\t\t<div class=\"section-content relative\">\n\t\t\t\n\n<div class=\"row row-small row-full-width align-middle align-center\"  id=\"row-44140406\">\n\n\n\t<div id=\"col-1503471499\" class=\"col medium-6 small-12 large-6\"  data-animate=\"fadeInLeft\">\n\t\t\t\t<div class=\"col-inner\"  >\n\t\t\t\n\t\t\t\n\n<h2 style=\"text-align: center;\">ANREISE\u00a0?<\/h2>\n<h3>MIT DER METRO<\/h3>\n<p>Linie 7: Les Gobelins in 5 Min.<br \/>\nLinie 5: Campo-Formio in 5 Min.<br \/>\nLinie 6: Place d\u2019Italie in 9 Min.<\/p>\n<h3>MIT DEM FLUGZEUG<\/h3>\n<p><strong>Roissy Charles de Gaulle\u00a0:<\/strong> Ab dem Flughafen Paris Roissy Charles de Gaulle nehmen Sie den RER bis Denfert Rochereau, dann die Metrolinie 6 bis Place d\u2019Italie, 10 Gehminuten bis zum Hotel, oder die Metrolinie 7 bis zur Station Gobelins. <br \/><strong>Orly\u00a0:<\/strong> Vom Flughafen Paris-Orly aus nehmen Sie den Orly Val bis Antony, dann den RER B bis Denfert Rochereau. Steigen Sie um in die Metrolinie 6 bis Place d&#8217;Italie. <br \/>Die Preise f\u00fcr Taxifahrten s\u00fcdlich der Seine in Paris, wo das Hotel liegt, sind reglementiert. <\/p>\n<h3>MIT DEM ZUG<\/h3>\n<p><strong>Gare de l\u2019Est :<\/strong> Erreichbar in 30 Minuten mit der Linie 7 direkt ab Les Gobelins oder mit der Linie 5 ab Campo Formio.<br \/><strong>Gare du Nord :<\/strong> Erreichbar in 30 Minuten mit der Linie 5 ab Campo Formio.<br \/><strong>Gare Montparnasse\u00a0:<\/strong> Erreichbar in 30 Minuten mit der Linie 6 direkt ab Place d&#8217;Italie.<br \/><strong>Gare d\u2019Austerlitz\u00a0:<\/strong> Weniger als 15 Minuten mit der Linie 5<\/p>\n\n\n\t\t<\/div>\n\t\t\t\t\n<style>\n#col-1503471499 > .col-inner {\n  padding: 30px 30px 30px 30px;\n}\n<\/style>\n\t<\/div>\n\n\t\n\n<\/div>\n\n\t\t<\/div>\n\n\t\t\n<style>\n#section_883191276 {\n  padding-top: 0px;\n  padding-bottom: 0px;\n}\n<\/style>\n\t<\/section>\n\t\n\n","protected":false},"excerpt":{"rendered":"","protected":false},"author":1,"featured_media":0,"parent":0,"menu_order":0,"comment_status":"closed","ping_status":"closed","template":"page-blank.php","meta":{"footnotes":""},"class_list":["post-1092","page","type-page","status-publish","hentry"],"yoast_head":"<!-- This site is optimized with the Yoast SEO plugin v24.6 - https:\/\/yoast.com\/wordpress\/plugins\/seo\/ -->\n<title>EINE TRAUMHAFTE LAGE IM HERZEN VON PARIS<\/title>\n<meta name=\"description\" content=\"Die Villa Romantic hat eine ideale Lage und eine gute Anbindung an das Nahverkehrsnetz. Sie kommen einfach und schnell in jedes Viertel von Paris, um alle Sch\u00e4tze der Stadt zu erkunden.\" \/>\n<meta name=\"robots\" content=\"index, follow, max-snippet:-1, max-image-preview:large, max-video-preview:-1\" \/>\n<link rel=\"canonical\" href=\"https:\/\/www.hotelvillaromanticparis.com\/de\/lage\/\" \/>\n<meta property=\"og:locale\" content=\"de_DE\" \/>\n<meta property=\"og:type\" content=\"article\" \/>\n<meta property=\"og:title\" content=\"EINE TRAUMHAFTE LAGE IM HERZEN VON PARIS\" \/>\n<meta property=\"og:description\" content=\"Die Villa Romantic hat eine ideale Lage und eine gute Anbindung an das Nahverkehrsnetz. Sie kommen einfach und schnell in jedes Viertel von Paris, um alle Sch\u00e4tze der Stadt zu erkunden.\" \/>\n<meta property=\"og:url\" content=\"https:\/\/www.hotelvillaromanticparis.com\/de\/lage\/\" \/>\n<meta property=\"og:site_name\" content=\"Villa Romantic\" \/>\n<meta property=\"article:modified_time\" content=\"2022-06-15T07:55:31+00:00\" \/>\n<meta name=\"twitter:card\" content=\"summary_large_image\" \/>\n<meta name=\"twitter:label1\" content=\"Gesch\u00e4tzte Lesezeit\" \/>\n\t<meta name=\"twitter:data1\" content=\"3\u00a0Minuten\" \/>\n<script type=\"application\/ld+json\" class=\"yoast-schema-graph\">{\"@context\":\"https:\/\/schema.org\",\"@graph\":[{\"@type\":\"WebPage\",\"@id\":\"https:\/\/www.hotelvillaromanticparis.com\/de\/lage\/\",\"url\":\"https:\/\/www.hotelvillaromanticparis.com\/de\/lage\/\",\"name\":\"EINE TRAUMHAFTE LAGE IM HERZEN VON PARIS\",\"isPartOf\":{\"@id\":\"https:\/\/www.hotelvillaromanticparis.com\/#website\"},\"datePublished\":\"2022-05-10T08:21:51+00:00\",\"dateModified\":\"2022-06-15T07:55:31+00:00\",\"description\":\"Die Villa Romantic hat eine ideale Lage und eine gute Anbindung an das Nahverkehrsnetz. Sie kommen einfach und schnell in jedes Viertel von Paris, um alle Sch\u00e4tze der Stadt zu erkunden.\",\"breadcrumb\":{\"@id\":\"https:\/\/www.hotelvillaromanticparis.com\/de\/lage\/#breadcrumb\"},\"inLanguage\":\"de\",\"potentialAction\":[{\"@type\":\"ReadAction\",\"target\":[\"https:\/\/www.hotelvillaromanticparis.com\/de\/lage\/\"]}]},{\"@type\":\"BreadcrumbList\",\"@id\":\"https:\/\/www.hotelvillaromanticparis.com\/de\/lage\/#breadcrumb\",\"itemListElement\":[{\"@type\":\"ListItem\",\"position\":1,\"name\":\"Accueil\",\"item\":\"https:\/\/www.hotelvillaromanticparis.com\/de\/\"},{\"@type\":\"ListItem\",\"position\":2,\"name\":\"Situation\"}]},{\"@type\":\"WebSite\",\"@id\":\"https:\/\/www.hotelvillaromanticparis.com\/#website\",\"url\":\"https:\/\/www.hotelvillaromanticparis.com\/\",\"name\":\"Villa Romantic\",\"description\":\"A proximit\u00e9 du quartier latin\",\"potentialAction\":[{\"@type\":\"SearchAction\",\"target\":{\"@type\":\"EntryPoint\",\"urlTemplate\":\"https:\/\/www.hotelvillaromanticparis.com\/?s={search_term_string}\"},\"query-input\":{\"@type\":\"PropertyValueSpecification\",\"valueRequired\":true,\"valueName\":\"search_term_string\"}}],\"inLanguage\":\"de\"}]}<\/script>\n<!-- \/ Yoast SEO plugin. -->","yoast_head_json":{"title":"EINE TRAUMHAFTE LAGE IM HERZEN VON PARIS","description":"Die Villa Romantic hat eine ideale Lage und eine gute Anbindung an das Nahverkehrsnetz. Sie kommen einfach und schnell in jedes Viertel von Paris, um alle Sch\u00e4tze der Stadt zu erkunden.","robots":{"index":"index","follow":"follow","max-snippet":"max-snippet:-1","max-image-preview":"max-image-preview:large","max-video-preview":"max-video-preview:-1"},"canonical":"https:\/\/www.hotelvillaromanticparis.com\/de\/lage\/","og_locale":"de_DE","og_type":"article","og_title":"EINE TRAUMHAFTE LAGE IM HERZEN VON PARIS","og_description":"Die Villa Romantic hat eine ideale Lage und eine gute Anbindung an das Nahverkehrsnetz. Sie kommen einfach und schnell in jedes Viertel von Paris, um alle Sch\u00e4tze der Stadt zu erkunden.","og_url":"https:\/\/www.hotelvillaromanticparis.com\/de\/lage\/","og_site_name":"Villa Romantic","article_modified_time":"2022-06-15T07:55:31+00:00","twitter_card":"summary_large_image","twitter_misc":{"Gesch\u00e4tzte Lesezeit":"3\u00a0Minuten"},"schema":{"@context":"https:\/\/schema.org","@graph":[{"@type":"WebPage","@id":"https:\/\/www.hotelvillaromanticparis.com\/de\/lage\/","url":"https:\/\/www.hotelvillaromanticparis.com\/de\/lage\/","name":"EINE TRAUMHAFTE LAGE IM HERZEN VON PARIS","isPartOf":{"@id":"https:\/\/www.hotelvillaromanticparis.com\/#website"},"datePublished":"2022-05-10T08:21:51+00:00","dateModified":"2022-06-15T07:55:31+00:00","description":"Die Villa Romantic hat eine ideale Lage und eine gute Anbindung an das Nahverkehrsnetz. Sie kommen einfach und schnell in jedes Viertel von Paris, um alle Sch\u00e4tze der Stadt zu erkunden.","breadcrumb":{"@id":"https:\/\/www.hotelvillaromanticparis.com\/de\/lage\/#breadcrumb"},"inLanguage":"de","potentialAction":[{"@type":"ReadAction","target":["https:\/\/www.hotelvillaromanticparis.com\/de\/lage\/"]}]},{"@type":"BreadcrumbList","@id":"https:\/\/www.hotelvillaromanticparis.com\/de\/lage\/#breadcrumb","itemListElement":[{"@type":"ListItem","position":1,"name":"Accueil","item":"https:\/\/www.hotelvillaromanticparis.com\/de\/"},{"@type":"ListItem","position":2,"name":"Situation"}]},{"@type":"WebSite","@id":"https:\/\/www.hotelvillaromanticparis.com\/#website","url":"https:\/\/www.hotelvillaromanticparis.com\/","name":"Villa Romantic","description":"A proximit\u00e9 du quartier latin","potentialAction":[{"@type":"SearchAction","target":{"@type":"EntryPoint","urlTemplate":"https:\/\/www.hotelvillaromanticparis.com\/?s={search_term_string}"},"query-input":{"@type":"PropertyValueSpecification","valueRequired":true,"valueName":"search_term_string"}}],"inLanguage":"de"}]}},"_links":{"self":[{"href":"https:\/\/www.hotelvillaromanticparis.com\/de\/wp-json\/wp\/v2\/pages\/1092","targetHints":{"allow":["GET"]}}],"collection":[{"href":"https:\/\/www.hotelvillaromanticparis.com\/de\/wp-json\/wp\/v2\/pages"}],"about":[{"href":"https:\/\/www.hotelvillaromanticparis.com\/de\/wp-json\/wp\/v2\/types\/page"}],"author":[{"embeddable":true,"href":"https:\/\/www.hotelvillaromanticparis.com\/de\/wp-json\/wp\/v2\/users\/1"}],"replies":[{"embeddable":true,"href":"https:\/\/www.hotelvillaromanticparis.com\/de\/wp-json\/wp\/v2\/comments?post=1092"}],"version-history":[{"count":2,"href":"https:\/\/www.hotelvillaromanticparis.com\/de\/wp-json\/wp\/v2\/pages\/1092\/revisions"}],"predecessor-version":[{"id":1324,"href":"https:\/\/www.hotelvillaromanticparis.com\/de\/wp-json\/wp\/v2\/pages\/1092\/revisions\/1324"}],"wp:attachment":[{"href":"https:\/\/www.hotelvillaromanticparis.com\/de\/wp-json\/wp\/v2\/media?parent=1092"}],"curies":[{"name":"wp","href":"https:\/\/api.w.org\/{rel}","templated":true}]}}