{"id":1098,"date":"2022-05-10T06:28:54","date_gmt":"2022-05-10T04:28:54","guid":{"rendered":"https:\/\/www.hotelvillaromanticparis.com\/suite\/"},"modified":"2025-05-08T18:47:37","modified_gmt":"2025-05-08T16:47:37","slug":"suite","status":"publish","type":"page","link":"https:\/\/www.hotelvillaromanticparis.com\/de\/suite\/","title":{"rendered":"Suite"},"content":{"rendered":"\n\t<section class=\"section\" id=\"section_190138982\">\n\t\t<div class=\"bg section-bg fill bg-fill  \" >\n\n\t\t\t\n\t\t\t\n\t\t\t\n\n\t\t<\/div>\n\n\t\t<div class=\"section-content relative\">\n\t\t\t\n\n\n\t\t<\/div>\n\n\t\t\n<style>\n#section_190138982 {\n  padding-top: 0px;\n  padding-bottom: 0px;\n  min-height: 450px;\n}\n#section_190138982 .section-bg.bg-loaded {\n  background-image: url(https:\/\/www.hotelvillaromanticparis.com\/wp-content\/uploads\/2022\/05\/chambre_502_01.jpg);\n}\n<\/style>\n\t<\/section>\n\t\n\t<section class=\"section\" id=\"section_830166502\">\n\t\t<div class=\"bg section-bg fill bg-fill  bg-loaded\" >\n\n\t\t\t\n\t\t\t\n\t\t\t\n\n\t\t<\/div>\n\n\t\t<div class=\"section-content relative\">\n\t\t\t\n\n<div class=\"row\"  id=\"row-2141137069\">\n\n\n\t<div id=\"col-2008747576\" class=\"col medium-6 small-12 large-6\"  >\n\t\t\t\t<div class=\"col-inner\"  >\n\t\t\t\n\t\t\t\n\n<h1 class=\"uppercase\" style=\"text-align: left;\">Romantische Suite<\/h1>\n<h2>1 bis 2 Personen \u2013 23 m2 \u2013 Sehr gro\u00dfes Bett 180 cm<\/h2>\n<p>Die Suiten gleichen Liebeserkl\u00e4rungen, die einen f\u00fcr immer pr\u00e4gen. Die in K\u00f6nigsblau gehaltenen Zimmer mit kleinen luxuri\u00f6sen Farbtupfern in Gelb sind elegante R\u00fcckzugsorte mit verschiedenen Bereichen. Der Tagesbereich mit seinen Sesseln oder seinem Sofa schenkt Ihnen nach einem Tag voller Abenteuer in der Stadt einen gem\u00fctlichen Ort zum Entspannen, und der Nachtbereich l\u00e4dt zu einem qualit\u00e4tsvollen, regenerierenden Schlaf ein. Raffinierte Details, ger\u00e4umiges Badezimmer, eine wohlige und intime Atmosph\u00e4re &#8230; Diese Zimmer werden Sie dahinschmelzen lassen. <\/p>\n<p>Ein 45-min\u00fctiger Zugang zum Spa pro Tag ist im Zimmerpreis inbegriffen (nicht-privates Zeitfenster).<\/p>\n<a rel=\"noopener noreferrer\" href=\"https:\/\/www.secure-hotel-booking.com\/Villa-Romantic\/JS7Q\/de?hotelId=27083\" target=\"_blank\" class=\"button primary is-outline lowercase\"  >\n    <span>Buchen Sie dieses Zimmer<\/span>\n  <\/a>\n\n\n\n\t\t<\/div>\n\t\t\t\t\t<\/div>\n\n\t\n\n\t<div id=\"col-436530705\" class=\"col medium-6 small-12 large-6\"  data-animate=\"fadeInRight\">\n\t\t\t\t<div class=\"col-inner\"  >\n\t\t\t\n\t\t\t\n\n<h2>Fotogalerie<\/h2>\n<div class=\"is-divider divider clearfix\" ><\/div>\n\n\n  \n    <div class=\"row large-columns-3 medium-columns- small-columns-2 row-small slider row-slider slider-nav-circle slider-nav-light\"  data-flickity-options='{\"imagesLoaded\": true, \"groupCells\": \"100%\", \"dragThreshold\" : 5, \"cellAlign\": \"left\",\"wrapAround\": true,\"prevNextButtons\": true,\"percentPosition\": true,\"pageDots\": false, \"rightToLeft\": false, \"autoPlay\" : 4000}'>\n\n          <div class=\"gallery-col col\" >\n          <div class=\"col-inner\">\n            <a class=\"image-lightbox lightbox-gallery\" href=\"https:\/\/www.hotelvillaromanticparis.com\/wp-content\/uploads\/2022\/05\/chambre_502_01-1024x683.jpg\" title=\"\">            <div class=\"box has-hover gallery-box box-overlay dark\">\n              <div class=\"box-image image-glow box-shadow-3 box-shadow-2-hover\" >\n                <img decoding=\"async\" width=\"150\" height=\"150\" src=\"https:\/\/www.hotelvillaromanticparis.com\/wp-content\/uploads\/2022\/05\/chambre_502_01-150x150.jpg\" class=\"attachment-thumbnail size-thumbnail\" alt=\"\" ids=\"364,366,368,370,328,330,332,334\" lightbox_image_size=\"large\" type=\"slider\" col_spacing=\"small\" columns=\"3\" depth=\"3\" depth_hover=\"2\" slider_nav_style=\"circle\" slider_nav_color=\"light\" auto_slide=\"4000\" image_size=\"thumbnail\" image_hover=\"glow\" \/>                                  <div class=\"overlay fill\"\n                      style=\"background-color: rgba(0,0,0,.15)\">\n                  <\/div>\n                                                              <\/div>\n              <div class=\"box-text text-left\" >\n                 <p><\/p>\n              <\/div>\n            <\/div>\n            <\/a>          <\/div>\n         <\/div>\n                 <div class=\"gallery-col col\" >\n          <div class=\"col-inner\">\n            <a class=\"image-lightbox lightbox-gallery\" href=\"https:\/\/www.hotelvillaromanticparis.com\/wp-content\/uploads\/2022\/05\/chambre_502_02-1024x683.jpg\" title=\"\">            <div class=\"box has-hover gallery-box box-overlay dark\">\n              <div class=\"box-image image-glow box-shadow-3 box-shadow-2-hover\" >\n                <img decoding=\"async\" width=\"150\" height=\"150\" src=\"https:\/\/www.hotelvillaromanticparis.com\/wp-content\/uploads\/2022\/05\/chambre_502_02-150x150.jpg\" class=\"attachment-thumbnail size-thumbnail\" alt=\"\" ids=\"364,366,368,370,328,330,332,334\" lightbox_image_size=\"large\" type=\"slider\" col_spacing=\"small\" columns=\"3\" depth=\"3\" depth_hover=\"2\" slider_nav_style=\"circle\" slider_nav_color=\"light\" auto_slide=\"4000\" image_size=\"thumbnail\" image_hover=\"glow\" \/>                                  <div class=\"overlay fill\"\n                      style=\"background-color: rgba(0,0,0,.15)\">\n                  <\/div>\n                                                              <\/div>\n              <div class=\"box-text text-left\" >\n                 <p><\/p>\n              <\/div>\n            <\/div>\n            <\/a>          <\/div>\n         <\/div>\n                 <div class=\"gallery-col col\" >\n          <div class=\"col-inner\">\n            <a class=\"image-lightbox lightbox-gallery\" href=\"https:\/\/www.hotelvillaromanticparis.com\/wp-content\/uploads\/2022\/05\/chambre_502_03-1024x683.jpg\" title=\"\">            <div class=\"box has-hover gallery-box box-overlay dark\">\n              <div class=\"box-image image-glow box-shadow-3 box-shadow-2-hover\" >\n                <img decoding=\"async\" width=\"150\" height=\"150\" src=\"https:\/\/www.hotelvillaromanticparis.com\/wp-content\/uploads\/2022\/05\/chambre_502_03-150x150.jpg\" class=\"attachment-thumbnail size-thumbnail\" alt=\"\" ids=\"364,366,368,370,328,330,332,334\" lightbox_image_size=\"large\" type=\"slider\" col_spacing=\"small\" columns=\"3\" depth=\"3\" depth_hover=\"2\" slider_nav_style=\"circle\" slider_nav_color=\"light\" auto_slide=\"4000\" image_size=\"thumbnail\" image_hover=\"glow\" \/>                                  <div class=\"overlay fill\"\n                      style=\"background-color: rgba(0,0,0,.15)\">\n                  <\/div>\n                                                              <\/div>\n              <div class=\"box-text text-left\" >\n                 <p><\/p>\n              <\/div>\n            <\/div>\n            <\/a>          <\/div>\n         <\/div>\n                 <div class=\"gallery-col col\" >\n          <div class=\"col-inner\">\n            <a class=\"image-lightbox lightbox-gallery\" href=\"https:\/\/www.hotelvillaromanticparis.com\/wp-content\/uploads\/2022\/05\/chambre_502_04-1024x683.jpg\" title=\"\">            <div class=\"box has-hover gallery-box box-overlay dark\">\n              <div class=\"box-image image-glow box-shadow-3 box-shadow-2-hover\" >\n                <img decoding=\"async\" width=\"150\" height=\"150\" src=\"https:\/\/www.hotelvillaromanticparis.com\/wp-content\/uploads\/2022\/05\/chambre_502_04-150x150.jpg\" class=\"attachment-thumbnail size-thumbnail\" alt=\"\" ids=\"364,366,368,370,328,330,332,334\" lightbox_image_size=\"large\" type=\"slider\" col_spacing=\"small\" columns=\"3\" depth=\"3\" depth_hover=\"2\" slider_nav_style=\"circle\" slider_nav_color=\"light\" auto_slide=\"4000\" image_size=\"thumbnail\" image_hover=\"glow\" \/>                                  <div class=\"overlay fill\"\n                      style=\"background-color: rgba(0,0,0,.15)\">\n                  <\/div>\n                                                              <\/div>\n              <div class=\"box-text text-left\" >\n                 <p><\/p>\n              <\/div>\n            <\/div>\n            <\/a>          <\/div>\n         <\/div>\n                 <div class=\"gallery-col col\" >\n          <div class=\"col-inner\">\n            <a class=\"image-lightbox lightbox-gallery\" href=\"https:\/\/www.hotelvillaromanticparis.com\/wp-content\/uploads\/2022\/05\/chambre_406_01-1024x683.jpg\" title=\"\">            <div class=\"box has-hover gallery-box box-overlay dark\">\n              <div class=\"box-image image-glow box-shadow-3 box-shadow-2-hover\" >\n                <img decoding=\"async\" width=\"150\" height=\"150\" src=\"https:\/\/www.hotelvillaromanticparis.com\/wp-content\/uploads\/2022\/05\/chambre_406_01-150x150.jpg\" class=\"attachment-thumbnail size-thumbnail\" alt=\"\" ids=\"364,366,368,370,328,330,332,334\" lightbox_image_size=\"large\" type=\"slider\" col_spacing=\"small\" columns=\"3\" depth=\"3\" depth_hover=\"2\" slider_nav_style=\"circle\" slider_nav_color=\"light\" auto_slide=\"4000\" image_size=\"thumbnail\" image_hover=\"glow\" \/>                                  <div class=\"overlay fill\"\n                      style=\"background-color: rgba(0,0,0,.15)\">\n                  <\/div>\n                                                              <\/div>\n              <div class=\"box-text text-left\" >\n                 <p><\/p>\n              <\/div>\n            <\/div>\n            <\/a>          <\/div>\n         <\/div>\n                 <div class=\"gallery-col col\" >\n          <div class=\"col-inner\">\n            <a class=\"image-lightbox lightbox-gallery\" href=\"https:\/\/www.hotelvillaromanticparis.com\/wp-content\/uploads\/2022\/05\/chambre_406_02-1024x683.jpg\" title=\"\">            <div class=\"box has-hover gallery-box box-overlay dark\">\n              <div class=\"box-image image-glow box-shadow-3 box-shadow-2-hover\" >\n                <img decoding=\"async\" width=\"150\" height=\"150\" src=\"https:\/\/www.hotelvillaromanticparis.com\/wp-content\/uploads\/2022\/05\/chambre_406_02-150x150.jpg\" class=\"attachment-thumbnail size-thumbnail\" alt=\"\" ids=\"364,366,368,370,328,330,332,334\" lightbox_image_size=\"large\" type=\"slider\" col_spacing=\"small\" columns=\"3\" depth=\"3\" depth_hover=\"2\" slider_nav_style=\"circle\" slider_nav_color=\"light\" auto_slide=\"4000\" image_size=\"thumbnail\" image_hover=\"glow\" \/>                                  <div class=\"overlay fill\"\n                      style=\"background-color: rgba(0,0,0,.15)\">\n                  <\/div>\n                                                              <\/div>\n              <div class=\"box-text text-left\" >\n                 <p><\/p>\n              <\/div>\n            <\/div>\n            <\/a>          <\/div>\n         <\/div>\n                 <div class=\"gallery-col col\" >\n          <div class=\"col-inner\">\n            <a class=\"image-lightbox lightbox-gallery\" href=\"https:\/\/www.hotelvillaromanticparis.com\/wp-content\/uploads\/2022\/05\/chambre_406_03-1024x683.jpg\" title=\"\">            <div class=\"box has-hover gallery-box box-overlay dark\">\n              <div class=\"box-image image-glow box-shadow-3 box-shadow-2-hover\" >\n                <img decoding=\"async\" width=\"150\" height=\"150\" src=\"https:\/\/www.hotelvillaromanticparis.com\/wp-content\/uploads\/2022\/05\/chambre_406_03-150x150.jpg\" class=\"attachment-thumbnail size-thumbnail\" alt=\"\" ids=\"364,366,368,370,328,330,332,334\" lightbox_image_size=\"large\" type=\"slider\" col_spacing=\"small\" columns=\"3\" depth=\"3\" depth_hover=\"2\" slider_nav_style=\"circle\" slider_nav_color=\"light\" auto_slide=\"4000\" image_size=\"thumbnail\" image_hover=\"glow\" \/>                                  <div class=\"overlay fill\"\n                      style=\"background-color: rgba(0,0,0,.15)\">\n                  <\/div>\n                                                              <\/div>\n              <div class=\"box-text text-left\" >\n                 <p><\/p>\n              <\/div>\n            <\/div>\n            <\/a>          <\/div>\n         <\/div>\n                 <div class=\"gallery-col col\" >\n          <div class=\"col-inner\">\n            <a class=\"image-lightbox lightbox-gallery\" href=\"https:\/\/www.hotelvillaromanticparis.com\/wp-content\/uploads\/2022\/05\/chambre_406_04-1024x683.jpg\" title=\"\">            <div class=\"box has-hover gallery-box box-overlay dark\">\n              <div class=\"box-image image-glow box-shadow-3 box-shadow-2-hover\" >\n                <img decoding=\"async\" width=\"150\" height=\"150\" src=\"https:\/\/www.hotelvillaromanticparis.com\/wp-content\/uploads\/2022\/05\/chambre_406_04-150x150.jpg\" class=\"attachment-thumbnail size-thumbnail\" alt=\"\" ids=\"364,366,368,370,328,330,332,334\" lightbox_image_size=\"large\" type=\"slider\" col_spacing=\"small\" columns=\"3\" depth=\"3\" depth_hover=\"2\" slider_nav_style=\"circle\" slider_nav_color=\"light\" auto_slide=\"4000\" image_size=\"thumbnail\" image_hover=\"glow\" \/>                                  <div class=\"overlay fill\"\n                      style=\"background-color: rgba(0,0,0,.15)\">\n                  <\/div>\n                                                              <\/div>\n              <div class=\"box-text text-left\" >\n                 <p><\/p>\n              <\/div>\n            <\/div>\n            <\/a>          <\/div>\n         <\/div>\n         <\/div>\n\n\n\t\t<\/div>\n\t\t\t\t\t<\/div>\n\n\t\n\n<\/div>\n\n\t\t<\/div>\n\n\t\t\n<style>\n#section_830166502 {\n  padding-top: 30px;\n  padding-bottom: 30px;\n}\n<\/style>\n\t<\/section>\n\t\n\t<section class=\"section\" id=\"section_1130665811\">\n\t\t<div class=\"bg section-bg fill bg-fill  \" >\n\n\t\t\t\n\t\t\t\n\t\t\t\n\n\t\t<\/div>\n\n\t\t<div class=\"section-content relative\">\n\t\t\t\n\n<div class=\"row align-middle align-center\"  id=\"row-1076650617\">\n\n\n\t<div id=\"col-1805361352\" class=\"col small-12 large-12\"  >\n\t\t\t\t<div class=\"col-inner\"  >\n\t\t\t\n\t\t\t\n\n<h3 class=\"thin-font\" style=\"text-align: center; font-size:32px; color:#fff;\">Services und Ausstattung der zimmer<br \/>****<\/h3>\n\n\t\t<\/div>\n\t\t\t\t\n<style>\n#col-1805361352 > .col-inner {\n  margin: 50px 0px 0px 0px;\n}\n<\/style>\n\t<\/div>\n\n\t\n\n<\/div>\n\n\t\t<\/div>\n\n\t\t\n<style>\n#section_1130665811 {\n  padding-top: 0px;\n  padding-bottom: 0px;\n}\n#section_1130665811 .section-bg.bg-loaded {\n  background-image: url(https:\/\/www.hotelvillaromanticparis.com\/wp-content\/uploads\/2022\/05\/plateau.jpg);\n}\n#section_1130665811 .section-bg {\n  background-position: top;\n}\n<\/style>\n\t<\/section>\n\t\n\t<section class=\"section\" id=\"section_2059399890\">\n\t\t<div class=\"bg section-bg fill bg-fill  bg-loaded\" >\n\n\t\t\t\n\t\t\t\n\t\t\t\n\n\t\t<\/div>\n\n\t\t<div class=\"section-content relative\">\n\t\t\t\n\n<div class=\"row row-small align-center\"  id=\"row-494245037\">\n\n\n\t<div id=\"col-485614797\" class=\"col medium-6 small-12 large-6\"  >\n\t\t\t\t<div class=\"col-inner\"  >\n\t\t\t\n\t\t\t\n\n<ul>\n<li>Willkommenstablett: Nespresso, Wasserkocher, Tassen, Kaffee, Tee<\/li>\n<li>Pflegeartikel Sothys<\/li>\n<li>Kostenloses und unbegrenztes WLAN<\/li>\n<li>Flachbild-TV mit internationalen Sendern (beIN Sports)<\/li>\n<li>Minibar<\/li>\n<li>Safe<\/li>\n<li>Alle unsere Zimmer sind Nichtraucherzimmer, einschlie\u00dflich unserer Terrassen und unseres Innenhofs.<\/li>\n<\/ul>\n\n\n\t\t<\/div>\n\t\t\t\t\t<\/div>\n\n\t\n\n\t<div id=\"col-787582945\" class=\"col medium-6 small-12 large-6\"  >\n\t\t\t\t<div class=\"col-inner\"  >\n\t\t\t\n\t\t\t\n\n<ul>\n<li>Wasserflasche<\/li>\n<li>Blick auf Rue du Banquier oder Innenhof<\/li>\n<li>Schreibtisch mit Stuhl<\/li>\n<li>Badem\u00e4ntel und Hausschuhe<\/li>\n<li>Schrank mit Kleiderstange<\/li>\n<li>Nachttische mit Lampen<\/li>\n<li>In einigen Zimmern Badewanne<\/li>\n<\/ul>\n\n\t\t<\/div>\n\t\t\t\t\t<\/div>\n\n\t\n\n<\/div>\n\n\t\t<\/div>\n\n\t\t\n<style>\n#section_2059399890 {\n  padding-top: 50px;\n  padding-bottom: 50px;\n}\n<\/style>\n\t<\/section>\n\t\n\n","protected":false},"excerpt":{"rendered":"","protected":false},"author":1,"featured_media":0,"parent":0,"menu_order":0,"comment_status":"closed","ping_status":"closed","template":"page-blank.php","meta":{"footnotes":""},"class_list":["post-1098","page","type-page","status-publish","hentry"],"yoast_head":"<!-- This site is optimized with the Yoast SEO plugin v24.6 - https:\/\/yoast.com\/wordpress\/plugins\/seo\/ -->\n<title>Suite im Hotel Villa Romantic Paris<\/title>\n<meta name=\"description\" content=\"Die Suiten gleichen Liebeserkl\u00e4rungen, die einen f\u00fcr immer pr\u00e4gen. Die in K\u00f6nigsblau gehaltenen Zimmer mit kleinen luxuri\u00f6sen Farbtupfern in Gelb sind elegante R\u00fcckzugsorte mit verschiedenen Bereichen.\" \/>\n<meta name=\"robots\" content=\"index, follow, max-snippet:-1, max-image-preview:large, max-video-preview:-1\" \/>\n<link rel=\"canonical\" href=\"https:\/\/www.hotelvillaromanticparis.com\/de\/suite\/\" \/>\n<meta property=\"og:locale\" content=\"de_DE\" \/>\n<meta property=\"og:type\" content=\"article\" \/>\n<meta property=\"og:title\" content=\"Suite im Hotel Villa Romantic Paris\" \/>\n<meta property=\"og:description\" content=\"Die Suiten gleichen Liebeserkl\u00e4rungen, die einen f\u00fcr immer pr\u00e4gen. Die in K\u00f6nigsblau gehaltenen Zimmer mit kleinen luxuri\u00f6sen Farbtupfern in Gelb sind elegante R\u00fcckzugsorte mit verschiedenen Bereichen.\" \/>\n<meta property=\"og:url\" content=\"https:\/\/www.hotelvillaromanticparis.com\/de\/suite\/\" \/>\n<meta property=\"og:site_name\" content=\"Villa Romantic\" \/>\n<meta property=\"article:modified_time\" content=\"2025-05-08T16:47:37+00:00\" \/>\n<meta name=\"twitter:card\" content=\"summary_large_image\" \/>\n<meta name=\"twitter:label1\" content=\"Gesch\u00e4tzte Lesezeit\" \/>\n\t<meta name=\"twitter:data1\" content=\"2\u00a0Minuten\" \/>\n<script type=\"application\/ld+json\" class=\"yoast-schema-graph\">{\"@context\":\"https:\/\/schema.org\",\"@graph\":[{\"@type\":\"WebPage\",\"@id\":\"https:\/\/www.hotelvillaromanticparis.com\/de\/suite\/\",\"url\":\"https:\/\/www.hotelvillaromanticparis.com\/de\/suite\/\",\"name\":\"Suite im Hotel Villa Romantic Paris\",\"isPartOf\":{\"@id\":\"https:\/\/www.hotelvillaromanticparis.com\/#website\"},\"datePublished\":\"2022-05-10T04:28:54+00:00\",\"dateModified\":\"2025-05-08T16:47:37+00:00\",\"description\":\"Die Suiten gleichen Liebeserkl\u00e4rungen, die einen f\u00fcr immer pr\u00e4gen. Die in K\u00f6nigsblau gehaltenen Zimmer mit kleinen luxuri\u00f6sen Farbtupfern in Gelb sind elegante R\u00fcckzugsorte mit verschiedenen Bereichen.\",\"breadcrumb\":{\"@id\":\"https:\/\/www.hotelvillaromanticparis.com\/de\/suite\/#breadcrumb\"},\"inLanguage\":\"de\",\"potentialAction\":[{\"@type\":\"ReadAction\",\"target\":[\"https:\/\/www.hotelvillaromanticparis.com\/de\/suite\/\"]}]},{\"@type\":\"BreadcrumbList\",\"@id\":\"https:\/\/www.hotelvillaromanticparis.com\/de\/suite\/#breadcrumb\",\"itemListElement\":[{\"@type\":\"ListItem\",\"position\":1,\"name\":\"Accueil\",\"item\":\"https:\/\/www.hotelvillaromanticparis.com\/de\/\"},{\"@type\":\"ListItem\",\"position\":2,\"name\":\"Suite\"}]},{\"@type\":\"WebSite\",\"@id\":\"https:\/\/www.hotelvillaromanticparis.com\/#website\",\"url\":\"https:\/\/www.hotelvillaromanticparis.com\/\",\"name\":\"Villa Romantic\",\"description\":\"A proximit\u00e9 du quartier latin\",\"potentialAction\":[{\"@type\":\"SearchAction\",\"target\":{\"@type\":\"EntryPoint\",\"urlTemplate\":\"https:\/\/www.hotelvillaromanticparis.com\/?s={search_term_string}\"},\"query-input\":{\"@type\":\"PropertyValueSpecification\",\"valueRequired\":true,\"valueName\":\"search_term_string\"}}],\"inLanguage\":\"de\"}]}<\/script>\n<!-- \/ Yoast SEO plugin. -->","yoast_head_json":{"title":"Suite im Hotel Villa Romantic Paris","description":"Die Suiten gleichen Liebeserkl\u00e4rungen, die einen f\u00fcr immer pr\u00e4gen. Die in K\u00f6nigsblau gehaltenen Zimmer mit kleinen luxuri\u00f6sen Farbtupfern in Gelb sind elegante R\u00fcckzugsorte mit verschiedenen Bereichen.","robots":{"index":"index","follow":"follow","max-snippet":"max-snippet:-1","max-image-preview":"max-image-preview:large","max-video-preview":"max-video-preview:-1"},"canonical":"https:\/\/www.hotelvillaromanticparis.com\/de\/suite\/","og_locale":"de_DE","og_type":"article","og_title":"Suite im Hotel Villa Romantic Paris","og_description":"Die Suiten gleichen Liebeserkl\u00e4rungen, die einen f\u00fcr immer pr\u00e4gen. Die in K\u00f6nigsblau gehaltenen Zimmer mit kleinen luxuri\u00f6sen Farbtupfern in Gelb sind elegante R\u00fcckzugsorte mit verschiedenen Bereichen.","og_url":"https:\/\/www.hotelvillaromanticparis.com\/de\/suite\/","og_site_name":"Villa Romantic","article_modified_time":"2025-05-08T16:47:37+00:00","twitter_card":"summary_large_image","twitter_misc":{"Gesch\u00e4tzte Lesezeit":"2\u00a0Minuten"},"schema":{"@context":"https:\/\/schema.org","@graph":[{"@type":"WebPage","@id":"https:\/\/www.hotelvillaromanticparis.com\/de\/suite\/","url":"https:\/\/www.hotelvillaromanticparis.com\/de\/suite\/","name":"Suite im Hotel Villa Romantic Paris","isPartOf":{"@id":"https:\/\/www.hotelvillaromanticparis.com\/#website"},"datePublished":"2022-05-10T04:28:54+00:00","dateModified":"2025-05-08T16:47:37+00:00","description":"Die Suiten gleichen Liebeserkl\u00e4rungen, die einen f\u00fcr immer pr\u00e4gen. Die in K\u00f6nigsblau gehaltenen Zimmer mit kleinen luxuri\u00f6sen Farbtupfern in Gelb sind elegante R\u00fcckzugsorte mit verschiedenen Bereichen.","breadcrumb":{"@id":"https:\/\/www.hotelvillaromanticparis.com\/de\/suite\/#breadcrumb"},"inLanguage":"de","potentialAction":[{"@type":"ReadAction","target":["https:\/\/www.hotelvillaromanticparis.com\/de\/suite\/"]}]},{"@type":"BreadcrumbList","@id":"https:\/\/www.hotelvillaromanticparis.com\/de\/suite\/#breadcrumb","itemListElement":[{"@type":"ListItem","position":1,"name":"Accueil","item":"https:\/\/www.hotelvillaromanticparis.com\/de\/"},{"@type":"ListItem","position":2,"name":"Suite"}]},{"@type":"WebSite","@id":"https:\/\/www.hotelvillaromanticparis.com\/#website","url":"https:\/\/www.hotelvillaromanticparis.com\/","name":"Villa Romantic","description":"A proximit\u00e9 du quartier latin","potentialAction":[{"@type":"SearchAction","target":{"@type":"EntryPoint","urlTemplate":"https:\/\/www.hotelvillaromanticparis.com\/?s={search_term_string}"},"query-input":{"@type":"PropertyValueSpecification","valueRequired":true,"valueName":"search_term_string"}}],"inLanguage":"de"}]}},"_links":{"self":[{"href":"https:\/\/www.hotelvillaromanticparis.com\/de\/wp-json\/wp\/v2\/pages\/1098","targetHints":{"allow":["GET"]}}],"collection":[{"href":"https:\/\/www.hotelvillaromanticparis.com\/de\/wp-json\/wp\/v2\/pages"}],"about":[{"href":"https:\/\/www.hotelvillaromanticparis.com\/de\/wp-json\/wp\/v2\/types\/page"}],"author":[{"embeddable":true,"href":"https:\/\/www.hotelvillaromanticparis.com\/de\/wp-json\/wp\/v2\/users\/1"}],"replies":[{"embeddable":true,"href":"https:\/\/www.hotelvillaromanticparis.com\/de\/wp-json\/wp\/v2\/comments?post=1098"}],"version-history":[{"count":5,"href":"https:\/\/www.hotelvillaromanticparis.com\/de\/wp-json\/wp\/v2\/pages\/1098\/revisions"}],"predecessor-version":[{"id":2067,"href":"https:\/\/www.hotelvillaromanticparis.com\/de\/wp-json\/wp\/v2\/pages\/1098\/revisions\/2067"}],"wp:attachment":[{"href":"https:\/\/www.hotelvillaromanticparis.com\/de\/wp-json\/wp\/v2\/media?parent=1098"}],"curies":[{"name":"wp","href":"https:\/\/api.w.org\/{rel}","templated":true}]}}