{"id":1037,"date":"2022-05-10T05:27:54","date_gmt":"2022-05-10T03:27:54","guid":{"rendered":"https:\/\/www.hotelvillaromanticparis.com\/chambre-classique\/"},"modified":"2025-05-08T18:59:45","modified_gmt":"2025-05-08T16:59:45","slug":"habitaction-clasica","status":"publish","type":"page","link":"https:\/\/www.hotelvillaromanticparis.com\/es\/habitaction-clasica\/","title":{"rendered":"Chambre classique"},"content":{"rendered":"\n\t<section class=\"section\" id=\"section_807692171\">\n\t\t<div class=\"bg section-bg fill bg-fill  \" >\n\n\t\t\t\n\t\t\t\n\t\t\t\n\n\t\t<\/div>\n\n\t\t<div class=\"section-content relative\">\n\t\t\t\n\n\n\t\t<\/div>\n\n\t\t\n<style>\n#section_807692171 {\n  padding-top: 0px;\n  padding-bottom: 0px;\n  min-height: 450px;\n}\n#section_807692171 .section-bg.bg-loaded {\n  background-image: url(https:\/\/www.hotelvillaromanticparis.com\/wp-content\/uploads\/2022\/05\/chambre_408_01.jpg);\n}\n#section_807692171 .section-bg {\n  background-position: bottom;\n}\n<\/style>\n\t<\/section>\n\t\n\t<section class=\"section\" id=\"section_2011498999\">\n\t\t<div class=\"bg section-bg fill bg-fill  bg-loaded\" >\n\n\t\t\t\n\t\t\t\n\t\t\t\n\n\t\t<\/div>\n\n\t\t<div class=\"section-content relative\">\n\t\t\t\n\n<div class=\"row\"  id=\"row-36175616\">\n\n\n\t<div id=\"col-573444280\" class=\"col medium-6 small-12 large-6\"  >\n\t\t\t\t<div class=\"col-inner\"  >\n\t\t\t\n\t\t\t\n\n<h1 class=\"uppercase\" style=\"text-align: left;\">HABITACI\u00d3N DOBLE PEQUE\u00d1A<\/h1>\n<h2>1 a 2 personas \u2013 16m2 \u2013 Cama grande 140cm<\/h2>\n<p>Como un agradable romance durante las vacaciones, las habitaciones cl\u00e1sicas est\u00e1n dise\u00f1adas para ofrecerte bienestar, relax y un toque de ensue\u00f1o. <\/p>\n<p>Decoradas y equipadas con esmero, te permitir\u00e1n disfrutar de momentos de tranquilidad e intimidad despu\u00e9s de descubrir la ciudad. <\/p>\n<p>El acceso al spa durante 45 minutos al d\u00eda est\u00e1 incluido en el precio de la habitaci\u00f3n (tiempo no privado).<\/p>\n<a rel=\"noopener noreferrer\" href=\"https:\/\/www.secure-hotel-booking.com\/Villa-Romantic\/JS7Q\/es?hotelId=27083\" target=\"_blank\" class=\"button primary is-outline lowercase\"  >\n    <span>reservar esta habitaci\u00f3n<\/span>\n  <\/a>\n\n\n\n\t\t<\/div>\n\t\t\t\t\t<\/div>\n\n\t\n\n\t<div id=\"col-1013674465\" class=\"col medium-6 small-12 large-6\"  data-animate=\"fadeInRight\">\n\t\t\t\t<div class=\"col-inner\"  >\n\t\t\t\n\t\t\t\n\n<h2>Galer\u00eda de fotos<\/h2>\n<div class=\"is-divider divider clearfix\" ><\/div>\n\n\n  \n    <div class=\"row large-columns-3 medium-columns- small-columns-2 row-small slider row-slider slider-nav-circle slider-nav-light\"  data-flickity-options='{\"imagesLoaded\": true, \"groupCells\": \"100%\", \"dragThreshold\" : 5, \"cellAlign\": \"left\",\"wrapAround\": true,\"prevNextButtons\": true,\"percentPosition\": true,\"pageDots\": false, \"rightToLeft\": false, \"autoPlay\" : 4000}'>\n\n          <div class=\"gallery-col col\" >\n          <div class=\"col-inner\">\n            <a class=\"image-lightbox lightbox-gallery\" href=\"https:\/\/www.hotelvillaromanticparis.com\/wp-content\/uploads\/2022\/05\/chambre_304_03-1024x683.jpg\" title=\"\">            <div class=\"box has-hover gallery-box box-overlay dark\">\n              <div class=\"box-image image-glow box-shadow-3 box-shadow-2-hover\" >\n                <img decoding=\"async\" width=\"150\" height=\"150\" src=\"https:\/\/www.hotelvillaromanticparis.com\/wp-content\/uploads\/2022\/05\/chambre_304_03-150x150.jpg\" class=\"attachment-thumbnail size-thumbnail\" alt=\"\" ids=\"806,911,916,921,926,931,936,941\" lightbox_image_size=\"large\" type=\"slider\" col_spacing=\"small\" columns=\"3\" depth=\"3\" depth_hover=\"2\" slider_nav_style=\"circle\" slider_nav_color=\"light\" auto_slide=\"4000\" image_size=\"thumbnail\" image_hover=\"glow\" \/>                                  <div class=\"overlay fill\"\n                      style=\"background-color: rgba(0,0,0,.15)\">\n                  <\/div>\n                                                              <\/div>\n              <div class=\"box-text text-left\" >\n                 <p><\/p>\n              <\/div>\n            <\/div>\n            <\/a>          <\/div>\n         <\/div>\n                 <div class=\"gallery-col col\" >\n          <div class=\"col-inner\">\n            <a class=\"image-lightbox lightbox-gallery\" href=\"https:\/\/www.hotelvillaromanticparis.com\/wp-content\/uploads\/2022\/05\/chambre_408_01-1024x683.jpg\" title=\"\">            <div class=\"box has-hover gallery-box box-overlay dark\">\n              <div class=\"box-image image-glow box-shadow-3 box-shadow-2-hover\" >\n                <img decoding=\"async\" width=\"150\" height=\"150\" src=\"https:\/\/www.hotelvillaromanticparis.com\/wp-content\/uploads\/2022\/05\/chambre_408_01-150x150.jpg\" class=\"attachment-thumbnail size-thumbnail\" alt=\"\" ids=\"806,911,916,921,926,931,936,941\" lightbox_image_size=\"large\" type=\"slider\" col_spacing=\"small\" columns=\"3\" depth=\"3\" depth_hover=\"2\" slider_nav_style=\"circle\" slider_nav_color=\"light\" auto_slide=\"4000\" image_size=\"thumbnail\" image_hover=\"glow\" \/>                                  <div class=\"overlay fill\"\n                      style=\"background-color: rgba(0,0,0,.15)\">\n                  <\/div>\n                                                              <\/div>\n              <div class=\"box-text text-left\" >\n                 <p><\/p>\n              <\/div>\n            <\/div>\n            <\/a>          <\/div>\n         <\/div>\n                 <div class=\"gallery-col col\" >\n          <div class=\"col-inner\">\n            <a class=\"image-lightbox lightbox-gallery\" href=\"https:\/\/www.hotelvillaromanticparis.com\/wp-content\/uploads\/2022\/05\/chambre_408_02-682x1024.jpg\" title=\"\">            <div class=\"box has-hover gallery-box box-overlay dark\">\n              <div class=\"box-image image-glow box-shadow-3 box-shadow-2-hover\" >\n                <img decoding=\"async\" width=\"150\" height=\"150\" src=\"https:\/\/www.hotelvillaromanticparis.com\/wp-content\/uploads\/2022\/05\/chambre_408_02-150x150.jpg\" class=\"attachment-thumbnail size-thumbnail\" alt=\"\" ids=\"806,911,916,921,926,931,936,941\" lightbox_image_size=\"large\" type=\"slider\" col_spacing=\"small\" columns=\"3\" depth=\"3\" depth_hover=\"2\" slider_nav_style=\"circle\" slider_nav_color=\"light\" auto_slide=\"4000\" image_size=\"thumbnail\" image_hover=\"glow\" \/>                                  <div class=\"overlay fill\"\n                      style=\"background-color: rgba(0,0,0,.15)\">\n                  <\/div>\n                                                              <\/div>\n              <div class=\"box-text text-left\" >\n                 <p><\/p>\n              <\/div>\n            <\/div>\n            <\/a>          <\/div>\n         <\/div>\n                 <div class=\"gallery-col col\" >\n          <div class=\"col-inner\">\n            <a class=\"image-lightbox lightbox-gallery\" href=\"https:\/\/www.hotelvillaromanticparis.com\/wp-content\/uploads\/2022\/05\/chambre_408_03-682x1024.jpg\" title=\"\">            <div class=\"box has-hover gallery-box box-overlay dark\">\n              <div class=\"box-image image-glow box-shadow-3 box-shadow-2-hover\" >\n                <img decoding=\"async\" width=\"150\" height=\"150\" src=\"https:\/\/www.hotelvillaromanticparis.com\/wp-content\/uploads\/2022\/05\/chambre_408_03-150x150.jpg\" class=\"attachment-thumbnail size-thumbnail\" alt=\"\" ids=\"806,911,916,921,926,931,936,941\" lightbox_image_size=\"large\" type=\"slider\" col_spacing=\"small\" columns=\"3\" depth=\"3\" depth_hover=\"2\" slider_nav_style=\"circle\" slider_nav_color=\"light\" auto_slide=\"4000\" image_size=\"thumbnail\" image_hover=\"glow\" \/>                                  <div class=\"overlay fill\"\n                      style=\"background-color: rgba(0,0,0,.15)\">\n                  <\/div>\n                                                              <\/div>\n              <div class=\"box-text text-left\" >\n                 <p><\/p>\n              <\/div>\n            <\/div>\n            <\/a>          <\/div>\n         <\/div>\n                 <div class=\"gallery-col col\" >\n          <div class=\"col-inner\">\n            <a class=\"image-lightbox lightbox-gallery\" href=\"https:\/\/www.hotelvillaromanticparis.com\/wp-content\/uploads\/2022\/05\/chambre_408_04-683x1024.jpg\" title=\"\">            <div class=\"box has-hover gallery-box box-overlay dark\">\n              <div class=\"box-image image-glow box-shadow-3 box-shadow-2-hover\" >\n                <img decoding=\"async\" width=\"150\" height=\"150\" src=\"https:\/\/www.hotelvillaromanticparis.com\/wp-content\/uploads\/2022\/05\/chambre_408_04-150x150.jpg\" class=\"attachment-thumbnail size-thumbnail\" alt=\"\" ids=\"806,911,916,921,926,931,936,941\" lightbox_image_size=\"large\" type=\"slider\" col_spacing=\"small\" columns=\"3\" depth=\"3\" depth_hover=\"2\" slider_nav_style=\"circle\" slider_nav_color=\"light\" auto_slide=\"4000\" image_size=\"thumbnail\" image_hover=\"glow\" \/>                                  <div class=\"overlay fill\"\n                      style=\"background-color: rgba(0,0,0,.15)\">\n                  <\/div>\n                                                              <\/div>\n              <div class=\"box-text text-left\" >\n                 <p><\/p>\n              <\/div>\n            <\/div>\n            <\/a>          <\/div>\n         <\/div>\n                 <div class=\"gallery-col col\" >\n          <div class=\"col-inner\">\n            <a class=\"image-lightbox lightbox-gallery\" href=\"https:\/\/www.hotelvillaromanticparis.com\/wp-content\/uploads\/2022\/05\/chambre_410_01-1024x683.jpg\" title=\"\">            <div class=\"box has-hover gallery-box box-overlay dark\">\n              <div class=\"box-image image-glow box-shadow-3 box-shadow-2-hover\" >\n                <img decoding=\"async\" width=\"150\" height=\"150\" src=\"https:\/\/www.hotelvillaromanticparis.com\/wp-content\/uploads\/2022\/05\/chambre_410_01-150x150.jpg\" class=\"attachment-thumbnail size-thumbnail\" alt=\"\" ids=\"806,911,916,921,926,931,936,941\" lightbox_image_size=\"large\" type=\"slider\" col_spacing=\"small\" columns=\"3\" depth=\"3\" depth_hover=\"2\" slider_nav_style=\"circle\" slider_nav_color=\"light\" auto_slide=\"4000\" image_size=\"thumbnail\" image_hover=\"glow\" \/>                                  <div class=\"overlay fill\"\n                      style=\"background-color: rgba(0,0,0,.15)\">\n                  <\/div>\n                                                              <\/div>\n              <div class=\"box-text text-left\" >\n                 <p><\/p>\n              <\/div>\n            <\/div>\n            <\/a>          <\/div>\n         <\/div>\n                 <div class=\"gallery-col col\" >\n          <div class=\"col-inner\">\n            <a class=\"image-lightbox lightbox-gallery\" href=\"https:\/\/www.hotelvillaromanticparis.com\/wp-content\/uploads\/2022\/05\/chambre_410_02-1024x683.jpg\" title=\"\">            <div class=\"box has-hover gallery-box box-overlay dark\">\n              <div class=\"box-image image-glow box-shadow-3 box-shadow-2-hover\" >\n                <img decoding=\"async\" width=\"150\" height=\"150\" src=\"https:\/\/www.hotelvillaromanticparis.com\/wp-content\/uploads\/2022\/05\/chambre_410_02-150x150.jpg\" class=\"attachment-thumbnail size-thumbnail\" alt=\"\" ids=\"806,911,916,921,926,931,936,941\" lightbox_image_size=\"large\" type=\"slider\" col_spacing=\"small\" columns=\"3\" depth=\"3\" depth_hover=\"2\" slider_nav_style=\"circle\" slider_nav_color=\"light\" auto_slide=\"4000\" image_size=\"thumbnail\" image_hover=\"glow\" \/>                                  <div class=\"overlay fill\"\n                      style=\"background-color: rgba(0,0,0,.15)\">\n                  <\/div>\n                                                              <\/div>\n              <div class=\"box-text text-left\" >\n                 <p><\/p>\n              <\/div>\n            <\/div>\n            <\/a>          <\/div>\n         <\/div>\n                 <div class=\"gallery-col col\" >\n          <div class=\"col-inner\">\n            <a class=\"image-lightbox lightbox-gallery\" href=\"https:\/\/www.hotelvillaromanticparis.com\/wp-content\/uploads\/2022\/05\/chambre_410_03-683x1024.jpg\" title=\"\">            <div class=\"box has-hover gallery-box box-overlay dark\">\n              <div class=\"box-image image-glow box-shadow-3 box-shadow-2-hover\" >\n                <img decoding=\"async\" width=\"150\" height=\"150\" src=\"https:\/\/www.hotelvillaromanticparis.com\/wp-content\/uploads\/2022\/05\/chambre_410_03-150x150.jpg\" class=\"attachment-thumbnail size-thumbnail\" alt=\"\" ids=\"806,911,916,921,926,931,936,941\" lightbox_image_size=\"large\" type=\"slider\" col_spacing=\"small\" columns=\"3\" depth=\"3\" depth_hover=\"2\" slider_nav_style=\"circle\" slider_nav_color=\"light\" auto_slide=\"4000\" image_size=\"thumbnail\" image_hover=\"glow\" \/>                                  <div class=\"overlay fill\"\n                      style=\"background-color: rgba(0,0,0,.15)\">\n                  <\/div>\n                                                              <\/div>\n              <div class=\"box-text text-left\" >\n                 <p><\/p>\n              <\/div>\n            <\/div>\n            <\/a>          <\/div>\n         <\/div>\n         <\/div>\n\n\n\t\t<\/div>\n\t\t\t\t\t<\/div>\n\n\t\n\n<\/div>\n\n\t\t<\/div>\n\n\t\t\n<style>\n#section_2011498999 {\n  padding-top: 30px;\n  padding-bottom: 30px;\n}\n<\/style>\n\t<\/section>\n\t\n\t<section class=\"section\" id=\"section_200774532\">\n\t\t<div class=\"bg section-bg fill bg-fill  \" >\n\n\t\t\t\n\t\t\t\n\t\t\t\n\n\t\t<\/div>\n\n\t\t<div class=\"section-content relative\">\n\t\t\t\n\n<div class=\"row align-middle align-center\"  id=\"row-282497132\">\n\n\n\t<div id=\"col-2049124030\" class=\"col small-12 large-12\"  >\n\t\t\t\t<div class=\"col-inner\"  >\n\t\t\t\n\t\t\t\n\n<h3 class=\"thin-font\" style=\"text-align: center; font-size:32px; color:#fff;\">\nservicios y equipamientos en la habitaci\u00f3n<br \/>****<\/h3>\n\n\t\t<\/div>\n\t\t\t\t\n<style>\n#col-2049124030 > .col-inner {\n  margin: 50px 0px 0px 0px;\n}\n<\/style>\n\t<\/div>\n\n\t\n\n<\/div>\n\n\t\t<\/div>\n\n\t\t\n<style>\n#section_200774532 {\n  padding-top: 0px;\n  padding-bottom: 0px;\n}\n#section_200774532 .section-bg.bg-loaded {\n  background-image: url(https:\/\/www.hotelvillaromanticparis.com\/wp-content\/uploads\/2022\/05\/plateau.jpg);\n}\n#section_200774532 .section-bg {\n  background-position: top;\n}\n<\/style>\n\t<\/section>\n\t\n\t<section class=\"section\" id=\"section_1855157667\">\n\t\t<div class=\"bg section-bg fill bg-fill  bg-loaded\" >\n\n\t\t\t\n\t\t\t\n\t\t\t\n\n\t\t<\/div>\n\n\t\t<div class=\"section-content relative\">\n\t\t\t\n\n<div class=\"row row-small align-center\"  id=\"row-1066496545\">\n\n\n\t<div id=\"col-2122682283\" class=\"col medium-6 small-12 large-6\"  >\n\t\t\t\t<div class=\"col-inner\"  >\n\t\t\t\n\t\t\t\n\n<ul>\n<li>Bandeja de cortes\u00eda: Nespresso, hervidor, tazas, caf\u00e9, t\u00e9<\/li>\n<li>Productos de bienvenida Sothys<\/li>\n<li>Wifi gratuita e ilimitada<\/li>\n<li>Pantalla plana con cadenas internacionales (beIN Sports)<\/li>\n<li>Mini bar<\/li>\n<li>Caja fuerte<\/li>\n<li>Todas nuestras habitaciones son para no fumadores, incluidas las terrazas y el patio.<\/li>\n<\/ul>\n\n\n\t\t<\/div>\n\t\t\t\t\t<\/div>\n\n\t\n\n\t<div id=\"col-396587319\" class=\"col medium-6 small-12 large-6\"  >\n\t\t\t\t<div class=\"col-inner\"  >\n\t\t\t\n\t\t\t\n\n<ul>\n<li>Botella de agua<\/li>\n<li>Vistas sobre la calle du Banquier o patio interiorr<\/li>\n<li>Escritorio con silla <\/li>\n<li>Albornoces y zapatillas<\/li>\n<li>Armario con ropero<\/li>\n<li>Mesas de noche con l\u00e1mparas<\/li>\n<li>Ba\u00f1era en algunas habitaciones<\/li>\n<\/ul>\n\n\t\t<\/div>\n\t\t\t\t\t<\/div>\n\n\t\n\n<\/div>\n\n\t\t<\/div>\n\n\t\t\n<style>\n#section_1855157667 {\n  padding-top: 50px;\n  padding-bottom: 50px;\n}\n<\/style>\n\t<\/section>\n\t\n\n","protected":false},"excerpt":{"rendered":"","protected":false},"author":1,"featured_media":0,"parent":0,"menu_order":0,"comment_status":"closed","ping_status":"closed","template":"page-blank.php","meta":{"footnotes":""},"class_list":["post-1037","page","type-page","status-publish","hentry"],"yoast_head":"<!-- This site is optimized with the Yoast SEO plugin v24.6 - https:\/\/yoast.com\/wordpress\/plugins\/seo\/ -->\n<title>Habitacion cl\u00e1sica del hotel Villa Romantic Paris elegantes y c\u00f3modas<\/title>\n<meta name=\"description\" content=\"Como un agradable romance durante las vacaciones, las habitaciones cl\u00e1sicas est\u00e1n dise\u00f1adas para ofrecerte bienestar, relax y un toque de ensue\u00f1o\" \/>\n<meta name=\"robots\" content=\"index, follow, max-snippet:-1, max-image-preview:large, max-video-preview:-1\" \/>\n<link rel=\"canonical\" href=\"https:\/\/www.hotelvillaromanticparis.com\/es\/habitaction-clasica\/\" \/>\n<meta property=\"og:locale\" content=\"es_ES\" \/>\n<meta property=\"og:type\" content=\"article\" \/>\n<meta property=\"og:title\" content=\"Habitacion cl\u00e1sica del hotel Villa Romantic Paris elegantes y c\u00f3modas\" \/>\n<meta property=\"og:description\" content=\"Como un agradable romance durante las vacaciones, las habitaciones cl\u00e1sicas est\u00e1n dise\u00f1adas para ofrecerte bienestar, relax y un toque de ensue\u00f1o\" \/>\n<meta property=\"og:url\" content=\"https:\/\/www.hotelvillaromanticparis.com\/es\/habitaction-clasica\/\" \/>\n<meta property=\"og:site_name\" content=\"Villa Romantic\" \/>\n<meta property=\"article:modified_time\" content=\"2025-05-08T16:59:45+00:00\" \/>\n<meta name=\"twitter:card\" content=\"summary_large_image\" \/>\n<meta name=\"twitter:label1\" content=\"Tiempo de lectura\" \/>\n\t<meta name=\"twitter:data1\" content=\"1 minuto\" \/>\n<script type=\"application\/ld+json\" class=\"yoast-schema-graph\">{\"@context\":\"https:\/\/schema.org\",\"@graph\":[{\"@type\":\"WebPage\",\"@id\":\"https:\/\/www.hotelvillaromanticparis.com\/es\/habitaction-clasica\/\",\"url\":\"https:\/\/www.hotelvillaromanticparis.com\/es\/habitaction-clasica\/\",\"name\":\"Habitacion cl\u00e1sica del hotel Villa Romantic Paris elegantes y c\u00f3modas\",\"isPartOf\":{\"@id\":\"https:\/\/www.hotelvillaromanticparis.com\/#website\"},\"datePublished\":\"2022-05-10T03:27:54+00:00\",\"dateModified\":\"2025-05-08T16:59:45+00:00\",\"description\":\"Como un agradable romance durante las vacaciones, las habitaciones cl\u00e1sicas est\u00e1n dise\u00f1adas para ofrecerte bienestar, relax y un toque de ensue\u00f1o\",\"breadcrumb\":{\"@id\":\"https:\/\/www.hotelvillaromanticparis.com\/es\/habitaction-clasica\/#breadcrumb\"},\"inLanguage\":\"es\",\"potentialAction\":[{\"@type\":\"ReadAction\",\"target\":[\"https:\/\/www.hotelvillaromanticparis.com\/es\/habitaction-clasica\/\"]}]},{\"@type\":\"BreadcrumbList\",\"@id\":\"https:\/\/www.hotelvillaromanticparis.com\/es\/habitaction-clasica\/#breadcrumb\",\"itemListElement\":[{\"@type\":\"ListItem\",\"position\":1,\"name\":\"Accueil\",\"item\":\"https:\/\/www.hotelvillaromanticparis.com\/es\/\"},{\"@type\":\"ListItem\",\"position\":2,\"name\":\"Chambre classique\"}]},{\"@type\":\"WebSite\",\"@id\":\"https:\/\/www.hotelvillaromanticparis.com\/#website\",\"url\":\"https:\/\/www.hotelvillaromanticparis.com\/\",\"name\":\"Villa Romantic\",\"description\":\"A proximit\u00e9 du quartier latin\",\"potentialAction\":[{\"@type\":\"SearchAction\",\"target\":{\"@type\":\"EntryPoint\",\"urlTemplate\":\"https:\/\/www.hotelvillaromanticparis.com\/?s={search_term_string}\"},\"query-input\":{\"@type\":\"PropertyValueSpecification\",\"valueRequired\":true,\"valueName\":\"search_term_string\"}}],\"inLanguage\":\"es\"}]}<\/script>\n<!-- \/ Yoast SEO plugin. -->","yoast_head_json":{"title":"Habitacion cl\u00e1sica del hotel Villa Romantic Paris elegantes y c\u00f3modas","description":"Como un agradable romance durante las vacaciones, las habitaciones cl\u00e1sicas est\u00e1n dise\u00f1adas para ofrecerte bienestar, relax y un toque de ensue\u00f1o","robots":{"index":"index","follow":"follow","max-snippet":"max-snippet:-1","max-image-preview":"max-image-preview:large","max-video-preview":"max-video-preview:-1"},"canonical":"https:\/\/www.hotelvillaromanticparis.com\/es\/habitaction-clasica\/","og_locale":"es_ES","og_type":"article","og_title":"Habitacion cl\u00e1sica del hotel Villa Romantic Paris elegantes y c\u00f3modas","og_description":"Como un agradable romance durante las vacaciones, las habitaciones cl\u00e1sicas est\u00e1n dise\u00f1adas para ofrecerte bienestar, relax y un toque de ensue\u00f1o","og_url":"https:\/\/www.hotelvillaromanticparis.com\/es\/habitaction-clasica\/","og_site_name":"Villa Romantic","article_modified_time":"2025-05-08T16:59:45+00:00","twitter_card":"summary_large_image","twitter_misc":{"Tiempo de lectura":"1 minuto"},"schema":{"@context":"https:\/\/schema.org","@graph":[{"@type":"WebPage","@id":"https:\/\/www.hotelvillaromanticparis.com\/es\/habitaction-clasica\/","url":"https:\/\/www.hotelvillaromanticparis.com\/es\/habitaction-clasica\/","name":"Habitacion cl\u00e1sica del hotel Villa Romantic Paris elegantes y c\u00f3modas","isPartOf":{"@id":"https:\/\/www.hotelvillaromanticparis.com\/#website"},"datePublished":"2022-05-10T03:27:54+00:00","dateModified":"2025-05-08T16:59:45+00:00","description":"Como un agradable romance durante las vacaciones, las habitaciones cl\u00e1sicas est\u00e1n dise\u00f1adas para ofrecerte bienestar, relax y un toque de ensue\u00f1o","breadcrumb":{"@id":"https:\/\/www.hotelvillaromanticparis.com\/es\/habitaction-clasica\/#breadcrumb"},"inLanguage":"es","potentialAction":[{"@type":"ReadAction","target":["https:\/\/www.hotelvillaromanticparis.com\/es\/habitaction-clasica\/"]}]},{"@type":"BreadcrumbList","@id":"https:\/\/www.hotelvillaromanticparis.com\/es\/habitaction-clasica\/#breadcrumb","itemListElement":[{"@type":"ListItem","position":1,"name":"Accueil","item":"https:\/\/www.hotelvillaromanticparis.com\/es\/"},{"@type":"ListItem","position":2,"name":"Chambre classique"}]},{"@type":"WebSite","@id":"https:\/\/www.hotelvillaromanticparis.com\/#website","url":"https:\/\/www.hotelvillaromanticparis.com\/","name":"Villa Romantic","description":"A proximit\u00e9 du quartier latin","potentialAction":[{"@type":"SearchAction","target":{"@type":"EntryPoint","urlTemplate":"https:\/\/www.hotelvillaromanticparis.com\/?s={search_term_string}"},"query-input":{"@type":"PropertyValueSpecification","valueRequired":true,"valueName":"search_term_string"}}],"inLanguage":"es"}]}},"_links":{"self":[{"href":"https:\/\/www.hotelvillaromanticparis.com\/es\/wp-json\/wp\/v2\/pages\/1037","targetHints":{"allow":["GET"]}}],"collection":[{"href":"https:\/\/www.hotelvillaromanticparis.com\/es\/wp-json\/wp\/v2\/pages"}],"about":[{"href":"https:\/\/www.hotelvillaromanticparis.com\/es\/wp-json\/wp\/v2\/types\/page"}],"author":[{"embeddable":true,"href":"https:\/\/www.hotelvillaromanticparis.com\/es\/wp-json\/wp\/v2\/users\/1"}],"replies":[{"embeddable":true,"href":"https:\/\/www.hotelvillaromanticparis.com\/es\/wp-json\/wp\/v2\/comments?post=1037"}],"version-history":[{"count":8,"href":"https:\/\/www.hotelvillaromanticparis.com\/es\/wp-json\/wp\/v2\/pages\/1037\/revisions"}],"predecessor-version":[{"id":2092,"href":"https:\/\/www.hotelvillaromanticparis.com\/es\/wp-json\/wp\/v2\/pages\/1037\/revisions\/2092"}],"wp:attachment":[{"href":"https:\/\/www.hotelvillaromanticparis.com\/es\/wp-json\/wp\/v2\/media?parent=1037"}],"curies":[{"name":"wp","href":"https:\/\/api.w.org\/{rel}","templated":true}]}}