{"id":1079,"date":"2022-05-10T06:43:15","date_gmt":"2022-05-10T04:43:15","guid":{"rendered":"https:\/\/www.hotelvillaromanticparis.com\/piscine-spa\/"},"modified":"2026-02-20T15:25:42","modified_gmt":"2026-02-20T14:25:42","slug":"piscina-spa","status":"publish","type":"page","link":"https:\/\/www.hotelvillaromanticparis.com\/es\/piscina-spa\/","title":{"rendered":"Piscine &#038; spa"},"content":{"rendered":"\n\t<section class=\"section\" id=\"section_1975521601\">\n\t\t<div class=\"bg section-bg fill bg-fill  bg-loaded\" >\n\n\t\t\t\n\t\t\t\n\t\t\t\n\n\t\t<\/div>\n\n\t\t<div class=\"section-content relative\">\n\t\t\t\n\n<div class=\"row\"  id=\"row-1490225922\">\n\n\n\t<div id=\"col-1890001940\" class=\"col small-12 large-12\"  >\n\t\t\t\t<div class=\"col-inner\"  >\n\t\t\t\n\t\t\t\n\n<h1 class=\"uppercase\" style=\"text-align: center;\">EL SPA Y ESPACIO DE BIENESTAR: UN NIDO DE RELAX<\/h1>\n<p style=\"text-align: center;\">Una vez haya realizado su reserva, p\u00f3ngase en contacto con nosotros para concretar su hora de aceso a nuestro spa (45 mn, no privado).<\/p>\n<p style=\"text-align: center;color:#ff0000;\"><strong>No se permite el acceso de menores a la zona de spa y bienestar.<\/strong><\/p>\n\n\n\t\t<\/div>\n\t\t\t\t\n<style>\n#col-1890001940 > .col-inner {\n  margin: 50px 0px 0px 0px;\n}\n<\/style>\n\t<\/div>\n\n\t\n\n<\/div>\n<div class=\"row row-collapse row-full-width align-middle\"  id=\"row-824461146\">\n\n\n\t<div id=\"col-2144141092\" class=\"col medium-12 small-12 large-6\"  data-animate=\"fadeInLeft\">\n\t\t\t\t<div class=\"col-inner\"  >\n\t\t\t\n\t\t\t\n\n\t<div class=\"img has-hover x md-x lg-x y md-y lg-y\" id=\"image_371015474\">\n\t\t\t\t\t\t\t\t<div class=\"img-inner dark\" >\n\t\t\t<img decoding=\"async\" width=\"1500\" height=\"1000\" src=\"https:\/\/www.hotelvillaromanticparis.com\/wp-content\/uploads\/2022\/08\/Onglet-Piscine-et-jacuzzi.jpg\" class=\"attachment-original size-original\" alt=\"Piscine H\u00f4tel &amp; Spa Villa Romantic Paris\" srcset=\"https:\/\/www.hotelvillaromanticparis.com\/wp-content\/uploads\/2022\/08\/Onglet-Piscine-et-jacuzzi.jpg 1500w, https:\/\/www.hotelvillaromanticparis.com\/wp-content\/uploads\/2022\/08\/Onglet-Piscine-et-jacuzzi-300x200.jpg 300w, https:\/\/www.hotelvillaromanticparis.com\/wp-content\/uploads\/2022\/08\/Onglet-Piscine-et-jacuzzi-1024x683.jpg 1024w, https:\/\/www.hotelvillaromanticparis.com\/wp-content\/uploads\/2022\/08\/Onglet-Piscine-et-jacuzzi-768x512.jpg 768w\" sizes=\"(max-width: 1500px) 100vw, 1500px\" \/>\t\t\t\t\t\t\n\t\t\t\t\t<\/div>\n\t\t\t\t\t\t\t\t\n<style>\n#image_371015474 {\n  width: 100%;\n}\n<\/style>\n\t<\/div>\n\t\n\n\n\t\t<\/div>\n\t\t\t\t\t<\/div>\n\n\t\n\n\t<div id=\"col-1861646813\" class=\"col medium-12 small-12 large-6\"  data-animate=\"fadeInRight\">\n\t\t\t\t<div class=\"col-inner\"  >\n\t\t\t\n\t\t\t\n\n<h2>PISCINA Y JACUZZI<\/h2>\n<p>Bien oculto en las profundidades de la Villa, el espacio de bienestar te maravillar\u00e1 durante toda tu estancia.<\/p>\n<p>En cuanto abras la puerta, te seducir\u00e1 inmediatamente el calor suave y la belleza de los materiales del lugar. Luego, te dejar\u00e1s guiar por una luz azul, m\u00e1gica, que te llamar\u00e1 a unos pocos metros: la piscina y el jacuzzi te esperan para que te olvides de todo. <\/p>\n<p>Haz algunos largos en la magn\u00edfica masa de agua y, despu\u00e9s, vaga por la ba\u00f1era de hidromasaje para relajar tus m\u00fasculos y liberarte de la tensi\u00f3n. <\/p>\n<p><strong>Una pausa encantada que no olvidar\u00e1s f\u00e1cilmente. En una palabra: guau\u2026 <\/strong><\/p>\n\n\t\t<\/div>\n\t\t\t\t\n<style>\n#col-1861646813 > .col-inner {\n  padding: 20px 50px 20px 50px;\n}\n<\/style>\n\t<\/div>\n\n\t\n\n<\/div>\n<div class=\"text-center\"><div class=\"is-divider divider clearfix\" style=\"max-width:150px;\"><\/div><\/div>\n\n<div class=\"row row-collapse row-full-width align-middle\"  id=\"row-1765153574\">\n\n\n\t<div id=\"col-119910546\" class=\"col medium-12 small-12 large-6\"  data-animate=\"fadeInRight\">\n\t\t\t\t<div class=\"col-inner\"  >\n\t\t\t\n\t\t\t\n\n<h2>HAMMAM<\/h2>\n<p>Construido de manera tradicional, con mosaicos, el hammam es perfecto para relajarse profundamente y aliviar tanto el cuerpo como la mente. <\/p>\n<p>Bajo este para\u00edso abovedado con aires de spa oriental cargado de vapor h\u00famedo, te olvidar\u00e1s del estr\u00e9s de la ciudad, estimular\u00e1s el sistema tanto circulatorio como respiratorio y suavizaras tu piel. <\/p>\n<p><strong>Un placer que podr\u00e1s repetir tantas veces como quieras. <\/strong><\/p>\n\n\t\t<\/div>\n\t\t\t\t\n<style>\n#col-119910546 > .col-inner {\n  padding: 20px 50px 20px 50px;\n}\n<\/style>\n\t<\/div>\n\n\t\n\n\t<div id=\"col-918360386\" class=\"col medium-12 small-12 large-6 medium-col-first\"  data-animate=\"fadeInLeft\">\n\t\t\t\t<div class=\"col-inner\"  >\n\t\t\t\n\t\t\t\n\n\t<div class=\"img has-hover x md-x lg-x y md-y lg-y\" id=\"image_1061064833\">\n\t\t\t\t\t\t\t\t<div class=\"img-inner dark\" >\n\t\t\t<img decoding=\"async\" width=\"1920\" height=\"1280\" src=\"https:\/\/www.hotelvillaromanticparis.com\/wp-content\/uploads\/2022\/05\/spa_04.jpg\" class=\"attachment-original size-original\" alt=\"\" srcset=\"https:\/\/www.hotelvillaromanticparis.com\/wp-content\/uploads\/2022\/05\/spa_04.jpg 1920w, https:\/\/www.hotelvillaromanticparis.com\/wp-content\/uploads\/2022\/05\/spa_04-300x200.jpg 300w, https:\/\/www.hotelvillaromanticparis.com\/wp-content\/uploads\/2022\/05\/spa_04-1024x683.jpg 1024w, https:\/\/www.hotelvillaromanticparis.com\/wp-content\/uploads\/2022\/05\/spa_04-768x512.jpg 768w, https:\/\/www.hotelvillaromanticparis.com\/wp-content\/uploads\/2022\/05\/spa_04-1536x1024.jpg 1536w\" sizes=\"(max-width: 1920px) 100vw, 1920px\" \/>\t\t\t\t\t\t\n\t\t\t\t\t<\/div>\n\t\t\t\t\t\t\t\t\n<style>\n#image_1061064833 {\n  width: 100%;\n}\n<\/style>\n\t<\/div>\n\t\n\n\n\t\t<\/div>\n\t\t\t\t\t<\/div>\n\n\t\n\n<\/div>\n<div class=\"text-center\"><div class=\"is-divider divider clearfix\" style=\"max-width:150px;\"><\/div><\/div>\n\n<div class=\"row row-collapse row-full-width align-middle\"  id=\"row-323405236\">\n\n\n\t<div id=\"col-147911421\" class=\"col medium-12 small-12 large-6\"  data-animate=\"fadeInLeft\">\n\t\t\t\t<div class=\"col-inner\"  >\n\t\t\t\n\t\t\t\n\n\t<div class=\"img has-hover x md-x lg-x y md-y lg-y\" id=\"image_586425113\">\n\t\t\t\t\t\t\t\t<div class=\"img-inner dark\" >\n\t\t\t<img decoding=\"async\" width=\"1920\" height=\"1280\" src=\"https:\/\/www.hotelvillaromanticparis.com\/wp-content\/uploads\/2022\/05\/spa_02.jpg\" class=\"attachment-original size-original\" alt=\"\" srcset=\"https:\/\/www.hotelvillaromanticparis.com\/wp-content\/uploads\/2022\/05\/spa_02.jpg 1920w, https:\/\/www.hotelvillaromanticparis.com\/wp-content\/uploads\/2022\/05\/spa_02-300x200.jpg 300w, https:\/\/www.hotelvillaromanticparis.com\/wp-content\/uploads\/2022\/05\/spa_02-1024x683.jpg 1024w, https:\/\/www.hotelvillaromanticparis.com\/wp-content\/uploads\/2022\/05\/spa_02-768x512.jpg 768w, https:\/\/www.hotelvillaromanticparis.com\/wp-content\/uploads\/2022\/05\/spa_02-1536x1024.jpg 1536w\" sizes=\"(max-width: 1920px) 100vw, 1920px\" \/>\t\t\t\t\t\t\n\t\t\t\t\t<\/div>\n\t\t\t\t\t\t\t\t\n<style>\n#image_586425113 {\n  width: 100%;\n}\n<\/style>\n\t<\/div>\n\t\n\n\n\t\t<\/div>\n\t\t\t\t\t<\/div>\n\n\t\n\n\t<div id=\"col-1044150614\" class=\"col medium-12 small-12 large-6\"  data-animate=\"fadeInRight\">\n\t\t\t\t<div class=\"col-inner\"  >\n\t\t\t\n\t\t\t\n\n<h2>SAUNA CON SU MURO DE SAL DEL HIMALAYA<\/h2>\n<p>La sauna es uno de los secretos de belleza y relax mejor guardados de los pa\u00edses n\u00f3rdicos, famosos por ser aquellos en los que los habitantes son m\u00e1s felices. <\/p>\n<p>Ven a disfrutar de unos instantes de felicidad en nuestra sauna privada vestida con sal del Himalaya. Adem\u00e1s de las virtudes del calor ardiente y seco de la sauna, el muro de sal permite llenarse de sales minerales, oligoelementos y otros iones negativos que aportan todos los beneficios de un fin de semana en el mar, \u00a1pero sin salir de Par\u00eds! <\/p>\n<p>Despu\u00e9s de descansar en este espacio de relajaci\u00f3n intensa, refr\u00e9scate en nuestra fuente de hielo para revigorizarte y recuperar energ\u00eda. <\/p>\n<p>Saldr\u00e1s de buen humor y aliviado y tu sue\u00f1o ser\u00e1 a\u00fan mejor. Una experiencia \u00fanica que podr\u00e1s vivir en nuestra Villa&#8230;<\/p>\n\n\t\t<\/div>\n\t\t\t\t\n<style>\n#col-1044150614 > .col-inner {\n  padding: 20px 50px 20px 50px;\n}\n<\/style>\n\t<\/div>\n\n\t\n\n<\/div>\n<div class=\"text-center\"><div class=\"is-divider divider clearfix\" style=\"max-width:150px;\"><\/div><\/div>\n\n<div class=\"row row-collapse row-full-width align-middle\"  id=\"row-1548305360\">\n\n\n\t<div id=\"col-370134402\" class=\"col medium-12 small-12 large-6\"  data-animate=\"fadeInRight\">\n\t\t\t\t<div class=\"col-inner\"  >\n\t\t\t\n\t\t\t\n\n<h2>ESPACIO FITNESS<\/h2>\n<p>No dejes que tu estancia se interponga entre tu entrenamiento deportivo y t\u00fa. <\/p>\n<p>Para ello, el hotel ha dise\u00f1ado un gimnasio elegante y eficiente con el estilo de una caba\u00f1a escandinava. <\/p>\n<p>Equipado con las m\u00e1quinas m\u00e1s modernas, podr\u00e1s practicar la carrera a pie, el remo o la musculaci\u00f3n tranquilamente. Tambi\u00e9n tienes a tu disposici\u00f3n toallas y esterillas. <\/p>\n<p>Todo est\u00e1 dise\u00f1ado para motivarte, estimularte y recompensarte despu\u00e9s gracias a todas las propuestas de bienestar de la casa. <\/p>\n\n\t\t<\/div>\n\t\t\t\t\n<style>\n#col-370134402 > .col-inner {\n  padding: 20px 50px 20px 50px;\n}\n<\/style>\n\t<\/div>\n\n\t\n\n\t<div id=\"col-201548613\" class=\"col medium-12 small-12 large-6 medium-col-first\"  data-animate=\"fadeInLeft\">\n\t\t\t\t<div class=\"col-inner\"  >\n\t\t\t\n\t\t\t\n\n\t<div class=\"img has-hover x md-x lg-x y md-y lg-y\" id=\"image_893843033\">\n\t\t\t\t\t\t\t\t<div class=\"img-inner dark\" >\n\t\t\t<img decoding=\"async\" width=\"1920\" height=\"1280\" src=\"https:\/\/www.hotelvillaromanticparis.com\/wp-content\/uploads\/2022\/05\/spa_03.jpg\" class=\"attachment-original size-original\" alt=\"\" srcset=\"https:\/\/www.hotelvillaromanticparis.com\/wp-content\/uploads\/2022\/05\/spa_03.jpg 1920w, https:\/\/www.hotelvillaromanticparis.com\/wp-content\/uploads\/2022\/05\/spa_03-300x200.jpg 300w, https:\/\/www.hotelvillaromanticparis.com\/wp-content\/uploads\/2022\/05\/spa_03-1024x683.jpg 1024w, https:\/\/www.hotelvillaromanticparis.com\/wp-content\/uploads\/2022\/05\/spa_03-768x512.jpg 768w, https:\/\/www.hotelvillaromanticparis.com\/wp-content\/uploads\/2022\/05\/spa_03-1536x1024.jpg 1536w\" sizes=\"(max-width: 1920px) 100vw, 1920px\" \/>\t\t\t\t\t\t\n\t\t\t\t\t<\/div>\n\t\t\t\t\t\t\t\t\n<style>\n#image_893843033 {\n  width: 100%;\n}\n<\/style>\n\t<\/div>\n\t\n\n\n\t\t<\/div>\n\t\t\t\t\t<\/div>\n\n\t\n\n<\/div>\n<div class=\"text-center\"><div class=\"is-divider divider clearfix\" style=\"max-width:150px;\"><\/div><\/div>\n\n<div class=\"row row-collapse row-full-width align-middle\"  id=\"row-145365451\">\n\n\n\t<div id=\"col-321652258\" class=\"col medium-12 small-12 large-6\"  data-animate=\"fadeInLeft\">\n\t\t\t\t<div class=\"col-inner\"  >\n\t\t\t\n\t\t\t\n\n\t<div class=\"img has-hover x md-x lg-x y md-y lg-y\" id=\"image_1765095350\">\n\t\t\t\t\t\t\t\t<div class=\"img-inner dark\" >\n\t\t\t<img decoding=\"async\" width=\"1200\" height=\"800\" src=\"https:\/\/www.hotelvillaromanticparis.com\/wp-content\/uploads\/2022\/06\/massage-villa-romantic-paris.jpg\" class=\"attachment-original size-original\" alt=\"\" srcset=\"https:\/\/www.hotelvillaromanticparis.com\/wp-content\/uploads\/2022\/06\/massage-villa-romantic-paris.jpg 1200w, https:\/\/www.hotelvillaromanticparis.com\/wp-content\/uploads\/2022\/06\/massage-villa-romantic-paris-300x200.jpg 300w, https:\/\/www.hotelvillaromanticparis.com\/wp-content\/uploads\/2022\/06\/massage-villa-romantic-paris-1024x683.jpg 1024w, https:\/\/www.hotelvillaromanticparis.com\/wp-content\/uploads\/2022\/06\/massage-villa-romantic-paris-768x512.jpg 768w\" sizes=\"(max-width: 1200px) 100vw, 1200px\" \/>\t\t\t\t\t\t\n\t\t\t\t\t<\/div>\n\t\t\t\t\t\t\t\t\n<style>\n#image_1765095350 {\n  width: 100%;\n}\n<\/style>\n\t<\/div>\n\t\n\n\n\t\t<\/div>\n\t\t\t\t\t<\/div>\n\n\t\n\n\t<div id=\"col-372142383\" class=\"col medium-12 small-12 large-6\"  data-animate=\"fadeInRight\">\n\t\t\t\t<div class=\"col-inner\"  >\n\t\t\t\n\t\t\t\n\n<h2>MASAJE PREVIA RESERVA <\/h2>\n<p>En una habitaci\u00f3n agradable situada en el patio vegetal, disfruta de momentos de suavidad y de un bienestar intenso bajo la experta mano de nuestros masajistas.<\/p>\n<p>Din\u00e1mico para recargar energ\u00eda, relajante para recuperarte, profundo para aliviar las tensiones&#8230; <\/p>\n<p>Escoge el masaje que m\u00e1s te convenga y d\u00e9jate llevar por el relax durante una pausa fuera del tiempo. <\/p>\n\n\t\t<\/div>\n\t\t\t\t\n<style>\n#col-372142383 > .col-inner {\n  padding: 20px 50px 20px 50px;\n}\n<\/style>\n\t<\/div>\n\n\t\n\n<\/div>\n\n\t\t<\/div>\n\n\t\t\n<style>\n#section_1975521601 {\n  padding-top: 30px;\n  padding-bottom: 30px;\n}\n<\/style>\n\t<\/section>\n\t\n\n","protected":false},"excerpt":{"rendered":"","protected":false},"author":1,"featured_media":0,"parent":0,"menu_order":0,"comment_status":"closed","ping_status":"closed","template":"page-blank.php","meta":{"footnotes":""},"class_list":["post-1079","page","type-page","status-publish","hentry"],"yoast_head":"<!-- This site is optimized with the Yoast SEO plugin v24.6 - https:\/\/yoast.com\/wordpress\/plugins\/seo\/ -->\n<title>PISCINA - EL ESPACIO SPA Y BIENESTAR: UN NIDO DE RELAX<\/title>\n<meta name=\"description\" content=\"El espacio de bienestar te maravillar\u00e1 durante toda tu estancia. En cuanto abras la puerta, te seducir\u00e1 inmediatamente el calor suave y la belleza de los materiales del lugar.\" \/>\n<meta name=\"robots\" content=\"index, follow, max-snippet:-1, max-image-preview:large, max-video-preview:-1\" \/>\n<link rel=\"canonical\" href=\"https:\/\/www.hotelvillaromanticparis.com\/es\/piscina-spa\/\" \/>\n<meta property=\"og:locale\" content=\"es_ES\" \/>\n<meta property=\"og:type\" content=\"article\" \/>\n<meta property=\"og:title\" content=\"PISCINA - EL ESPACIO SPA Y BIENESTAR: UN NIDO DE RELAX\" \/>\n<meta property=\"og:description\" content=\"El espacio de bienestar te maravillar\u00e1 durante toda tu estancia. En cuanto abras la puerta, te seducir\u00e1 inmediatamente el calor suave y la belleza de los materiales del lugar.\" \/>\n<meta property=\"og:url\" content=\"https:\/\/www.hotelvillaromanticparis.com\/es\/piscina-spa\/\" \/>\n<meta property=\"og:site_name\" content=\"Villa Romantic\" \/>\n<meta property=\"article:modified_time\" content=\"2026-02-20T14:25:42+00:00\" \/>\n<meta name=\"twitter:card\" content=\"summary_large_image\" \/>\n<meta name=\"twitter:label1\" content=\"Tiempo de lectura\" \/>\n\t<meta name=\"twitter:data1\" content=\"4 minutos\" \/>\n<script type=\"application\/ld+json\" class=\"yoast-schema-graph\">{\"@context\":\"https:\/\/schema.org\",\"@graph\":[{\"@type\":\"WebPage\",\"@id\":\"https:\/\/www.hotelvillaromanticparis.com\/es\/piscina-spa\/\",\"url\":\"https:\/\/www.hotelvillaromanticparis.com\/es\/piscina-spa\/\",\"name\":\"PISCINA - EL ESPACIO SPA Y BIENESTAR: UN NIDO DE RELAX\",\"isPartOf\":{\"@id\":\"https:\/\/www.hotelvillaromanticparis.com\/#website\"},\"datePublished\":\"2022-05-10T04:43:15+00:00\",\"dateModified\":\"2026-02-20T14:25:42+00:00\",\"description\":\"El espacio de bienestar te maravillar\u00e1 durante toda tu estancia. En cuanto abras la puerta, te seducir\u00e1 inmediatamente el calor suave y la belleza de los materiales del lugar.\",\"breadcrumb\":{\"@id\":\"https:\/\/www.hotelvillaromanticparis.com\/es\/piscina-spa\/#breadcrumb\"},\"inLanguage\":\"es\",\"potentialAction\":[{\"@type\":\"ReadAction\",\"target\":[\"https:\/\/www.hotelvillaromanticparis.com\/es\/piscina-spa\/\"]}]},{\"@type\":\"BreadcrumbList\",\"@id\":\"https:\/\/www.hotelvillaromanticparis.com\/es\/piscina-spa\/#breadcrumb\",\"itemListElement\":[{\"@type\":\"ListItem\",\"position\":1,\"name\":\"Accueil\",\"item\":\"https:\/\/www.hotelvillaromanticparis.com\/es\/\"},{\"@type\":\"ListItem\",\"position\":2,\"name\":\"Piscine &#038; spa\"}]},{\"@type\":\"WebSite\",\"@id\":\"https:\/\/www.hotelvillaromanticparis.com\/#website\",\"url\":\"https:\/\/www.hotelvillaromanticparis.com\/\",\"name\":\"Villa Romantic\",\"description\":\"A proximit\u00e9 du quartier latin\",\"potentialAction\":[{\"@type\":\"SearchAction\",\"target\":{\"@type\":\"EntryPoint\",\"urlTemplate\":\"https:\/\/www.hotelvillaromanticparis.com\/?s={search_term_string}\"},\"query-input\":{\"@type\":\"PropertyValueSpecification\",\"valueRequired\":true,\"valueName\":\"search_term_string\"}}],\"inLanguage\":\"es\"}]}<\/script>\n<!-- \/ Yoast SEO plugin. -->","yoast_head_json":{"title":"PISCINA - EL ESPACIO SPA Y BIENESTAR: UN NIDO DE RELAX","description":"El espacio de bienestar te maravillar\u00e1 durante toda tu estancia. En cuanto abras la puerta, te seducir\u00e1 inmediatamente el calor suave y la belleza de los materiales del lugar.","robots":{"index":"index","follow":"follow","max-snippet":"max-snippet:-1","max-image-preview":"max-image-preview:large","max-video-preview":"max-video-preview:-1"},"canonical":"https:\/\/www.hotelvillaromanticparis.com\/es\/piscina-spa\/","og_locale":"es_ES","og_type":"article","og_title":"PISCINA - EL ESPACIO SPA Y BIENESTAR: UN NIDO DE RELAX","og_description":"El espacio de bienestar te maravillar\u00e1 durante toda tu estancia. En cuanto abras la puerta, te seducir\u00e1 inmediatamente el calor suave y la belleza de los materiales del lugar.","og_url":"https:\/\/www.hotelvillaromanticparis.com\/es\/piscina-spa\/","og_site_name":"Villa Romantic","article_modified_time":"2026-02-20T14:25:42+00:00","twitter_card":"summary_large_image","twitter_misc":{"Tiempo de lectura":"4 minutos"},"schema":{"@context":"https:\/\/schema.org","@graph":[{"@type":"WebPage","@id":"https:\/\/www.hotelvillaromanticparis.com\/es\/piscina-spa\/","url":"https:\/\/www.hotelvillaromanticparis.com\/es\/piscina-spa\/","name":"PISCINA - EL ESPACIO SPA Y BIENESTAR: UN NIDO DE RELAX","isPartOf":{"@id":"https:\/\/www.hotelvillaromanticparis.com\/#website"},"datePublished":"2022-05-10T04:43:15+00:00","dateModified":"2026-02-20T14:25:42+00:00","description":"El espacio de bienestar te maravillar\u00e1 durante toda tu estancia. En cuanto abras la puerta, te seducir\u00e1 inmediatamente el calor suave y la belleza de los materiales del lugar.","breadcrumb":{"@id":"https:\/\/www.hotelvillaromanticparis.com\/es\/piscina-spa\/#breadcrumb"},"inLanguage":"es","potentialAction":[{"@type":"ReadAction","target":["https:\/\/www.hotelvillaromanticparis.com\/es\/piscina-spa\/"]}]},{"@type":"BreadcrumbList","@id":"https:\/\/www.hotelvillaromanticparis.com\/es\/piscina-spa\/#breadcrumb","itemListElement":[{"@type":"ListItem","position":1,"name":"Accueil","item":"https:\/\/www.hotelvillaromanticparis.com\/es\/"},{"@type":"ListItem","position":2,"name":"Piscine &#038; spa"}]},{"@type":"WebSite","@id":"https:\/\/www.hotelvillaromanticparis.com\/#website","url":"https:\/\/www.hotelvillaromanticparis.com\/","name":"Villa Romantic","description":"A proximit\u00e9 du quartier latin","potentialAction":[{"@type":"SearchAction","target":{"@type":"EntryPoint","urlTemplate":"https:\/\/www.hotelvillaromanticparis.com\/?s={search_term_string}"},"query-input":{"@type":"PropertyValueSpecification","valueRequired":true,"valueName":"search_term_string"}}],"inLanguage":"es"}]}},"_links":{"self":[{"href":"https:\/\/www.hotelvillaromanticparis.com\/es\/wp-json\/wp\/v2\/pages\/1079","targetHints":{"allow":["GET"]}}],"collection":[{"href":"https:\/\/www.hotelvillaromanticparis.com\/es\/wp-json\/wp\/v2\/pages"}],"about":[{"href":"https:\/\/www.hotelvillaromanticparis.com\/es\/wp-json\/wp\/v2\/types\/page"}],"author":[{"embeddable":true,"href":"https:\/\/www.hotelvillaromanticparis.com\/es\/wp-json\/wp\/v2\/users\/1"}],"replies":[{"embeddable":true,"href":"https:\/\/www.hotelvillaromanticparis.com\/es\/wp-json\/wp\/v2\/comments?post=1079"}],"version-history":[{"count":12,"href":"https:\/\/www.hotelvillaromanticparis.com\/es\/wp-json\/wp\/v2\/pages\/1079\/revisions"}],"predecessor-version":[{"id":2172,"href":"https:\/\/www.hotelvillaromanticparis.com\/es\/wp-json\/wp\/v2\/pages\/1079\/revisions\/2172"}],"wp:attachment":[{"href":"https:\/\/www.hotelvillaromanticparis.com\/es\/wp-json\/wp\/v2\/media?parent=1079"}],"curies":[{"name":"wp","href":"https:\/\/api.w.org\/{rel}","templated":true}]}}