{"id":1090,"date":"2022-05-10T07:35:16","date_gmt":"2022-05-10T05:35:16","guid":{"rendered":"https:\/\/www.hotelvillaromanticparis.com\/services\/"},"modified":"2023-11-28T16:07:03","modified_gmt":"2023-11-28T15:07:03","slug":"servicios","status":"publish","type":"page","link":"https:\/\/www.hotelvillaromanticparis.com\/es\/servicios\/","title":{"rendered":"Services"},"content":{"rendered":"\n\t<section class=\"section\" id=\"section_915076248\">\n\t\t<div class=\"bg section-bg fill bg-fill  bg-loaded\" >\n\n\t\t\t\n\t\t\t\n\t\t\t\n\n\t\t<\/div>\n\n\t\t<div class=\"section-content relative\">\n\t\t\t\n\n<div class=\"row\"  id=\"row-274249173\">\n\n\n\t<div id=\"col-1519513277\" class=\"col small-12 large-12\"  >\n\t\t\t\t<div class=\"col-inner\"  >\n\t\t\t\n\t\t\t\n\n<h1 class=\"uppercase\" style=\"text-align: center;\">SERVICIOS PENSADOS PARA TI<\/h1>\n\n\t\t<\/div>\n\t\t\t\t\n<style>\n#col-1519513277 > .col-inner {\n  margin: 50px 0px 0px 0px;\n}\n<\/style>\n\t<\/div>\n\n\t\n\n<\/div>\n<div class=\"row row-collapse row-full-width align-middle\"  id=\"row-1056113918\">\n\n\n\t<div id=\"col-2103625560\" class=\"col medium-12 small-12 large-6\"  data-animate=\"fadeInLeft\">\n\t\t\t\t<div class=\"col-inner\"  >\n\t\t\t\n\t\t\t\n\n\t<div class=\"img has-hover x md-x lg-x y md-y lg-y\" id=\"image_1495865359\">\n\t\t\t\t\t\t\t\t<div class=\"img-inner dark\" >\n\t\t\t<img decoding=\"async\" width=\"1500\" height=\"1000\" src=\"https:\/\/www.hotelvillaromanticparis.com\/wp-content\/uploads\/2022\/08\/Onglet-Services-Nos-Services.jpg\" class=\"attachment-original size-original\" alt=\"Services H\u00f4tel &amp; Spa Villa Romantic Paris\" srcset=\"https:\/\/www.hotelvillaromanticparis.com\/wp-content\/uploads\/2022\/08\/Onglet-Services-Nos-Services.jpg 1500w, https:\/\/www.hotelvillaromanticparis.com\/wp-content\/uploads\/2022\/08\/Onglet-Services-Nos-Services-300x200.jpg 300w, https:\/\/www.hotelvillaromanticparis.com\/wp-content\/uploads\/2022\/08\/Onglet-Services-Nos-Services-1024x683.jpg 1024w, https:\/\/www.hotelvillaromanticparis.com\/wp-content\/uploads\/2022\/08\/Onglet-Services-Nos-Services-768x512.jpg 768w\" sizes=\"(max-width: 1500px) 100vw, 1500px\" \/>\t\t\t\t\t\t\n\t\t\t\t\t<\/div>\n\t\t\t\t\t\t\t\t\n<style>\n#image_1495865359 {\n  width: 100%;\n}\n<\/style>\n\t<\/div>\n\t\n\n\n\t\t<\/div>\n\t\t\t\t\t<\/div>\n\n\t\n\n\t<div id=\"col-1775396095\" class=\"col medium-12 small-12 large-6\"  data-animate=\"fadeInRight\">\n\t\t\t\t<div class=\"col-inner\"  >\n\t\t\t\n\t\t\t\n\n<h2>NUESTROS SERVICIOS<\/h2>\n<p>El Villa Romantic es un oasis situado en pleno coraz\u00f3n de la ciudad. Hemos prestado una atenci\u00f3n muy especial a los espacios comunes, a las habitaciones y a los espacios de bienestar para poder crear universos decorativos \u00fanicos, un ambiente c\u00e1lido y refinado y peque\u00f1as atenciones y servicios que facilitar\u00e1n tu vida cotidiana. <\/p>\n<p>El aroma a jazm\u00edn del patio, los peque\u00f1os y agradables salones en los que podr\u00e1s instalarte para saborear una copa de vino o leer un libro&#8230; Todo se ha pensado para que crees recuerdos y pases momentos inolvidables.<\/p>\n\n\t\t<\/div>\n\t\t\t\t\n<style>\n#col-1775396095 > .col-inner {\n  padding: 20px 50px 20px 50px;\n}\n<\/style>\n\t<\/div>\n\n\t\n\n<\/div>\n<div class=\"text-center\"><div class=\"is-divider divider clearfix\" style=\"max-width:150px;\"><\/div><\/div>\n\n<div class=\"row row-collapse row-full-width align-middle\"  id=\"row-270344810\">\n\n\n\t<div id=\"col-2067704471\" class=\"col medium-12 small-12 large-6\"  data-animate=\"fadeInRight\">\n\t\t\t\t<div class=\"col-inner\"  >\n\t\t\t\n\t\t\t\n\n<h2>DESAYUNO<\/h2>\n<p>Para que empieces el d\u00eda a la francesa, el Villa Romantic te ofrece un desayuno tipo bufet bien surtido. Bebidas calientes, zumos, boller\u00eda y pan, cereales y dulces, fruta y l\u00e1cteos\u2026 <\/p>\n<p>Nos hemos centrado en la calidad y el sabor para deleitarte y ofrecerte un anticipo de toda la riqueza de nuestra gastronom\u00eda. <\/p>\n<p>De 7:00 a 11:00, inst\u00e1late c\u00f3modamente en un banco colorido y acogedor de una bonita sala dedicada y decorada con elegantes inspiraciones Art D\u00e9co.<\/p>\n\n\t\t<\/div>\n\t\t\t\t\n<style>\n#col-2067704471 > .col-inner {\n  padding: 20px 50px 20px 50px;\n}\n<\/style>\n\t<\/div>\n\n\t\n\n\t<div id=\"col-923505992\" class=\"col medium-12 small-12 large-6 medium-col-first\"  data-animate=\"fadeInLeft\">\n\t\t\t\t<div class=\"col-inner\"  >\n\t\t\t\n\t\t\t\n\n\t<div class=\"img has-hover x md-x lg-x y md-y lg-y\" id=\"image_594656576\">\n\t\t\t\t\t\t\t\t<div class=\"img-inner dark\" >\n\t\t\t<img decoding=\"async\" width=\"1500\" height=\"1000\" src=\"https:\/\/www.hotelvillaromanticparis.com\/wp-content\/uploads\/2022\/08\/Onglet-Services-Petit-dejeuner.jpg\" class=\"attachment-original size-original\" alt=\"Piscine H\u00f4tel &amp; Spa Villa Romantic Paris\" srcset=\"https:\/\/www.hotelvillaromanticparis.com\/wp-content\/uploads\/2022\/08\/Onglet-Services-Petit-dejeuner.jpg 1500w, https:\/\/www.hotelvillaromanticparis.com\/wp-content\/uploads\/2022\/08\/Onglet-Services-Petit-dejeuner-300x200.jpg 300w, https:\/\/www.hotelvillaromanticparis.com\/wp-content\/uploads\/2022\/08\/Onglet-Services-Petit-dejeuner-1024x683.jpg 1024w, https:\/\/www.hotelvillaromanticparis.com\/wp-content\/uploads\/2022\/08\/Onglet-Services-Petit-dejeuner-768x512.jpg 768w\" sizes=\"(max-width: 1500px) 100vw, 1500px\" \/>\t\t\t\t\t\t\n\t\t\t\t\t<\/div>\n\t\t\t\t\t\t\t\t\n<style>\n#image_594656576 {\n  width: 100%;\n}\n<\/style>\n\t<\/div>\n\t\n\n\n\t\t<\/div>\n\t\t\t\t\t<\/div>\n\n\t\n\n<\/div>\n<div class=\"text-center\"><div class=\"is-divider divider clearfix\" style=\"max-width:150px;\"><\/div><\/div>\n\n<div class=\"row row-collapse row-full-width align-middle\"  id=\"row-1587809112\">\n\n\n\t<div id=\"col-2114068643\" class=\"col medium-12 small-12 large-6\"  data-animate=\"fadeInLeft\">\n\t\t\t\t<div class=\"col-inner\"  >\n\t\t\t\n\t\t\t\n\n\t<div class=\"img has-hover x md-x lg-x y md-y lg-y\" id=\"image_377875244\">\n\t\t\t\t\t\t\t\t<div class=\"img-inner dark\" >\n\t\t\t<img decoding=\"async\" width=\"1500\" height=\"1000\" src=\"https:\/\/www.hotelvillaromanticparis.com\/wp-content\/uploads\/2022\/08\/Onglet-Services-Conciergerie.jpg\" class=\"attachment-original size-original\" alt=\"Piscine H\u00f4tel &amp; Spa Villa Romantic Paris\" srcset=\"https:\/\/www.hotelvillaromanticparis.com\/wp-content\/uploads\/2022\/08\/Onglet-Services-Conciergerie.jpg 1500w, https:\/\/www.hotelvillaromanticparis.com\/wp-content\/uploads\/2022\/08\/Onglet-Services-Conciergerie-300x200.jpg 300w, https:\/\/www.hotelvillaromanticparis.com\/wp-content\/uploads\/2022\/08\/Onglet-Services-Conciergerie-1024x683.jpg 1024w, https:\/\/www.hotelvillaromanticparis.com\/wp-content\/uploads\/2022\/08\/Onglet-Services-Conciergerie-768x512.jpg 768w\" sizes=\"(max-width: 1500px) 100vw, 1500px\" \/>\t\t\t\t\t\t\n\t\t\t\t\t<\/div>\n\t\t\t\t\t\t\t\t\n<style>\n#image_377875244 {\n  width: 100%;\n}\n<\/style>\n\t<\/div>\n\t\n\n\n\t\t<\/div>\n\t\t\t\t\t<\/div>\n\n\t\n\n\t<div id=\"col-1498275692\" class=\"col medium-12 small-12 large-6\"  data-animate=\"fadeInRight\">\n\t\t\t\t<div class=\"col-inner\"  >\n\t\t\t\n\t\t\t\n\n<h2>CONSERJER\u00cdA<\/h2>\n<p>\u00bfTe apetece descubrir un buen restaurante, reservar una visita, una excursi\u00f3n, una salida o conocer los mejores lugares del barrio o algunas an\u00e9cdotas sobre la ciudad? Nuestro equipo amable y apasionado responder\u00e1 a todas tus preguntas y colmar\u00e1 todos tus deseos. <\/p>\n<p>Aqu\u00ed, \u00abservicio al cliente atento\u00bb y \u00abbienestar\u00bb son las palabras que nos definen a la hora de satisfacerte y las que marcar\u00e1n tu estancia en la ciudad m\u00e1s bonita del mundo. <\/p>\n\n\t\t<\/div>\n\t\t\t\t\n<style>\n#col-1498275692 > .col-inner {\n  padding: 20px 50px 20px 50px;\n}\n<\/style>\n\t<\/div>\n\n\t\n\n<\/div>\n<div class=\"text-center\"><div class=\"is-divider divider clearfix\" style=\"max-width:150px;\"><\/div><\/div>\n\n<div class=\"row row-collapse row-full-width align-middle\"  id=\"row-55356632\">\n\n\n\t<div id=\"col-1254138008\" class=\"col medium-12 small-12 large-6\"  data-animate=\"fadeInRight\">\n\t\t\t\t<div class=\"col-inner\"  >\n\t\t\t\n\t\t\t\n\n<h2>APARCAMIENTO PREVIA RESERVA &#8211; Sujeto a disponibilidad el d\u00eda de llegada (35 euros por noche)<\/h2>\n<p>El hotel pone a tu disposici\u00f3n plazas de aparcamiento muy pr\u00f3ximos al hotel.  Perfecto para que aparques tu veh\u00edculo de un modo seguro.<\/p>\n<h2>TODOS LOS SERVICIOS<\/h2>\n<ul style=\"line-height: 16px;\">\n<li>Desayuno de 7:00 a 11:00<\/li>\n<li>Servicio de conserjer\u00eda<\/li>\n<li>Aparcamiento<\/li>\n<li>Espacio de bienestar<\/li>\n<li>Bar con dispensador de vino<\/li>\n<li>Servicio de habitaciones<\/li>\n<li>Servicio de lavander\u00eda<\/li>\n<li>Productos de bienvenida adicionales disponibles bajo demanda (cepillos de dientes, maquinillas de afeitar, calzadores, sets femeninos\u2026)<\/li>\n<li>Biblioteca<\/li>\n<li>Prensa y peri\u00f3dicos electr\u00f3nicos<\/li>\n<\/ul>\n\n\n\t\t<\/div>\n\t\t\t\t\n<style>\n#col-1254138008 > .col-inner {\n  padding: 20px 50px 20px 50px;\n}\n<\/style>\n\t<\/div>\n\n\t\n\n\t<div id=\"col-1902315164\" class=\"col medium-12 small-12 large-6 medium-col-first\"  data-animate=\"fadeInLeft\">\n\t\t\t\t<div class=\"col-inner\"  >\n\t\t\t\n\t\t\t\n\n\t<div class=\"img has-hover x md-x lg-x y md-y lg-y\" id=\"image_287354329\">\n\t\t\t\t\t\t\t\t<div class=\"img-inner dark\" >\n\t\t\t<img decoding=\"async\" width=\"1500\" height=\"1000\" src=\"https:\/\/www.hotelvillaromanticparis.com\/wp-content\/uploads\/2022\/08\/Ongle-Services-Parking.jpg\" class=\"attachment-original size-original\" alt=\"Piscine H\u00f4tel &amp; Spa Villa Romantic Paris\" srcset=\"https:\/\/www.hotelvillaromanticparis.com\/wp-content\/uploads\/2022\/08\/Ongle-Services-Parking.jpg 1500w, https:\/\/www.hotelvillaromanticparis.com\/wp-content\/uploads\/2022\/08\/Ongle-Services-Parking-300x200.jpg 300w, https:\/\/www.hotelvillaromanticparis.com\/wp-content\/uploads\/2022\/08\/Ongle-Services-Parking-1024x683.jpg 1024w, https:\/\/www.hotelvillaromanticparis.com\/wp-content\/uploads\/2022\/08\/Ongle-Services-Parking-768x512.jpg 768w\" sizes=\"(max-width: 1500px) 100vw, 1500px\" \/>\t\t\t\t\t\t\n\t\t\t\t\t<\/div>\n\t\t\t\t\t\t\t\t\n<style>\n#image_287354329 {\n  width: 100%;\n}\n<\/style>\n\t<\/div>\n\t\n\n\n\t\t<\/div>\n\t\t\t\t\t<\/div>\n\n\t\n\n<\/div>\n\n\t\t<\/div>\n\n\t\t\n<style>\n#section_915076248 {\n  padding-top: 30px;\n  padding-bottom: 30px;\n}\n<\/style>\n\t<\/section>\n\t\n\n","protected":false},"excerpt":{"rendered":"","protected":false},"author":1,"featured_media":0,"parent":0,"menu_order":0,"comment_status":"closed","ping_status":"closed","template":"page-blank.php","meta":{"footnotes":""},"class_list":["post-1090","page","type-page","status-publish","hentry"],"yoast_head":"<!-- This site is optimized with the Yoast SEO plugin v24.6 - https:\/\/yoast.com\/wordpress\/plugins\/seo\/ -->\n<title>SERVICIOS PENSADOS PARA TI - H\u00f4tel Villa Romantic Paris<\/title>\n<meta name=\"description\" content=\"La Villa Romantic es un oasis situado en pleno coraz\u00f3n de la ciudad. Hemos prestado una atenci\u00f3n muy especial a los espacios de vida, a las habitaciones y a los espacios de bienestar para poder crear universos decorativos \u00fanicos, un ambiente c\u00e1lido y refinado y peque\u00f1as atenciones y servicios que facilitar\u00e1n tu vida cotidiana.\" \/>\n<meta name=\"robots\" content=\"index, follow, max-snippet:-1, max-image-preview:large, max-video-preview:-1\" \/>\n<link rel=\"canonical\" href=\"https:\/\/www.hotelvillaromanticparis.com\/es\/servicios\/\" \/>\n<meta property=\"og:locale\" content=\"es_ES\" \/>\n<meta property=\"og:type\" content=\"article\" \/>\n<meta property=\"og:title\" content=\"SERVICIOS PENSADOS PARA TI - H\u00f4tel Villa Romantic Paris\" \/>\n<meta property=\"og:description\" content=\"La Villa Romantic es un oasis situado en pleno coraz\u00f3n de la ciudad. Hemos prestado una atenci\u00f3n muy especial a los espacios de vida, a las habitaciones y a los espacios de bienestar para poder crear universos decorativos \u00fanicos, un ambiente c\u00e1lido y refinado y peque\u00f1as atenciones y servicios que facilitar\u00e1n tu vida cotidiana.\" \/>\n<meta property=\"og:url\" content=\"https:\/\/www.hotelvillaromanticparis.com\/es\/servicios\/\" \/>\n<meta property=\"og:site_name\" content=\"Villa Romantic\" \/>\n<meta property=\"article:modified_time\" content=\"2023-11-28T15:07:03+00:00\" \/>\n<meta name=\"twitter:card\" content=\"summary_large_image\" \/>\n<meta name=\"twitter:label1\" content=\"Tiempo de lectura\" \/>\n\t<meta name=\"twitter:data1\" content=\"3 minutos\" \/>\n<script type=\"application\/ld+json\" class=\"yoast-schema-graph\">{\"@context\":\"https:\/\/schema.org\",\"@graph\":[{\"@type\":\"WebPage\",\"@id\":\"https:\/\/www.hotelvillaromanticparis.com\/es\/servicios\/\",\"url\":\"https:\/\/www.hotelvillaromanticparis.com\/es\/servicios\/\",\"name\":\"SERVICIOS PENSADOS PARA TI - H\u00f4tel Villa Romantic Paris\",\"isPartOf\":{\"@id\":\"https:\/\/www.hotelvillaromanticparis.com\/#website\"},\"datePublished\":\"2022-05-10T05:35:16+00:00\",\"dateModified\":\"2023-11-28T15:07:03+00:00\",\"description\":\"La Villa Romantic es un oasis situado en pleno coraz\u00f3n de la ciudad. Hemos prestado una atenci\u00f3n muy especial a los espacios de vida, a las habitaciones y a los espacios de bienestar para poder crear universos decorativos \u00fanicos, un ambiente c\u00e1lido y refinado y peque\u00f1as atenciones y servicios que facilitar\u00e1n tu vida cotidiana.\",\"breadcrumb\":{\"@id\":\"https:\/\/www.hotelvillaromanticparis.com\/es\/servicios\/#breadcrumb\"},\"inLanguage\":\"es\",\"potentialAction\":[{\"@type\":\"ReadAction\",\"target\":[\"https:\/\/www.hotelvillaromanticparis.com\/es\/servicios\/\"]}]},{\"@type\":\"BreadcrumbList\",\"@id\":\"https:\/\/www.hotelvillaromanticparis.com\/es\/servicios\/#breadcrumb\",\"itemListElement\":[{\"@type\":\"ListItem\",\"position\":1,\"name\":\"Accueil\",\"item\":\"https:\/\/www.hotelvillaromanticparis.com\/es\/\"},{\"@type\":\"ListItem\",\"position\":2,\"name\":\"Services\"}]},{\"@type\":\"WebSite\",\"@id\":\"https:\/\/www.hotelvillaromanticparis.com\/#website\",\"url\":\"https:\/\/www.hotelvillaromanticparis.com\/\",\"name\":\"Villa Romantic\",\"description\":\"A proximit\u00e9 du quartier latin\",\"potentialAction\":[{\"@type\":\"SearchAction\",\"target\":{\"@type\":\"EntryPoint\",\"urlTemplate\":\"https:\/\/www.hotelvillaromanticparis.com\/?s={search_term_string}\"},\"query-input\":{\"@type\":\"PropertyValueSpecification\",\"valueRequired\":true,\"valueName\":\"search_term_string\"}}],\"inLanguage\":\"es\"}]}<\/script>\n<!-- \/ Yoast SEO plugin. -->","yoast_head_json":{"title":"SERVICIOS PENSADOS PARA TI - H\u00f4tel Villa Romantic Paris","description":"La Villa Romantic es un oasis situado en pleno coraz\u00f3n de la ciudad. Hemos prestado una atenci\u00f3n muy especial a los espacios de vida, a las habitaciones y a los espacios de bienestar para poder crear universos decorativos \u00fanicos, un ambiente c\u00e1lido y refinado y peque\u00f1as atenciones y servicios que facilitar\u00e1n tu vida cotidiana.","robots":{"index":"index","follow":"follow","max-snippet":"max-snippet:-1","max-image-preview":"max-image-preview:large","max-video-preview":"max-video-preview:-1"},"canonical":"https:\/\/www.hotelvillaromanticparis.com\/es\/servicios\/","og_locale":"es_ES","og_type":"article","og_title":"SERVICIOS PENSADOS PARA TI - H\u00f4tel Villa Romantic Paris","og_description":"La Villa Romantic es un oasis situado en pleno coraz\u00f3n de la ciudad. Hemos prestado una atenci\u00f3n muy especial a los espacios de vida, a las habitaciones y a los espacios de bienestar para poder crear universos decorativos \u00fanicos, un ambiente c\u00e1lido y refinado y peque\u00f1as atenciones y servicios que facilitar\u00e1n tu vida cotidiana.","og_url":"https:\/\/www.hotelvillaromanticparis.com\/es\/servicios\/","og_site_name":"Villa Romantic","article_modified_time":"2023-11-28T15:07:03+00:00","twitter_card":"summary_large_image","twitter_misc":{"Tiempo de lectura":"3 minutos"},"schema":{"@context":"https:\/\/schema.org","@graph":[{"@type":"WebPage","@id":"https:\/\/www.hotelvillaromanticparis.com\/es\/servicios\/","url":"https:\/\/www.hotelvillaromanticparis.com\/es\/servicios\/","name":"SERVICIOS PENSADOS PARA TI - H\u00f4tel Villa Romantic Paris","isPartOf":{"@id":"https:\/\/www.hotelvillaromanticparis.com\/#website"},"datePublished":"2022-05-10T05:35:16+00:00","dateModified":"2023-11-28T15:07:03+00:00","description":"La Villa Romantic es un oasis situado en pleno coraz\u00f3n de la ciudad. Hemos prestado una atenci\u00f3n muy especial a los espacios de vida, a las habitaciones y a los espacios de bienestar para poder crear universos decorativos \u00fanicos, un ambiente c\u00e1lido y refinado y peque\u00f1as atenciones y servicios que facilitar\u00e1n tu vida cotidiana.","breadcrumb":{"@id":"https:\/\/www.hotelvillaromanticparis.com\/es\/servicios\/#breadcrumb"},"inLanguage":"es","potentialAction":[{"@type":"ReadAction","target":["https:\/\/www.hotelvillaromanticparis.com\/es\/servicios\/"]}]},{"@type":"BreadcrumbList","@id":"https:\/\/www.hotelvillaromanticparis.com\/es\/servicios\/#breadcrumb","itemListElement":[{"@type":"ListItem","position":1,"name":"Accueil","item":"https:\/\/www.hotelvillaromanticparis.com\/es\/"},{"@type":"ListItem","position":2,"name":"Services"}]},{"@type":"WebSite","@id":"https:\/\/www.hotelvillaromanticparis.com\/#website","url":"https:\/\/www.hotelvillaromanticparis.com\/","name":"Villa Romantic","description":"A proximit\u00e9 du quartier latin","potentialAction":[{"@type":"SearchAction","target":{"@type":"EntryPoint","urlTemplate":"https:\/\/www.hotelvillaromanticparis.com\/?s={search_term_string}"},"query-input":{"@type":"PropertyValueSpecification","valueRequired":true,"valueName":"search_term_string"}}],"inLanguage":"es"}]}},"_links":{"self":[{"href":"https:\/\/www.hotelvillaromanticparis.com\/es\/wp-json\/wp\/v2\/pages\/1090","targetHints":{"allow":["GET"]}}],"collection":[{"href":"https:\/\/www.hotelvillaromanticparis.com\/es\/wp-json\/wp\/v2\/pages"}],"about":[{"href":"https:\/\/www.hotelvillaromanticparis.com\/es\/wp-json\/wp\/v2\/types\/page"}],"author":[{"embeddable":true,"href":"https:\/\/www.hotelvillaromanticparis.com\/es\/wp-json\/wp\/v2\/users\/1"}],"replies":[{"embeddable":true,"href":"https:\/\/www.hotelvillaromanticparis.com\/es\/wp-json\/wp\/v2\/comments?post=1090"}],"version-history":[{"count":8,"href":"https:\/\/www.hotelvillaromanticparis.com\/es\/wp-json\/wp\/v2\/pages\/1090\/revisions"}],"predecessor-version":[{"id":1872,"href":"https:\/\/www.hotelvillaromanticparis.com\/es\/wp-json\/wp\/v2\/pages\/1090\/revisions\/1872"}],"wp:attachment":[{"href":"https:\/\/www.hotelvillaromanticparis.com\/es\/wp-json\/wp\/v2\/media?parent=1090"}],"curies":[{"name":"wp","href":"https:\/\/api.w.org\/{rel}","templated":true}]}}