{"id":1096,"date":"2022-05-10T10:21:51","date_gmt":"2022-05-10T08:21:51","guid":{"rendered":"https:\/\/www.hotelvillaromanticparis.com\/situation\/"},"modified":"2023-03-10T15:23:35","modified_gmt":"2023-03-10T14:23:35","slug":"ubicacion","status":"publish","type":"page","link":"https:\/\/www.hotelvillaromanticparis.com\/es\/ubicacion\/","title":{"rendered":"Situation"},"content":{"rendered":"\n\t<section class=\"section\" id=\"section_1101088012\">\n\t\t<div class=\"bg section-bg fill bg-fill  bg-loaded\" >\n\n\t\t\t\n\t\t\t\n\t\t\t\n\n\t\t<\/div>\n\n\t\t<div class=\"section-content relative\">\n\t\t\t\n\n\n\n<iframe src=\"https:\/\/www.google.com\/maps\/embed?pb=!1m18!1m12!1m3!1d28044.369212313868!2d2.3277332279492517!3d48.835471187676134!2m3!1f0!2f0!3f0!3m2!1i1024!2i768!4f13.1!3m3!1m2!1s0x47e6718d6743e3b5%3A0x3cb97253fd71a31f!2s35%20Rue%20du%20Banquier%2C%2075013%20Paris!5e0!3m2!1sfr!2sfr!4v1653886409517!5m2!1sfr!2sfr\" width=\"100%\" height=\"450\" style=\"border:0;\" allowfullscreen=\"\" loading=\"lazy\" referrerpolicy=\"no-referrer-when-downgrade\"><\/iframe>\n\n\n\t\t<\/div>\n\n\t\t\n<style>\n#section_1101088012 {\n  padding-top: 0px;\n  padding-bottom: 0px;\n  min-height: 400px;\n}\n<\/style>\n\t<\/section>\n\t\n\t<section class=\"section\" id=\"section_409844289\">\n\t\t<div class=\"bg section-bg fill bg-fill  bg-loaded\" >\n\n\t\t\t\n\t\t\t\n\t\t\t\n\n\t\t<\/div>\n\n\t\t<div class=\"section-content relative\">\n\t\t\t\n\n<div class=\"row\"  id=\"row-953155232\">\n\n\n\t<div id=\"col-873992167\" class=\"col small-12 large-12\"  >\n\t\t\t\t<div class=\"col-inner\"  >\n\t\t\t\n\t\t\t\n\n<h1 class=\"uppercase\" style=\"text-align: center;\">UNA SITUACI\u00d3N DE ENSUE\u00d1O EN PLENO CORAZ\u00d3N DE PAR\u00cdS<\/h1>\n\n\t\t<\/div>\n\t\t\t\t\t<\/div>\n\n\t\n\n<\/div>\n<div class=\"row\"  id=\"row-2087050840\">\n\n\n\t<div id=\"col-1552173064\" class=\"col small-12 large-12\"  data-animate=\"fadeInRight\">\n\t\t\t\t<div class=\"col-inner\"  >\n\t\t\t\n\t\t\t\n\n<p>Con una ubicaci\u00f3n ideal y muy bien comunicada por transporte p\u00fablico, el Villa Romantic te permitir\u00e1 recorrer todo Par\u00eds muy f\u00e1cilmente y salir a descubrir todos los tesoros que la ciudad ofrece. <\/p>\n<p>Podr\u00e1s llegar hasta la \u00d3pera, los grandes almacenes, el Louvre, Notre Dame y la Torre Eiffel mediante una l\u00ednea directa de metro, as\u00ed como pasear por los muelles del Sena o por las calles encantadoras y llenas de historia del Barrio Latino, a menos de 20 minutos a pie. <\/p>\n<p>Ya est\u00e9s en Par\u00eds por negocios o por placer, te encantar\u00e1 su ubicaci\u00f3n central, pero tambi\u00e9n la tranquilidad y la dulzura de vivir del entorno, las cuales te permitir\u00e1n recuperar fuerzas.<\/p>\n\n\n\t\t<\/div>\n\t\t\t\t\t<\/div>\n\n\t\n\n<\/div>\n\n\t\t<\/div>\n\n\t\t\n<style>\n#section_409844289 {\n  padding-top: 30px;\n  padding-bottom: 30px;\n}\n<\/style>\n\t<\/section>\n\t\n\t<section class=\"section\" id=\"section_1417730744\">\n\t\t<div class=\"bg section-bg fill bg-fill  bg-loaded\" >\n\n\t\t\t\n\t\t\t\n\t\t\t\n\n\t\t<\/div>\n\n\t\t<div class=\"section-content relative\">\n\t\t\t\n\n<div class=\"row row-small row-full-width align-middle align-center\"  id=\"row-98240838\">\n\n\n\t<div id=\"col-346165146\" class=\"col medium-6 small-12 large-6\"  data-animate=\"fadeInLeft\">\n\t\t\t\t<div class=\"col-inner\"  >\n\t\t\t\n\t\t\t\n\n\t<div class=\"img has-hover x md-x lg-x y md-y lg-y\" id=\"image_2086819746\">\n\t\t\t\t\t\t\t\t<div class=\"img-inner dark\" >\n\t\t\t<img decoding=\"async\" width=\"1020\" height=\"680\" src=\"https:\/\/www.hotelvillaromanticparis.com\/wp-content\/uploads\/2021\/12\/hotel-villa-romantic-2-1024x683.jpg\" class=\"attachment-large size-large\" alt=\"\" srcset=\"https:\/\/www.hotelvillaromanticparis.com\/wp-content\/uploads\/2021\/12\/hotel-villa-romantic-2-1024x683.jpg 1024w, https:\/\/www.hotelvillaromanticparis.com\/wp-content\/uploads\/2021\/12\/hotel-villa-romantic-2-300x200.jpg 300w, https:\/\/www.hotelvillaromanticparis.com\/wp-content\/uploads\/2021\/12\/hotel-villa-romantic-2-768x512.jpg 768w, https:\/\/www.hotelvillaromanticparis.com\/wp-content\/uploads\/2021\/12\/hotel-villa-romantic-2.jpg 1200w\" sizes=\"(max-width: 1020px) 100vw, 1020px\" \/>\t\t\t\t\t\t\n\t\t\t\t\t<\/div>\n\t\t\t\t\t\t\t\t\n<style>\n#image_2086819746 {\n  width: 100%;\n}\n<\/style>\n\t<\/div>\n\t\n\n\n\t\t<\/div>\n\t\t\t\t\t<\/div>\n\n\t\n\n\t<div id=\"col-363083573\" class=\"col medium-6 small-12 large-6\"  data-animate=\"fadeInRight\">\n\t\t\t\t<div class=\"col-inner\"  >\n\t\t\t\n\t\t\t\n\n<h2>UN BARRIO T\u00cdPICAMENTE PARISINO<\/h2>\n<p>El Barrio Les Gobelins y de la plaza d\u2019Italie es perfecto para pasear, explorar y maravillarse. A pocos minutos del hotel, no puedes perderte la alegre calle Mouffetard, el centro comercial Italie Deux, la sala de espect\u00e1culos y conciertos Accor Arena Bercy, la Manufacture des Gobelins (una de las f\u00e1bricasde tapicer\u00eda m\u00e1s famosas del mundo) y el Jard\u00edn de Plantas, con las galer\u00edas del Museo de Historia Natural y su zoo.<\/p>\n<p>Adem\u00e1s de la posibilidad de descubrir la Ciudad de la Luz, el Villa Romantic te permitir\u00e1 disfrutar de todo el arte de vivir de los parisinos. Aqu\u00ed, podr\u00e1s sentarte en una terraza para tomar una bebida, comprar un cruas\u00e1n en alguna de las numerosas panader\u00edas tradicionales, instalarte para cenar en los mejores restaurantes de los alrededores, ir de compras por las bonitas tiendas o dejarte llevar y disfrutar de todos los placeres del barrio a cualquier hora y seg\u00fan te apetezca. <\/p>\n\n\n\t\t<\/div>\n\t\t\t\t\n<style>\n#col-363083573 > .col-inner {\n  padding: 30px 30px 30px 30px;\n}\n<\/style>\n\t<\/div>\n\n\t\n\n<\/div>\n\n\t\t<\/div>\n\n\t\t\n<style>\n#section_1417730744 {\n  padding-top: 0px;\n  padding-bottom: 0px;\n}\n<\/style>\n\t<\/section>\n\t\n\t<section class=\"section\" id=\"section_228295134\">\n\t\t<div class=\"bg section-bg fill bg-fill  bg-loaded\" >\n\n\t\t\t\n\t\t\t\n\t\t\t\n\n\t\t<\/div>\n\n\t\t<div class=\"section-content relative\">\n\t\t\t\n\n<div class=\"row row-small row-full-width align-middle align-center\"  id=\"row-1224362209\">\n\n\n\t<div id=\"col-1465864060\" class=\"col medium-6 small-12 large-6\"  data-animate=\"fadeInLeft\">\n\t\t\t\t<div class=\"col-inner\"  >\n\t\t\t\n\t\t\t\n\n<h2 style=\"text-align: center;\">\u00bfC\u00d3MO LLEGAR?<\/h2>\n<h3>EN METRO<\/h3>\n<p><strong>L\u00ednea 7:<\/strong> Les Gobelins a 5 min<br \/><strong>L\u00ednea 5:<\/strong> Campo-Formio a 5 min<br \/><strong>L\u00ednea 6:<\/strong> Place d\u2019Italie a 9 min<\/p>\n<h3>EN AVI\u00d3N<\/h3>\n<p><strong>Roissy Charles de Gaulle:<\/strong> Desde Roissy Charles de Gaulle, puedes tomar el RER B hasta Denfert Rochereau; despu\u00e9s, coge la l\u00ednea 6 hasta la parada Place d\u2019Italie, a 10 min a pie del hotel, o la l\u00ednea 7 hasta la estaci\u00f3n Gobelins.<br \/><strong>Orly:<\/strong> Desde el aeropuerto de Orly, toma el Orly Val hasta Antony; despu\u00e9s, el RER B hasta Denfert Rochereau. Haz un trasbordo a la l\u00ednea 6 de metro hasta Place d\u2019Italie.<\/p>\n<p>Las tarifas de los taxis para llegar a la orilla derecha de Par\u00eds y, por tanto, al hotel est\u00e1n reguladas.<\/p>\n<h3>EN TREN<\/h3>\n<p><strong>Gare de l\u2019Est:<\/strong> Accesible en 30 min mediante la l\u00ednea 7 directamente desde la parada Les Gobelins o mediante la l\u00ednea 5 desde la estaci\u00f3n Campo Formio<br \/><strong>Desde la Gare du Nord:<\/strong> Accesible en 30 min mediante la l\u00ednea 5 de metro desde la parada Campo Formio<br \/><strong>Desde la Gare Montparnasse:<\/strong> Accesible en 20 min mediante la l\u00ednea 6 directa desde Place d\u2019Italie<br \/><strong>Gare d\u2019Austerlitz:<\/strong> A menos de 15 min mediante la l\u00ednea 5<\/p>\n\n\n\t\t<\/div>\n\t\t\t\t\n<style>\n#col-1465864060 > .col-inner {\n  padding: 30px 30px 30px 30px;\n}\n<\/style>\n\t<\/div>\n\n\t\n\n<\/div>\n\n\t\t<\/div>\n\n\t\t\n<style>\n#section_228295134 {\n  padding-top: 0px;\n  padding-bottom: 0px;\n}\n<\/style>\n\t<\/section>\n\t\n\n","protected":false},"excerpt":{"rendered":"","protected":false},"author":1,"featured_media":0,"parent":0,"menu_order":0,"comment_status":"closed","ping_status":"closed","template":"page-blank.php","meta":{"footnotes":""},"class_list":["post-1096","page","type-page","status-publish","hentry"],"yoast_head":"<!-- This site is optimized with the Yoast SEO plugin v24.6 - https:\/\/yoast.com\/wordpress\/plugins\/seo\/ -->\n<title>UNA SITUACI\u00d3N DE ENSUE\u00d1O EN PLENO CORAZ\u00d3N DE PAR\u00cdS<\/title>\n<meta name=\"description\" content=\"Con una ubicaci\u00f3n ideal y muy bien comunicada por transporte p\u00fablico, la Villa Romantic te permitir\u00e1 recorrer todo Par\u00eds muy f\u00e1cilmente y salir a descubrir todos los tesoros que la ciudad ofrece.\" \/>\n<meta name=\"robots\" content=\"index, follow, max-snippet:-1, max-image-preview:large, max-video-preview:-1\" \/>\n<link rel=\"canonical\" href=\"https:\/\/www.hotelvillaromanticparis.com\/es\/ubicacion\/\" \/>\n<meta property=\"og:locale\" content=\"es_ES\" \/>\n<meta property=\"og:type\" content=\"article\" \/>\n<meta property=\"og:title\" content=\"UNA SITUACI\u00d3N DE ENSUE\u00d1O EN PLENO CORAZ\u00d3N DE PAR\u00cdS\" \/>\n<meta property=\"og:description\" content=\"Con una ubicaci\u00f3n ideal y muy bien comunicada por transporte p\u00fablico, la Villa Romantic te permitir\u00e1 recorrer todo Par\u00eds muy f\u00e1cilmente y salir a descubrir todos los tesoros que la ciudad ofrece.\" \/>\n<meta property=\"og:url\" content=\"https:\/\/www.hotelvillaromanticparis.com\/es\/ubicacion\/\" \/>\n<meta property=\"og:site_name\" content=\"Villa Romantic\" \/>\n<meta property=\"article:modified_time\" content=\"2023-03-10T14:23:35+00:00\" \/>\n<meta name=\"twitter:card\" content=\"summary_large_image\" \/>\n<meta name=\"twitter:label1\" content=\"Tiempo de lectura\" \/>\n\t<meta name=\"twitter:data1\" content=\"3 minutos\" \/>\n<script type=\"application\/ld+json\" class=\"yoast-schema-graph\">{\"@context\":\"https:\/\/schema.org\",\"@graph\":[{\"@type\":\"WebPage\",\"@id\":\"https:\/\/www.hotelvillaromanticparis.com\/es\/ubicacion\/\",\"url\":\"https:\/\/www.hotelvillaromanticparis.com\/es\/ubicacion\/\",\"name\":\"UNA SITUACI\u00d3N DE ENSUE\u00d1O EN PLENO CORAZ\u00d3N DE PAR\u00cdS\",\"isPartOf\":{\"@id\":\"https:\/\/www.hotelvillaromanticparis.com\/#website\"},\"datePublished\":\"2022-05-10T08:21:51+00:00\",\"dateModified\":\"2023-03-10T14:23:35+00:00\",\"description\":\"Con una ubicaci\u00f3n ideal y muy bien comunicada por transporte p\u00fablico, la Villa Romantic te permitir\u00e1 recorrer todo Par\u00eds muy f\u00e1cilmente y salir a descubrir todos los tesoros que la ciudad ofrece.\",\"breadcrumb\":{\"@id\":\"https:\/\/www.hotelvillaromanticparis.com\/es\/ubicacion\/#breadcrumb\"},\"inLanguage\":\"es\",\"potentialAction\":[{\"@type\":\"ReadAction\",\"target\":[\"https:\/\/www.hotelvillaromanticparis.com\/es\/ubicacion\/\"]}]},{\"@type\":\"BreadcrumbList\",\"@id\":\"https:\/\/www.hotelvillaromanticparis.com\/es\/ubicacion\/#breadcrumb\",\"itemListElement\":[{\"@type\":\"ListItem\",\"position\":1,\"name\":\"Accueil\",\"item\":\"https:\/\/www.hotelvillaromanticparis.com\/es\/\"},{\"@type\":\"ListItem\",\"position\":2,\"name\":\"Situation\"}]},{\"@type\":\"WebSite\",\"@id\":\"https:\/\/www.hotelvillaromanticparis.com\/#website\",\"url\":\"https:\/\/www.hotelvillaromanticparis.com\/\",\"name\":\"Villa Romantic\",\"description\":\"A proximit\u00e9 du quartier latin\",\"potentialAction\":[{\"@type\":\"SearchAction\",\"target\":{\"@type\":\"EntryPoint\",\"urlTemplate\":\"https:\/\/www.hotelvillaromanticparis.com\/?s={search_term_string}\"},\"query-input\":{\"@type\":\"PropertyValueSpecification\",\"valueRequired\":true,\"valueName\":\"search_term_string\"}}],\"inLanguage\":\"es\"}]}<\/script>\n<!-- \/ Yoast SEO plugin. -->","yoast_head_json":{"title":"UNA SITUACI\u00d3N DE ENSUE\u00d1O EN PLENO CORAZ\u00d3N DE PAR\u00cdS","description":"Con una ubicaci\u00f3n ideal y muy bien comunicada por transporte p\u00fablico, la Villa Romantic te permitir\u00e1 recorrer todo Par\u00eds muy f\u00e1cilmente y salir a descubrir todos los tesoros que la ciudad ofrece.","robots":{"index":"index","follow":"follow","max-snippet":"max-snippet:-1","max-image-preview":"max-image-preview:large","max-video-preview":"max-video-preview:-1"},"canonical":"https:\/\/www.hotelvillaromanticparis.com\/es\/ubicacion\/","og_locale":"es_ES","og_type":"article","og_title":"UNA SITUACI\u00d3N DE ENSUE\u00d1O EN PLENO CORAZ\u00d3N DE PAR\u00cdS","og_description":"Con una ubicaci\u00f3n ideal y muy bien comunicada por transporte p\u00fablico, la Villa Romantic te permitir\u00e1 recorrer todo Par\u00eds muy f\u00e1cilmente y salir a descubrir todos los tesoros que la ciudad ofrece.","og_url":"https:\/\/www.hotelvillaromanticparis.com\/es\/ubicacion\/","og_site_name":"Villa Romantic","article_modified_time":"2023-03-10T14:23:35+00:00","twitter_card":"summary_large_image","twitter_misc":{"Tiempo de lectura":"3 minutos"},"schema":{"@context":"https:\/\/schema.org","@graph":[{"@type":"WebPage","@id":"https:\/\/www.hotelvillaromanticparis.com\/es\/ubicacion\/","url":"https:\/\/www.hotelvillaromanticparis.com\/es\/ubicacion\/","name":"UNA SITUACI\u00d3N DE ENSUE\u00d1O EN PLENO CORAZ\u00d3N DE PAR\u00cdS","isPartOf":{"@id":"https:\/\/www.hotelvillaromanticparis.com\/#website"},"datePublished":"2022-05-10T08:21:51+00:00","dateModified":"2023-03-10T14:23:35+00:00","description":"Con una ubicaci\u00f3n ideal y muy bien comunicada por transporte p\u00fablico, la Villa Romantic te permitir\u00e1 recorrer todo Par\u00eds muy f\u00e1cilmente y salir a descubrir todos los tesoros que la ciudad ofrece.","breadcrumb":{"@id":"https:\/\/www.hotelvillaromanticparis.com\/es\/ubicacion\/#breadcrumb"},"inLanguage":"es","potentialAction":[{"@type":"ReadAction","target":["https:\/\/www.hotelvillaromanticparis.com\/es\/ubicacion\/"]}]},{"@type":"BreadcrumbList","@id":"https:\/\/www.hotelvillaromanticparis.com\/es\/ubicacion\/#breadcrumb","itemListElement":[{"@type":"ListItem","position":1,"name":"Accueil","item":"https:\/\/www.hotelvillaromanticparis.com\/es\/"},{"@type":"ListItem","position":2,"name":"Situation"}]},{"@type":"WebSite","@id":"https:\/\/www.hotelvillaromanticparis.com\/#website","url":"https:\/\/www.hotelvillaromanticparis.com\/","name":"Villa Romantic","description":"A proximit\u00e9 du quartier latin","potentialAction":[{"@type":"SearchAction","target":{"@type":"EntryPoint","urlTemplate":"https:\/\/www.hotelvillaromanticparis.com\/?s={search_term_string}"},"query-input":{"@type":"PropertyValueSpecification","valueRequired":true,"valueName":"search_term_string"}}],"inLanguage":"es"}]}},"_links":{"self":[{"href":"https:\/\/www.hotelvillaromanticparis.com\/es\/wp-json\/wp\/v2\/pages\/1096","targetHints":{"allow":["GET"]}}],"collection":[{"href":"https:\/\/www.hotelvillaromanticparis.com\/es\/wp-json\/wp\/v2\/pages"}],"about":[{"href":"https:\/\/www.hotelvillaromanticparis.com\/es\/wp-json\/wp\/v2\/types\/page"}],"author":[{"embeddable":true,"href":"https:\/\/www.hotelvillaromanticparis.com\/es\/wp-json\/wp\/v2\/users\/1"}],"replies":[{"embeddable":true,"href":"https:\/\/www.hotelvillaromanticparis.com\/es\/wp-json\/wp\/v2\/comments?post=1096"}],"version-history":[{"count":3,"href":"https:\/\/www.hotelvillaromanticparis.com\/es\/wp-json\/wp\/v2\/pages\/1096\/revisions"}],"predecessor-version":[{"id":1803,"href":"https:\/\/www.hotelvillaromanticparis.com\/es\/wp-json\/wp\/v2\/pages\/1096\/revisions\/1803"}],"wp:attachment":[{"href":"https:\/\/www.hotelvillaromanticparis.com\/es\/wp-json\/wp\/v2\/media?parent=1096"}],"curies":[{"name":"wp","href":"https:\/\/api.w.org\/{rel}","templated":true}]}}