{"id":1108,"date":"2022-05-10T06:32:21","date_gmt":"2022-05-10T04:32:21","guid":{"rendered":"https:\/\/www.hotelvillaromanticparis.com\/suite-duplex\/"},"modified":"2025-05-08T19:01:53","modified_gmt":"2025-05-08T17:01:53","slug":"suite-duplex","status":"publish","type":"page","link":"https:\/\/www.hotelvillaromanticparis.com\/es\/suite-duplex\/","title":{"rendered":"Suite duplex"},"content":{"rendered":"\n\t<section class=\"section\" id=\"section_1694696655\">\n\t\t<div class=\"bg section-bg fill bg-fill  \" >\n\n\t\t\t\n\t\t\t\n\t\t\t\n\n\t\t<\/div>\n\n\t\t<div class=\"section-content relative\">\n\t\t\t\n\n\n\t\t<\/div>\n\n\t\t\n<style>\n#section_1694696655 {\n  padding-top: 0px;\n  padding-bottom: 0px;\n  min-height: 450px;\n}\n#section_1694696655 .section-bg.bg-loaded {\n  background-image: url(https:\/\/www.hotelvillaromanticparis.com\/wp-content\/uploads\/2022\/05\/chambre_403_03.jpg);\n}\n<\/style>\n\t<\/section>\n\t\n\t<section class=\"section\" id=\"section_1994805255\">\n\t\t<div class=\"bg section-bg fill bg-fill  bg-loaded\" >\n\n\t\t\t\n\t\t\t\n\t\t\t\n\n\t\t<\/div>\n\n\t\t<div class=\"section-content relative\">\n\t\t\t\n\n<div class=\"row\"  id=\"row-776195976\">\n\n\n\t<div id=\"col-1136835882\" class=\"col medium-6 small-12 large-6\"  >\n\t\t\t\t<div class=\"col-inner\"  >\n\t\t\t\n\t\t\t\n\n<h1 class=\"uppercase\" style=\"text-align: left;\">LAS SUITES D\u00daPLEX <\/h1>\n<h2>1 a 3 personas \u2013 35m2 \u2013 Cama muy grande de 180 cm y sof\u00e1 cama<\/h2>\n<p>Las suites D\u00faplex son el gran amor, el que te marca y hace que veas la vida de un modo diferente. Encaramados en los tejados, estos nidos ser\u00e1n tu casa durante tu estancia en Par\u00eds. Al igual que los t\u00edpicos y rom\u00e1nticos apartamentos con escalera propia de las pel\u00edculas, te enamorar\u00e1s de sus distintos espacios \u2014sal\u00f3n, noche, cuarto de ba\u00f1o con ba\u00f1era\u2014, todos ellos perfectamente decorados y equipados. <\/p>\n<p>El acceso al spa durante 45 minutos al d\u00eda est\u00e1 incluido en el precio de la habitaci\u00f3n (tiempo no privado).<\/p>\n<a rel=\"noopener noreferrer\" href=\"https:\/\/www.secure-hotel-booking.com\/Villa-Romantic\/JS7Q\/es?hotelId=27083\" target=\"_blank\" class=\"button primary is-outline lowercase\"  >\n    <span>Reservar esta habitaci\u00f3n<\/span>\n  <\/a>\n\n\n\n\t\t<\/div>\n\t\t\t\t\t<\/div>\n\n\t\n\n\t<div id=\"col-169353522\" class=\"col medium-6 small-12 large-6\"  data-animate=\"fadeInRight\">\n\t\t\t\t<div class=\"col-inner\"  >\n\t\t\t\n\t\t\t\n\n<h2>Galer\u00eda de fotos<\/h2>\n<div class=\"is-divider divider clearfix\" ><\/div>\n\n\n  \n    <div class=\"row large-columns-3 medium-columns- small-columns-2 row-small slider row-slider slider-nav-circle slider-nav-light\"  data-flickity-options='{\"imagesLoaded\": true, \"groupCells\": \"100%\", \"dragThreshold\" : 5, \"cellAlign\": \"left\",\"wrapAround\": true,\"prevNextButtons\": true,\"percentPosition\": true,\"pageDots\": false, \"rightToLeft\": false, \"autoPlay\" : 4000}'>\n\n          <div class=\"gallery-col col\" >\n          <div class=\"col-inner\">\n            <a class=\"image-lightbox lightbox-gallery\" href=\"https:\/\/www.hotelvillaromanticparis.com\/wp-content\/uploads\/2022\/05\/chambre_403_03-1024x683.jpg\" title=\"\">            <div class=\"box has-hover gallery-box box-overlay dark\">\n              <div class=\"box-image image-glow box-shadow-3 box-shadow-2-hover\" >\n                <img decoding=\"async\" width=\"150\" height=\"150\" src=\"https:\/\/www.hotelvillaromanticparis.com\/wp-content\/uploads\/2022\/05\/chambre_403_03-150x150.jpg\" class=\"attachment-thumbnail size-thumbnail\" alt=\"\" ids=\"318,316,314,320,304,306,308,310,312\" lightbox_image_size=\"large\" type=\"slider\" col_spacing=\"small\" columns=\"3\" depth=\"3\" depth_hover=\"2\" slider_nav_style=\"circle\" slider_nav_color=\"light\" auto_slide=\"4000\" image_size=\"thumbnail\" image_hover=\"glow\" \/>                                  <div class=\"overlay fill\"\n                      style=\"background-color: rgba(0,0,0,.15)\">\n                  <\/div>\n                                                              <\/div>\n              <div class=\"box-text text-left\" >\n                 <p><\/p>\n              <\/div>\n            <\/div>\n            <\/a>          <\/div>\n         <\/div>\n                 <div class=\"gallery-col col\" >\n          <div class=\"col-inner\">\n            <a class=\"image-lightbox lightbox-gallery\" href=\"https:\/\/www.hotelvillaromanticparis.com\/wp-content\/uploads\/2022\/05\/chambre_403_02-1024x683.jpg\" title=\"\">            <div class=\"box has-hover gallery-box box-overlay dark\">\n              <div class=\"box-image image-glow box-shadow-3 box-shadow-2-hover\" >\n                <img decoding=\"async\" width=\"150\" height=\"150\" src=\"https:\/\/www.hotelvillaromanticparis.com\/wp-content\/uploads\/2022\/05\/chambre_403_02-150x150.jpg\" class=\"attachment-thumbnail size-thumbnail\" alt=\"\" ids=\"318,316,314,320,304,306,308,310,312\" lightbox_image_size=\"large\" type=\"slider\" col_spacing=\"small\" columns=\"3\" depth=\"3\" depth_hover=\"2\" slider_nav_style=\"circle\" slider_nav_color=\"light\" auto_slide=\"4000\" image_size=\"thumbnail\" image_hover=\"glow\" \/>                                  <div class=\"overlay fill\"\n                      style=\"background-color: rgba(0,0,0,.15)\">\n                  <\/div>\n                                                              <\/div>\n              <div class=\"box-text text-left\" >\n                 <p><\/p>\n              <\/div>\n            <\/div>\n            <\/a>          <\/div>\n         <\/div>\n                 <div class=\"gallery-col col\" >\n          <div class=\"col-inner\">\n            <a class=\"image-lightbox lightbox-gallery\" href=\"https:\/\/www.hotelvillaromanticparis.com\/wp-content\/uploads\/2022\/05\/chambre_403_01-1024x683.jpg\" title=\"\">            <div class=\"box has-hover gallery-box box-overlay dark\">\n              <div class=\"box-image image-glow box-shadow-3 box-shadow-2-hover\" >\n                <img decoding=\"async\" width=\"150\" height=\"150\" src=\"https:\/\/www.hotelvillaromanticparis.com\/wp-content\/uploads\/2022\/05\/chambre_403_01-150x150.jpg\" class=\"attachment-thumbnail size-thumbnail\" alt=\"\" ids=\"318,316,314,320,304,306,308,310,312\" lightbox_image_size=\"large\" type=\"slider\" col_spacing=\"small\" columns=\"3\" depth=\"3\" depth_hover=\"2\" slider_nav_style=\"circle\" slider_nav_color=\"light\" auto_slide=\"4000\" image_size=\"thumbnail\" image_hover=\"glow\" \/>                                  <div class=\"overlay fill\"\n                      style=\"background-color: rgba(0,0,0,.15)\">\n                  <\/div>\n                                                              <\/div>\n              <div class=\"box-text text-left\" >\n                 <p><\/p>\n              <\/div>\n            <\/div>\n            <\/a>          <\/div>\n         <\/div>\n                 <div class=\"gallery-col col\" >\n          <div class=\"col-inner\">\n            <a class=\"image-lightbox lightbox-gallery\" href=\"https:\/\/www.hotelvillaromanticparis.com\/wp-content\/uploads\/2022\/05\/chambre_403_04-1024x683.jpg\" title=\"\">            <div class=\"box has-hover gallery-box box-overlay dark\">\n              <div class=\"box-image image-glow box-shadow-3 box-shadow-2-hover\" >\n                <img decoding=\"async\" width=\"150\" height=\"150\" src=\"https:\/\/www.hotelvillaromanticparis.com\/wp-content\/uploads\/2022\/05\/chambre_403_04-150x150.jpg\" class=\"attachment-thumbnail size-thumbnail\" alt=\"\" ids=\"318,316,314,320,304,306,308,310,312\" lightbox_image_size=\"large\" type=\"slider\" col_spacing=\"small\" columns=\"3\" depth=\"3\" depth_hover=\"2\" slider_nav_style=\"circle\" slider_nav_color=\"light\" auto_slide=\"4000\" image_size=\"thumbnail\" image_hover=\"glow\" \/>                                  <div class=\"overlay fill\"\n                      style=\"background-color: rgba(0,0,0,.15)\">\n                  <\/div>\n                                                              <\/div>\n              <div class=\"box-text text-left\" >\n                 <p><\/p>\n              <\/div>\n            <\/div>\n            <\/a>          <\/div>\n         <\/div>\n                 <div class=\"gallery-col col\" >\n          <div class=\"col-inner\">\n            <a class=\"image-lightbox lightbox-gallery\" href=\"https:\/\/www.hotelvillaromanticparis.com\/wp-content\/uploads\/2022\/05\/chambre_402_01-1024x683.jpg\" title=\"\">            <div class=\"box has-hover gallery-box box-overlay dark\">\n              <div class=\"box-image image-glow box-shadow-3 box-shadow-2-hover\" >\n                <img decoding=\"async\" width=\"150\" height=\"150\" src=\"https:\/\/www.hotelvillaromanticparis.com\/wp-content\/uploads\/2022\/05\/chambre_402_01-150x150.jpg\" class=\"attachment-thumbnail size-thumbnail\" alt=\"\" ids=\"318,316,314,320,304,306,308,310,312\" lightbox_image_size=\"large\" type=\"slider\" col_spacing=\"small\" columns=\"3\" depth=\"3\" depth_hover=\"2\" slider_nav_style=\"circle\" slider_nav_color=\"light\" auto_slide=\"4000\" image_size=\"thumbnail\" image_hover=\"glow\" \/>                                  <div class=\"overlay fill\"\n                      style=\"background-color: rgba(0,0,0,.15)\">\n                  <\/div>\n                                                              <\/div>\n              <div class=\"box-text text-left\" >\n                 <p><\/p>\n              <\/div>\n            <\/div>\n            <\/a>          <\/div>\n         <\/div>\n                 <div class=\"gallery-col col\" >\n          <div class=\"col-inner\">\n            <a class=\"image-lightbox lightbox-gallery\" href=\"https:\/\/www.hotelvillaromanticparis.com\/wp-content\/uploads\/2022\/05\/chambre_402_02-1024x683.jpg\" title=\"\">            <div class=\"box has-hover gallery-box box-overlay dark\">\n              <div class=\"box-image image-glow box-shadow-3 box-shadow-2-hover\" >\n                <img decoding=\"async\" width=\"150\" height=\"150\" src=\"https:\/\/www.hotelvillaromanticparis.com\/wp-content\/uploads\/2022\/05\/chambre_402_02-150x150.jpg\" class=\"attachment-thumbnail size-thumbnail\" alt=\"\" ids=\"318,316,314,320,304,306,308,310,312\" lightbox_image_size=\"large\" type=\"slider\" col_spacing=\"small\" columns=\"3\" depth=\"3\" depth_hover=\"2\" slider_nav_style=\"circle\" slider_nav_color=\"light\" auto_slide=\"4000\" image_size=\"thumbnail\" image_hover=\"glow\" \/>                                  <div class=\"overlay fill\"\n                      style=\"background-color: rgba(0,0,0,.15)\">\n                  <\/div>\n                                                              <\/div>\n              <div class=\"box-text text-left\" >\n                 <p><\/p>\n              <\/div>\n            <\/div>\n            <\/a>          <\/div>\n         <\/div>\n                 <div class=\"gallery-col col\" >\n          <div class=\"col-inner\">\n            <a class=\"image-lightbox lightbox-gallery\" href=\"https:\/\/www.hotelvillaromanticparis.com\/wp-content\/uploads\/2022\/05\/chambre_402_03-1024x683.jpg\" title=\"\">            <div class=\"box has-hover gallery-box box-overlay dark\">\n              <div class=\"box-image image-glow box-shadow-3 box-shadow-2-hover\" >\n                <img decoding=\"async\" width=\"150\" height=\"150\" src=\"https:\/\/www.hotelvillaromanticparis.com\/wp-content\/uploads\/2022\/05\/chambre_402_03-150x150.jpg\" class=\"attachment-thumbnail size-thumbnail\" alt=\"\" ids=\"318,316,314,320,304,306,308,310,312\" lightbox_image_size=\"large\" type=\"slider\" col_spacing=\"small\" columns=\"3\" depth=\"3\" depth_hover=\"2\" slider_nav_style=\"circle\" slider_nav_color=\"light\" auto_slide=\"4000\" image_size=\"thumbnail\" image_hover=\"glow\" \/>                                  <div class=\"overlay fill\"\n                      style=\"background-color: rgba(0,0,0,.15)\">\n                  <\/div>\n                                                              <\/div>\n              <div class=\"box-text text-left\" >\n                 <p><\/p>\n              <\/div>\n            <\/div>\n            <\/a>          <\/div>\n         <\/div>\n                 <div class=\"gallery-col col\" >\n          <div class=\"col-inner\">\n            <a class=\"image-lightbox lightbox-gallery\" href=\"https:\/\/www.hotelvillaromanticparis.com\/wp-content\/uploads\/2022\/05\/chambre_402_04-1024x683.jpg\" title=\"\">            <div class=\"box has-hover gallery-box box-overlay dark\">\n              <div class=\"box-image image-glow box-shadow-3 box-shadow-2-hover\" >\n                <img decoding=\"async\" width=\"150\" height=\"150\" src=\"https:\/\/www.hotelvillaromanticparis.com\/wp-content\/uploads\/2022\/05\/chambre_402_04-150x150.jpg\" class=\"attachment-thumbnail size-thumbnail\" alt=\"\" ids=\"318,316,314,320,304,306,308,310,312\" lightbox_image_size=\"large\" type=\"slider\" col_spacing=\"small\" columns=\"3\" depth=\"3\" depth_hover=\"2\" slider_nav_style=\"circle\" slider_nav_color=\"light\" auto_slide=\"4000\" image_size=\"thumbnail\" image_hover=\"glow\" \/>                                  <div class=\"overlay fill\"\n                      style=\"background-color: rgba(0,0,0,.15)\">\n                  <\/div>\n                                                              <\/div>\n              <div class=\"box-text text-left\" >\n                 <p><\/p>\n              <\/div>\n            <\/div>\n            <\/a>          <\/div>\n         <\/div>\n                 <div class=\"gallery-col col\" >\n          <div class=\"col-inner\">\n            <a class=\"image-lightbox lightbox-gallery\" href=\"https:\/\/www.hotelvillaromanticparis.com\/wp-content\/uploads\/2022\/05\/chambre_402_05-1024x683.jpg\" title=\"\">            <div class=\"box has-hover gallery-box box-overlay dark\">\n              <div class=\"box-image image-glow box-shadow-3 box-shadow-2-hover\" >\n                <img decoding=\"async\" width=\"150\" height=\"150\" src=\"https:\/\/www.hotelvillaromanticparis.com\/wp-content\/uploads\/2022\/05\/chambre_402_05-150x150.jpg\" class=\"attachment-thumbnail size-thumbnail\" alt=\"\" ids=\"318,316,314,320,304,306,308,310,312\" lightbox_image_size=\"large\" type=\"slider\" col_spacing=\"small\" columns=\"3\" depth=\"3\" depth_hover=\"2\" slider_nav_style=\"circle\" slider_nav_color=\"light\" auto_slide=\"4000\" image_size=\"thumbnail\" image_hover=\"glow\" \/>                                  <div class=\"overlay fill\"\n                      style=\"background-color: rgba(0,0,0,.15)\">\n                  <\/div>\n                                                              <\/div>\n              <div class=\"box-text text-left\" >\n                 <p><\/p>\n              <\/div>\n            <\/div>\n            <\/a>          <\/div>\n         <\/div>\n         <\/div>\n\n\n\t\t<\/div>\n\t\t\t\t\t<\/div>\n\n\t\n\n<\/div>\n\n\t\t<\/div>\n\n\t\t\n<style>\n#section_1994805255 {\n  padding-top: 30px;\n  padding-bottom: 30px;\n}\n<\/style>\n\t<\/section>\n\t\n\t<section class=\"section\" id=\"section_543672803\">\n\t\t<div class=\"bg section-bg fill bg-fill  \" >\n\n\t\t\t\n\t\t\t\n\t\t\t\n\n\t\t<\/div>\n\n\t\t<div class=\"section-content relative\">\n\t\t\t\n\n<div class=\"row align-middle align-center\"  id=\"row-407278933\">\n\n\n\t<div id=\"col-652887774\" class=\"col small-12 large-12\"  >\n\t\t\t\t<div class=\"col-inner\"  >\n\t\t\t\n\t\t\t\n\n<h3 class=\"thin-font\" style=\"text-align: center; font-size:32px; color:#fff;\">\nservicios y equipamientos en la habitaci\u00f3n<br \/>****<\/h3>\n\n\t\t<\/div>\n\t\t\t\t\n<style>\n#col-652887774 > .col-inner {\n  margin: 50px 0px 0px 0px;\n}\n<\/style>\n\t<\/div>\n\n\t\n\n<\/div>\n\n\t\t<\/div>\n\n\t\t\n<style>\n#section_543672803 {\n  padding-top: 0px;\n  padding-bottom: 0px;\n}\n#section_543672803 .section-bg.bg-loaded {\n  background-image: url(https:\/\/www.hotelvillaromanticparis.com\/wp-content\/uploads\/2022\/05\/plateau.jpg);\n}\n#section_543672803 .section-bg {\n  background-position: top;\n}\n<\/style>\n\t<\/section>\n\t\n\t<section class=\"section\" id=\"section_498482655\">\n\t\t<div class=\"bg section-bg fill bg-fill  bg-loaded\" >\n\n\t\t\t\n\t\t\t\n\t\t\t\n\n\t\t<\/div>\n\n\t\t<div class=\"section-content relative\">\n\t\t\t\n\n<div class=\"row row-small align-center\"  id=\"row-220168178\">\n\n\n\t<div id=\"col-526735810\" class=\"col medium-6 small-12 large-6\"  >\n\t\t\t\t<div class=\"col-inner\"  >\n\t\t\t\n\t\t\t\n\n<ul>\n<li>Bandeja de cortes\u00eda: Nespresso, hervidor, tazas, caf\u00e9, t\u00e9<\/li>\n<li>Productos de bienvenida Sothys<\/li>\n<li>Wifi gratuita e ilimitada<\/li>\n<li>Pantalla plana con cadenas internacionales (beIN Sports)<\/li>\n<li>Mini bar<\/li>\n<li>Caja fuerte<\/li>\n<li>Todas nuestras habitaciones son para no fumadores, incluidas las terrazas y el patio.<\/li>\n<\/ul>\n\n\n\t\t<\/div>\n\t\t\t\t\t<\/div>\n\n\t\n\n\t<div id=\"col-965536043\" class=\"col medium-6 small-12 large-6\"  >\n\t\t\t\t<div class=\"col-inner\"  >\n\t\t\t\n\t\t\t\n\n<ul>\n<li>Botella de agua<\/li>\n<li>Vistas sobre la calle du Banquier o patio interiorr<\/li>\n<li>Escritorio con silla <\/li>\n<li>Albornoces y zapatillas<\/li>\n<li>Armario con ropero<\/li>\n<li>Mesas de noche con l\u00e1mparas<\/li>\n<li>Ba\u00f1era en algunas habitaciones<\/li>\n<\/ul>\n\n\t\t<\/div>\n\t\t\t\t\t<\/div>\n\n\t\n\n<\/div>\n\n\t\t<\/div>\n\n\t\t\n<style>\n#section_498482655 {\n  padding-top: 50px;\n  padding-bottom: 50px;\n}\n<\/style>\n\t<\/section>\n\t\n\n","protected":false},"excerpt":{"rendered":"","protected":false},"author":1,"featured_media":0,"parent":0,"menu_order":0,"comment_status":"closed","ping_status":"closed","template":"page-blank.php","meta":{"footnotes":""},"class_list":["post-1108","page","type-page","status-publish","hentry"],"yoast_head":"<!-- This site is optimized with the Yoast SEO plugin v24.6 - https:\/\/yoast.com\/wordpress\/plugins\/seo\/ -->\n<title>Las suites D\u00faplex del hotel Villa Romantic Paris<\/title>\n<meta name=\"description\" content=\"Las suites D\u00faplex son el gran amor, el que te marca y hace que veas la vida de un modo diferente. Encaramados en los tejados, estos nidos ser\u00e1n tu casa durante tu estancia en Par\u00eds.\" \/>\n<meta name=\"robots\" content=\"index, follow, max-snippet:-1, max-image-preview:large, max-video-preview:-1\" \/>\n<link rel=\"canonical\" href=\"https:\/\/www.hotelvillaromanticparis.com\/es\/suite-duplex\/\" \/>\n<meta property=\"og:locale\" content=\"es_ES\" \/>\n<meta property=\"og:type\" content=\"article\" \/>\n<meta property=\"og:title\" content=\"Las suites D\u00faplex del hotel Villa Romantic Paris\" \/>\n<meta property=\"og:description\" content=\"Las suites D\u00faplex son el gran amor, el que te marca y hace que veas la vida de un modo diferente. Encaramados en los tejados, estos nidos ser\u00e1n tu casa durante tu estancia en Par\u00eds.\" \/>\n<meta property=\"og:url\" content=\"https:\/\/www.hotelvillaromanticparis.com\/es\/suite-duplex\/\" \/>\n<meta property=\"og:site_name\" content=\"Villa Romantic\" \/>\n<meta property=\"article:modified_time\" content=\"2025-05-08T17:01:53+00:00\" \/>\n<meta name=\"twitter:card\" content=\"summary_large_image\" \/>\n<meta name=\"twitter:label1\" content=\"Tiempo de lectura\" \/>\n\t<meta name=\"twitter:data1\" content=\"2 minutos\" \/>\n<script type=\"application\/ld+json\" class=\"yoast-schema-graph\">{\"@context\":\"https:\/\/schema.org\",\"@graph\":[{\"@type\":\"WebPage\",\"@id\":\"https:\/\/www.hotelvillaromanticparis.com\/es\/suite-duplex\/\",\"url\":\"https:\/\/www.hotelvillaromanticparis.com\/es\/suite-duplex\/\",\"name\":\"Las suites D\u00faplex del hotel Villa Romantic Paris\",\"isPartOf\":{\"@id\":\"https:\/\/www.hotelvillaromanticparis.com\/#website\"},\"datePublished\":\"2022-05-10T04:32:21+00:00\",\"dateModified\":\"2025-05-08T17:01:53+00:00\",\"description\":\"Las suites D\u00faplex son el gran amor, el que te marca y hace que veas la vida de un modo diferente. Encaramados en los tejados, estos nidos ser\u00e1n tu casa durante tu estancia en Par\u00eds.\",\"breadcrumb\":{\"@id\":\"https:\/\/www.hotelvillaromanticparis.com\/es\/suite-duplex\/#breadcrumb\"},\"inLanguage\":\"es\",\"potentialAction\":[{\"@type\":\"ReadAction\",\"target\":[\"https:\/\/www.hotelvillaromanticparis.com\/es\/suite-duplex\/\"]}]},{\"@type\":\"BreadcrumbList\",\"@id\":\"https:\/\/www.hotelvillaromanticparis.com\/es\/suite-duplex\/#breadcrumb\",\"itemListElement\":[{\"@type\":\"ListItem\",\"position\":1,\"name\":\"Accueil\",\"item\":\"https:\/\/www.hotelvillaromanticparis.com\/es\/\"},{\"@type\":\"ListItem\",\"position\":2,\"name\":\"Suite duplex\"}]},{\"@type\":\"WebSite\",\"@id\":\"https:\/\/www.hotelvillaromanticparis.com\/#website\",\"url\":\"https:\/\/www.hotelvillaromanticparis.com\/\",\"name\":\"Villa Romantic\",\"description\":\"A proximit\u00e9 du quartier latin\",\"potentialAction\":[{\"@type\":\"SearchAction\",\"target\":{\"@type\":\"EntryPoint\",\"urlTemplate\":\"https:\/\/www.hotelvillaromanticparis.com\/?s={search_term_string}\"},\"query-input\":{\"@type\":\"PropertyValueSpecification\",\"valueRequired\":true,\"valueName\":\"search_term_string\"}}],\"inLanguage\":\"es\"}]}<\/script>\n<!-- \/ Yoast SEO plugin. -->","yoast_head_json":{"title":"Las suites D\u00faplex del hotel Villa Romantic Paris","description":"Las suites D\u00faplex son el gran amor, el que te marca y hace que veas la vida de un modo diferente. Encaramados en los tejados, estos nidos ser\u00e1n tu casa durante tu estancia en Par\u00eds.","robots":{"index":"index","follow":"follow","max-snippet":"max-snippet:-1","max-image-preview":"max-image-preview:large","max-video-preview":"max-video-preview:-1"},"canonical":"https:\/\/www.hotelvillaromanticparis.com\/es\/suite-duplex\/","og_locale":"es_ES","og_type":"article","og_title":"Las suites D\u00faplex del hotel Villa Romantic Paris","og_description":"Las suites D\u00faplex son el gran amor, el que te marca y hace que veas la vida de un modo diferente. Encaramados en los tejados, estos nidos ser\u00e1n tu casa durante tu estancia en Par\u00eds.","og_url":"https:\/\/www.hotelvillaromanticparis.com\/es\/suite-duplex\/","og_site_name":"Villa Romantic","article_modified_time":"2025-05-08T17:01:53+00:00","twitter_card":"summary_large_image","twitter_misc":{"Tiempo de lectura":"2 minutos"},"schema":{"@context":"https:\/\/schema.org","@graph":[{"@type":"WebPage","@id":"https:\/\/www.hotelvillaromanticparis.com\/es\/suite-duplex\/","url":"https:\/\/www.hotelvillaromanticparis.com\/es\/suite-duplex\/","name":"Las suites D\u00faplex del hotel Villa Romantic Paris","isPartOf":{"@id":"https:\/\/www.hotelvillaromanticparis.com\/#website"},"datePublished":"2022-05-10T04:32:21+00:00","dateModified":"2025-05-08T17:01:53+00:00","description":"Las suites D\u00faplex son el gran amor, el que te marca y hace que veas la vida de un modo diferente. Encaramados en los tejados, estos nidos ser\u00e1n tu casa durante tu estancia en Par\u00eds.","breadcrumb":{"@id":"https:\/\/www.hotelvillaromanticparis.com\/es\/suite-duplex\/#breadcrumb"},"inLanguage":"es","potentialAction":[{"@type":"ReadAction","target":["https:\/\/www.hotelvillaromanticparis.com\/es\/suite-duplex\/"]}]},{"@type":"BreadcrumbList","@id":"https:\/\/www.hotelvillaromanticparis.com\/es\/suite-duplex\/#breadcrumb","itemListElement":[{"@type":"ListItem","position":1,"name":"Accueil","item":"https:\/\/www.hotelvillaromanticparis.com\/es\/"},{"@type":"ListItem","position":2,"name":"Suite duplex"}]},{"@type":"WebSite","@id":"https:\/\/www.hotelvillaromanticparis.com\/#website","url":"https:\/\/www.hotelvillaromanticparis.com\/","name":"Villa Romantic","description":"A proximit\u00e9 du quartier latin","potentialAction":[{"@type":"SearchAction","target":{"@type":"EntryPoint","urlTemplate":"https:\/\/www.hotelvillaromanticparis.com\/?s={search_term_string}"},"query-input":{"@type":"PropertyValueSpecification","valueRequired":true,"valueName":"search_term_string"}}],"inLanguage":"es"}]}},"_links":{"self":[{"href":"https:\/\/www.hotelvillaromanticparis.com\/es\/wp-json\/wp\/v2\/pages\/1108","targetHints":{"allow":["GET"]}}],"collection":[{"href":"https:\/\/www.hotelvillaromanticparis.com\/es\/wp-json\/wp\/v2\/pages"}],"about":[{"href":"https:\/\/www.hotelvillaromanticparis.com\/es\/wp-json\/wp\/v2\/types\/page"}],"author":[{"embeddable":true,"href":"https:\/\/www.hotelvillaromanticparis.com\/es\/wp-json\/wp\/v2\/users\/1"}],"replies":[{"embeddable":true,"href":"https:\/\/www.hotelvillaromanticparis.com\/es\/wp-json\/wp\/v2\/comments?post=1108"}],"version-history":[{"count":5,"href":"https:\/\/www.hotelvillaromanticparis.com\/es\/wp-json\/wp\/v2\/pages\/1108\/revisions"}],"predecessor-version":[{"id":2099,"href":"https:\/\/www.hotelvillaromanticparis.com\/es\/wp-json\/wp\/v2\/pages\/1108\/revisions\/2099"}],"wp:attachment":[{"href":"https:\/\/www.hotelvillaromanticparis.com\/es\/wp-json\/wp\/v2\/media?parent=1108"}],"curies":[{"name":"wp","href":"https:\/\/api.w.org\/{rel}","templated":true}]}}