{"id":1064,"date":"2022-05-09T17:23:44","date_gmt":"2022-05-09T15:23:44","guid":{"rendered":"https:\/\/www.hotelvillaromanticparis.com\/chambres\/"},"modified":"2025-05-08T18:51:43","modified_gmt":"2025-05-08T16:51:43","slug":"camere","status":"publish","type":"page","link":"https:\/\/www.hotelvillaromanticparis.com\/it\/camere\/","title":{"rendered":"Chambres"},"content":{"rendered":"\n\t<section class=\"section\" id=\"section_544504217\">\n\t\t<div class=\"bg section-bg fill bg-fill  \" >\n\n\t\t\t\n\t\t\t\n\t\t\t\n\n\t\t<\/div>\n\n\t\t<div class=\"section-content relative\">\n\t\t\t\n\n\n\t\t<\/div>\n\n\t\t\n<style>\n#section_544504217 {\n  padding-top: 0px;\n  padding-bottom: 0px;\n  min-height: 400px;\n}\n#section_544504217 .section-bg.bg-loaded {\n  background-image: url(https:\/\/www.hotelvillaromanticparis.com\/wp-content\/uploads\/2022\/05\/chambre_502_01.jpg);\n}\n<\/style>\n\t<\/section>\n\t\n\t<section class=\"section\" id=\"section_224388085\">\n\t\t<div class=\"bg section-bg fill bg-fill  bg-loaded\" >\n\n\t\t\t\n\t\t\t\n\t\t\t\n\n\t\t<\/div>\n\n\t\t<div class=\"section-content relative\">\n\t\t\t\n\n<div class=\"row\"  id=\"row-196166537\">\n\n\n\t<div id=\"col-1603839494\" class=\"col small-12 large-12\"  >\n\t\t\t\t<div class=\"col-inner\"  >\n\t\t\t\n\t\t\t\n\n<h1 class=\"uppercase\" style=\"text-align: center;\">Camere eleganti e accoglienti<\/h1>\n\n\t\t<\/div>\n\t\t\t\t\t<\/div>\n\n\t\n\n<\/div>\n<div class=\"row\"  id=\"row-671562962\">\n\n\n\t<div id=\"col-1706206796\" class=\"col small-12 large-12\"  data-animate=\"fadeInRight\">\n\t\t\t\t<div class=\"col-inner\"  >\n\t\t\t\n\t\t\t\n\n<p style=\"text-align: center;\"><strong>Le 56 camere dell&#8217;hotel sono veri e propri oasi di pace nel cuore della citt\u00e0. <\/strong><\/p>\n<p>Dalle testiere alle lampade di design, dai mobili raffinati ai diversi quadri presenti in ogni camera, ogni dettaglio \u00e8 stato pensato e realizzato su misura per offrirvi un&#8217;atmosfera elegante, delicata, avvolgente e rilassante. <\/p>\n<p>Qui, colori accuratamente scelti fanno eco a materiali nobili in tre ambienti romantici e creativi che sicuramente vi sedurranno. Le camere &#8220;Charme&#8221; enfatizzano la morbidezza e la delicatezza con tonalit\u00e0 chiare, carta da parati argentata e tocchi cipriati, le camere &#8220;Marigny&#8221; aprono le porte a un ambiente sfarzoso in cui le testiere blu royal si sposano con i maestosi lampadari dorati e le camere &#8220;Milano&#8221; vi conquisteranno con la loro carta da parati simile a una giungla in una notte di luna piena, impreziosita da tende rosse che vi avvolgeranno nel loro bozzolo di intimit\u00e0. <\/p>\n<p>Un letto particolarmente comodo, una scrivania elegante, un bagno accogliente&#8230; Sono tutti perfettamente attrezzati per soddisfare le vostre esigenze e i vostri desideri e molto altro ancora.<\/p>\n<p>L&#8217;hotel \u00e8 dotato di 3 camere PMR.<\/p>\n\n\t\t<\/div>\n\t\t\t\t\t<\/div>\n\n\t\n\n<\/div>\n\n\t\t<\/div>\n\n\t\t\n<style>\n#section_224388085 {\n  padding-top: 30px;\n  padding-bottom: 30px;\n}\n<\/style>\n\t<\/section>\n\t\n\t<section class=\"section\" id=\"section_18329914\">\n\t\t<div class=\"bg section-bg fill bg-fill  bg-loaded\" >\n\n\t\t\t\n\t\t\t\n\t\t\t\n\n\t\t<\/div>\n\n\t\t<div class=\"section-content relative\">\n\t\t\t\n\n<div class=\"row row-small row-full-width align-equal align-center\"  id=\"row-1370613907\">\n\n\n\t<div id=\"col-133537180\" class=\"col medium-6 small-12 large-4\"  data-animate=\"fadeInUp\">\n\t\t\t\t<div class=\"col-inner\"  >\n\t\t\t\n\t\t\t\n\n\t<div class=\"box has-hover   has-hover box-text-bottom\" >\n\n\t\t<div class=\"box-image\" >\n\t\t\t<a href=\"https:\/\/www.hotelvillaromanticparis.com\/it\/camera-singola\/\"  >\t\t\t<div class=\"image-zoom-long\" >\n\t\t\t\t<img decoding=\"async\" width=\"1020\" height=\"680\" src=\"https:\/\/www.hotelvillaromanticparis.com\/wp-content\/uploads\/2022\/05\/chambre_304_01-1024x683.jpg\" class=\"attachment-large size-large\" alt=\"\" srcset=\"https:\/\/www.hotelvillaromanticparis.com\/wp-content\/uploads\/2022\/05\/chambre_304_01-1024x683.jpg 1024w, https:\/\/www.hotelvillaromanticparis.com\/wp-content\/uploads\/2022\/05\/chambre_304_01-300x200.jpg 300w, https:\/\/www.hotelvillaromanticparis.com\/wp-content\/uploads\/2022\/05\/chambre_304_01-768x512.jpg 768w, https:\/\/www.hotelvillaromanticparis.com\/wp-content\/uploads\/2022\/05\/chambre_304_01-1536x1024.jpg 1536w, https:\/\/www.hotelvillaromanticparis.com\/wp-content\/uploads\/2022\/05\/chambre_304_01.jpg 1920w\" sizes=\"(max-width: 1020px) 100vw, 1020px\" \/>\t\t\t\t\t\t\t\t\t\t\t<\/div>\n\t\t\t<\/a>\t\t<\/div>\n\n\t\t<div class=\"box-text text-center\" >\n\t\t\t<div class=\"box-text-inner\">\n\t\t\t\t\n\n<h3><a href=\"https:\/\/www.hotelvillaromanticparis.com\/it\/camera-singola\/\">SINGOLA<\/a><\/h3>\n\n\t\t\t<\/div>\n\t\t<\/div>\n\t<\/div>\n\t\n\n\t\t<\/div>\n\t\t\t\t\t<\/div>\n\n\t\n\n\t<div id=\"col-864079258\" class=\"col medium-6 small-12 large-4\"  data-animate=\"fadeInUp\">\n\t\t\t\t<div class=\"col-inner\"  >\n\t\t\t\n\t\t\t\n\n\t<div class=\"box has-hover   has-hover box-text-bottom\" >\n\n\t\t<div class=\"box-image\" >\n\t\t\t<a href=\"https:\/\/www.hotelvillaromanticparis.com\/it\/camera-classica\/\"  >\t\t\t<div class=\"image-zoom-long\" >\n\t\t\t\t<img decoding=\"async\" width=\"1020\" height=\"680\" src=\"https:\/\/www.hotelvillaromanticparis.com\/wp-content\/uploads\/2022\/05\/chambre_408_01-1024x683.jpg\" class=\"attachment-large size-large\" alt=\"\" srcset=\"https:\/\/www.hotelvillaromanticparis.com\/wp-content\/uploads\/2022\/05\/chambre_408_01-1024x683.jpg 1024w, https:\/\/www.hotelvillaromanticparis.com\/wp-content\/uploads\/2022\/05\/chambre_408_01-300x200.jpg 300w, https:\/\/www.hotelvillaromanticparis.com\/wp-content\/uploads\/2022\/05\/chambre_408_01-768x512.jpg 768w, https:\/\/www.hotelvillaromanticparis.com\/wp-content\/uploads\/2022\/05\/chambre_408_01-1536x1024.jpg 1536w, https:\/\/www.hotelvillaromanticparis.com\/wp-content\/uploads\/2022\/05\/chambre_408_01.jpg 1920w\" sizes=\"(max-width: 1020px) 100vw, 1020px\" \/>\t\t\t\t\t\t\t\t\t\t\t<\/div>\n\t\t\t<\/a>\t\t<\/div>\n\n\t\t<div class=\"box-text text-center\" >\n\t\t\t<div class=\"box-text-inner\">\n\t\t\t\t\n\n<h3><a href=\"https:\/\/www.hotelvillaromanticparis.com\/it\/camera-classica\/\">Piccola camera doppia<\/a><\/h3>\n\n\t\t\t<\/div>\n\t\t<\/div>\n\t<\/div>\n\t\n\n\t\t<\/div>\n\t\t\t\t\t<\/div>\n\n\t\n\n\t<div id=\"col-254304850\" class=\"col medium-6 small-12 large-4\"  data-animate=\"fadeInUp\">\n\t\t\t\t<div class=\"col-inner\"  >\n\t\t\t\n\t\t\t\n\n\t<div class=\"box has-hover   has-hover box-text-bottom\" >\n\n\t\t<div class=\"box-image\" >\n\t\t\t<a href=\"https:\/\/www.hotelvillaromanticparis.com\/it\/camera-superior\/\"  >\t\t\t<div class=\"image-zoom-long\" >\n\t\t\t\t<img decoding=\"async\" width=\"1020\" height=\"680\" src=\"https:\/\/www.hotelvillaromanticparis.com\/wp-content\/uploads\/2022\/05\/chambre_404_02-1024x683.jpg\" class=\"attachment-large size-large\" alt=\"\" srcset=\"https:\/\/www.hotelvillaromanticparis.com\/wp-content\/uploads\/2022\/05\/chambre_404_02-1024x683.jpg 1024w, https:\/\/www.hotelvillaromanticparis.com\/wp-content\/uploads\/2022\/05\/chambre_404_02-300x200.jpg 300w, https:\/\/www.hotelvillaromanticparis.com\/wp-content\/uploads\/2022\/05\/chambre_404_02-768x512.jpg 768w, https:\/\/www.hotelvillaromanticparis.com\/wp-content\/uploads\/2022\/05\/chambre_404_02-1536x1024.jpg 1536w, https:\/\/www.hotelvillaromanticparis.com\/wp-content\/uploads\/2022\/05\/chambre_404_02.jpg 1920w\" sizes=\"(max-width: 1020px) 100vw, 1020px\" \/>\t\t\t\t\t\t\t\t\t\t\t<\/div>\n\t\t\t<\/a>\t\t<\/div>\n\n\t\t<div class=\"box-text text-center\" >\n\t\t\t<div class=\"box-text-inner\">\n\t\t\t\t\n\n<h3><a href=\"https:\/\/www.hotelvillaromanticparis.com\/it\/camera-superior\/\">SUPERIOR<\/a><\/h3>\n\n\t\t\t<\/div>\n\t\t<\/div>\n\t<\/div>\n\t\n\n\t\t<\/div>\n\t\t\t\t\t<\/div>\n\n\t\n\n\t<div id=\"col-1791655528\" class=\"col medium-6 small-12 large-4\"  data-animate=\"fadeInUp\">\n\t\t\t\t<div class=\"col-inner\"  >\n\t\t\t\n\t\t\t\n\n\t<div class=\"box has-hover   has-hover box-text-bottom\" >\n\n\t\t<div class=\"box-image\" >\n\t\t\t<a href=\"https:\/\/www.hotelvillaromanticparis.com\/it\/camera-superior-con-terrazzo\/\"  >\t\t\t<div class=\"image-zoom-long\" >\n\t\t\t\t<img decoding=\"async\" width=\"1020\" height=\"680\" src=\"https:\/\/www.hotelvillaromanticparis.com\/wp-content\/uploads\/2022\/05\/chambre_106_01-1024x683.jpg\" class=\"attachment-large size-large\" alt=\"\" srcset=\"https:\/\/www.hotelvillaromanticparis.com\/wp-content\/uploads\/2022\/05\/chambre_106_01-1024x683.jpg 1024w, https:\/\/www.hotelvillaromanticparis.com\/wp-content\/uploads\/2022\/05\/chambre_106_01-300x200.jpg 300w, https:\/\/www.hotelvillaromanticparis.com\/wp-content\/uploads\/2022\/05\/chambre_106_01-768x512.jpg 768w, https:\/\/www.hotelvillaromanticparis.com\/wp-content\/uploads\/2022\/05\/chambre_106_01-1536x1024.jpg 1536w, https:\/\/www.hotelvillaromanticparis.com\/wp-content\/uploads\/2022\/05\/chambre_106_01.jpg 1920w\" sizes=\"(max-width: 1020px) 100vw, 1020px\" \/>\t\t\t\t\t\t\t\t\t\t\t<\/div>\n\t\t\t<\/a>\t\t<\/div>\n\n\t\t<div class=\"box-text text-center\" >\n\t\t\t<div class=\"box-text-inner\">\n\t\t\t\t\n\n<h3><a href=\"https:\/\/www.hotelvillaromanticparis.com\/it\/camera-superior-con-terrazzo\/\">SUPERIOR CON TERRAZZO<\/a><\/h3>\n\n\t\t\t<\/div>\n\t\t<\/div>\n\t<\/div>\n\t\n\n\t\t<\/div>\n\t\t\t\t\t<\/div>\n\n\t\n\n\t<div id=\"col-761241252\" class=\"col medium-6 small-12 large-4\"  data-animate=\"fadeInUp\">\n\t\t\t\t<div class=\"col-inner\"  >\n\t\t\t\n\t\t\t\n\n\t<div class=\"box has-hover   has-hover box-text-bottom\" >\n\n\t\t<div class=\"box-image\" >\n\t\t\t<a href=\"https:\/\/www.hotelvillaromanticparis.com\/it\/camera-deluxe\/\"  >\t\t\t<div class=\"image-zoom-long\" >\n\t\t\t\t<img decoding=\"async\" width=\"1020\" height=\"680\" src=\"https:\/\/www.hotelvillaromanticparis.com\/wp-content\/uploads\/2022\/05\/chambre_303_01-1024x683.jpg\" class=\"attachment-large size-large\" alt=\"\" srcset=\"https:\/\/www.hotelvillaromanticparis.com\/wp-content\/uploads\/2022\/05\/chambre_303_01-1024x683.jpg 1024w, https:\/\/www.hotelvillaromanticparis.com\/wp-content\/uploads\/2022\/05\/chambre_303_01-300x200.jpg 300w, https:\/\/www.hotelvillaromanticparis.com\/wp-content\/uploads\/2022\/05\/chambre_303_01-768x512.jpg 768w, https:\/\/www.hotelvillaromanticparis.com\/wp-content\/uploads\/2022\/05\/chambre_303_01-1536x1024.jpg 1536w, https:\/\/www.hotelvillaromanticparis.com\/wp-content\/uploads\/2022\/05\/chambre_303_01.jpg 1920w\" sizes=\"(max-width: 1020px) 100vw, 1020px\" \/>\t\t\t\t\t\t\t\t\t\t\t<\/div>\n\t\t\t<\/a>\t\t<\/div>\n\n\t\t<div class=\"box-text text-center\" >\n\t\t\t<div class=\"box-text-inner\">\n\t\t\t\t\n\n<h3><a href=\"https:\/\/www.hotelvillaromanticparis.com\/it\/camera-deluxe\/\">DELUXE<\/a><\/h3>\n\n\t\t\t<\/div>\n\t\t<\/div>\n\t<\/div>\n\t\n\n\t\t<\/div>\n\t\t\t\t\t<\/div>\n\n\t\n\n\t<div id=\"col-479569724\" class=\"col medium-6 small-12 large-4\"  data-animate=\"fadeInUp\">\n\t\t\t\t<div class=\"col-inner\"  >\n\t\t\t\n\t\t\t\n\n\t<div class=\"box has-hover   has-hover box-text-bottom\" >\n\n\t\t<div class=\"box-image\" >\n\t\t\t<a href=\"https:\/\/www.hotelvillaromanticparis.com\/it\/suite\/\"  >\t\t\t<div class=\"image-zoom-long\" >\n\t\t\t\t<img decoding=\"async\" width=\"1020\" height=\"680\" src=\"https:\/\/www.hotelvillaromanticparis.com\/wp-content\/uploads\/2022\/05\/chambre_502_01-1024x683.jpg\" class=\"attachment-large size-large\" alt=\"\" srcset=\"https:\/\/www.hotelvillaromanticparis.com\/wp-content\/uploads\/2022\/05\/chambre_502_01-1024x683.jpg 1024w, https:\/\/www.hotelvillaromanticparis.com\/wp-content\/uploads\/2022\/05\/chambre_502_01-300x200.jpg 300w, https:\/\/www.hotelvillaromanticparis.com\/wp-content\/uploads\/2022\/05\/chambre_502_01-768x512.jpg 768w, https:\/\/www.hotelvillaromanticparis.com\/wp-content\/uploads\/2022\/05\/chambre_502_01-1536x1024.jpg 1536w, https:\/\/www.hotelvillaromanticparis.com\/wp-content\/uploads\/2022\/05\/chambre_502_01.jpg 1920w\" sizes=\"(max-width: 1020px) 100vw, 1020px\" \/>\t\t\t\t\t\t\t\t\t\t\t<\/div>\n\t\t\t<\/a>\t\t<\/div>\n\n\t\t<div class=\"box-text text-center\" >\n\t\t\t<div class=\"box-text-inner\">\n\t\t\t\t\n\n<h3><a href=\"https:\/\/www.hotelvillaromanticparis.com\/it\/suite\/\">SUITE ROMANTICA<\/a><\/h3>\n\n\t\t\t<\/div>\n\t\t<\/div>\n\t<\/div>\n\t\n\n\t\t<\/div>\n\t\t\t\t\t<\/div>\n\n\t\n\n\t<div id=\"col-572653860\" class=\"col medium-6 small-12 large-4\"  data-animate=\"bounceInUp\">\n\t\t\t\t<div class=\"col-inner\"  >\n\t\t\t\n\t\t\t\n\n\t<div class=\"box has-hover   has-hover box-text-bottom\" >\n\n\t\t<div class=\"box-image\" >\n\t\t\t<a href=\"https:\/\/www.hotelvillaromanticparis.com\/it\/suite-duplex\/\"  >\t\t\t<div class=\"image-zoom-long\" >\n\t\t\t\t<img decoding=\"async\" width=\"1020\" height=\"680\" src=\"https:\/\/www.hotelvillaromanticparis.com\/wp-content\/uploads\/2022\/05\/chambre_403_03-1024x683.jpg\" class=\"attachment-large size-large\" alt=\"\" srcset=\"https:\/\/www.hotelvillaromanticparis.com\/wp-content\/uploads\/2022\/05\/chambre_403_03-1024x683.jpg 1024w, https:\/\/www.hotelvillaromanticparis.com\/wp-content\/uploads\/2022\/05\/chambre_403_03-300x200.jpg 300w, https:\/\/www.hotelvillaromanticparis.com\/wp-content\/uploads\/2022\/05\/chambre_403_03-768x512.jpg 768w, https:\/\/www.hotelvillaromanticparis.com\/wp-content\/uploads\/2022\/05\/chambre_403_03-1536x1024.jpg 1536w, https:\/\/www.hotelvillaromanticparis.com\/wp-content\/uploads\/2022\/05\/chambre_403_03.jpg 1920w\" sizes=\"(max-width: 1020px) 100vw, 1020px\" \/>\t\t\t\t\t\t\t\t\t\t\t<\/div>\n\t\t\t<\/a>\t\t<\/div>\n\n\t\t<div class=\"box-text text-center\" >\n\t\t\t<div class=\"box-text-inner\">\n\t\t\t\t\n\n<h3><a href=\"https:\/\/www.hotelvillaromanticparis.com\/it\/suite-duplex\/\">SUITE DUPLEX<\/a><\/h3>\n\n\t\t\t<\/div>\n\t\t<\/div>\n\t<\/div>\n\t\n\n\t\t<\/div>\n\t\t\t\t\t<\/div>\n\n\t\n\n<\/div>\n\n\t\t<\/div>\n\n\t\t\n<style>\n#section_18329914 {\n  padding-top: 0px;\n  padding-bottom: 0px;\n}\n<\/style>\n\t<\/section>\n\t\n\t<section class=\"section\" id=\"section_1392281064\">\n\t\t<div class=\"bg section-bg fill bg-fill  \" >\n\n\t\t\t\n\t\t\t\n\t\t\t\n\n\t\t<\/div>\n\n\t\t<div class=\"section-content relative\">\n\t\t\t\n\n<div class=\"row align-middle align-center\"  id=\"row-1664313810\">\n\n\n\t<div id=\"col-2011614968\" class=\"col small-12 large-12\"  >\n\t\t\t\t<div class=\"col-inner\"  >\n\t\t\t\n\t\t\t\n\n<h3 class=\"thin-font\" style=\"text-align: center; font-size:32px; color:#fff;\">Servizi e attrezzature nelle camere<br \/>****<\/h3>\n\n\t\t<\/div>\n\t\t\t\t\n<style>\n#col-2011614968 > .col-inner {\n  margin: 50px 0px 0px 0px;\n}\n<\/style>\n\t<\/div>\n\n\t\n\n<\/div>\n\n\t\t<\/div>\n\n\t\t\n<style>\n#section_1392281064 {\n  padding-top: 0px;\n  padding-bottom: 0px;\n}\n#section_1392281064 .section-bg.bg-loaded {\n  background-image: url(https:\/\/www.hotelvillaromanticparis.com\/wp-content\/uploads\/2022\/05\/chambre_501_01.jpg);\n}\n#section_1392281064 .section-bg {\n  background-position: bottom;\n}\n@media (min-width:550px) {\n  #section_1392281064 {\n    padding-top: 40px;\n    padding-bottom: 40px;\n  }\n}\n<\/style>\n\t<\/section>\n\t\n\t<section class=\"section\" id=\"section_813821982\">\n\t\t<div class=\"bg section-bg fill bg-fill  bg-loaded\" >\n\n\t\t\t\n\t\t\t\n\t\t\t\n\n\t\t<\/div>\n\n\t\t<div class=\"section-content relative\">\n\t\t\t\n\n<div class=\"row row-small align-center\"  id=\"row-516251838\">\n\n\n\t<div id=\"col-1098604821\" class=\"col medium-6 small-12 large-6\"  >\n\t\t\t\t<div class=\"col-inner\"  >\n\t\t\t\n\t\t\t\n\n<ul>\n<li>Vassoio di cortesia: Macchina da caff\u00e8 Nespresso, bollitore, tazze, caff\u00e8, t\u00e8<\/li>\n<li>Prodotti di benvenuto Sothys<\/li>\n<li>Wi-Fi gratuito e illimitato<\/li>\n<li>Schermo piatto con canali internazionali (beIN Sports)<\/li>\n<li>Mini bar<\/li>\n<li>Cassaforte<\/li>\n<li>Tutte le nostre camere sono non fumatori, comprese le terrazze e il cortile.<\/li>\n<\/ul>\n\n\n\t\t<\/div>\n\t\t\t\t\t<\/div>\n\n\t\n\n\t<div id=\"col-1722187093\" class=\"col medium-6 small-12 large-6\"  >\n\t\t\t\t<div class=\"col-inner\"  >\n\t\t\t\n\t\t\t\n\n<ul>\n<li>Bottiglia d&#8217;acqua<\/li>\n<li>Vista su Rue du Banquier o sul patio interno<\/li>\n<li>Scrivania con sedia<\/li>\n<li>Accappatoi e pantofole<\/li>\n<li>Armadio con appendiabiti<\/li>\n<li>Comodini con lampade<\/li>\n<li>Vasche da bagno in alcune camere<\/li>\n<\/ul>\n\n\t\t<\/div>\n\t\t\t\t\t<\/div>\n\n\t\n\n<\/div>\n\n\t\t<\/div>\n\n\t\t\n<style>\n#section_813821982 {\n  padding-top: 50px;\n  padding-bottom: 50px;\n}\n<\/style>\n\t<\/section>\n\t\n\n","protected":false},"excerpt":{"rendered":"","protected":false},"author":1,"featured_media":0,"parent":0,"menu_order":0,"comment_status":"closed","ping_status":"closed","template":"page-blank.php","meta":{"footnotes":""},"class_list":["post-1064","page","type-page","status-publish","hentry"],"yoast_head":"<!-- This site is optimized with the Yoast SEO plugin v24.6 - https:\/\/yoast.com\/wordpress\/plugins\/seo\/ -->\n<title>Camere eleganti e accoglienti dell&#039;hotel Villa Romantic Paris<\/title>\n<meta name=\"description\" content=\"Le 56 camere dell&#039;hotel Villa Romantic Paris sono veri e propri oasi di pace nel cuore della citt\u00e0.\" \/>\n<meta name=\"robots\" content=\"index, follow, max-snippet:-1, max-image-preview:large, max-video-preview:-1\" \/>\n<link rel=\"canonical\" href=\"https:\/\/www.hotelvillaromanticparis.com\/it\/camere\/\" \/>\n<meta property=\"og:locale\" content=\"it_IT\" \/>\n<meta property=\"og:type\" content=\"article\" \/>\n<meta property=\"og:title\" content=\"Camere eleganti e accoglienti dell&#039;hotel Villa Romantic Paris\" \/>\n<meta property=\"og:description\" content=\"Le 56 camere dell&#039;hotel Villa Romantic Paris sono veri e propri oasi di pace nel cuore della citt\u00e0.\" \/>\n<meta property=\"og:url\" content=\"https:\/\/www.hotelvillaromanticparis.com\/it\/camere\/\" \/>\n<meta property=\"og:site_name\" content=\"Villa Romantic\" \/>\n<meta property=\"article:modified_time\" content=\"2025-05-08T16:51:43+00:00\" \/>\n<meta name=\"twitter:card\" content=\"summary_large_image\" \/>\n<meta name=\"twitter:label1\" content=\"Tempo di lettura stimato\" \/>\n\t<meta name=\"twitter:data1\" content=\"3 minuti\" \/>\n<script type=\"application\/ld+json\" class=\"yoast-schema-graph\">{\"@context\":\"https:\/\/schema.org\",\"@graph\":[{\"@type\":\"WebPage\",\"@id\":\"https:\/\/www.hotelvillaromanticparis.com\/it\/camere\/\",\"url\":\"https:\/\/www.hotelvillaromanticparis.com\/it\/camere\/\",\"name\":\"Camere eleganti e accoglienti dell'hotel Villa Romantic Paris\",\"isPartOf\":{\"@id\":\"https:\/\/www.hotelvillaromanticparis.com\/#website\"},\"datePublished\":\"2022-05-09T15:23:44+00:00\",\"dateModified\":\"2025-05-08T16:51:43+00:00\",\"description\":\"Le 56 camere dell'hotel Villa Romantic Paris sono veri e propri oasi di pace nel cuore della citt\u00e0.\",\"breadcrumb\":{\"@id\":\"https:\/\/www.hotelvillaromanticparis.com\/it\/camere\/#breadcrumb\"},\"inLanguage\":\"it-IT\",\"potentialAction\":[{\"@type\":\"ReadAction\",\"target\":[\"https:\/\/www.hotelvillaromanticparis.com\/it\/camere\/\"]}]},{\"@type\":\"BreadcrumbList\",\"@id\":\"https:\/\/www.hotelvillaromanticparis.com\/it\/camere\/#breadcrumb\",\"itemListElement\":[{\"@type\":\"ListItem\",\"position\":1,\"name\":\"Accueil\",\"item\":\"https:\/\/www.hotelvillaromanticparis.com\/it\/\"},{\"@type\":\"ListItem\",\"position\":2,\"name\":\"Chambres\"}]},{\"@type\":\"WebSite\",\"@id\":\"https:\/\/www.hotelvillaromanticparis.com\/#website\",\"url\":\"https:\/\/www.hotelvillaromanticparis.com\/\",\"name\":\"Villa Romantic\",\"description\":\"A proximit\u00e9 du quartier latin\",\"potentialAction\":[{\"@type\":\"SearchAction\",\"target\":{\"@type\":\"EntryPoint\",\"urlTemplate\":\"https:\/\/www.hotelvillaromanticparis.com\/?s={search_term_string}\"},\"query-input\":{\"@type\":\"PropertyValueSpecification\",\"valueRequired\":true,\"valueName\":\"search_term_string\"}}],\"inLanguage\":\"it-IT\"}]}<\/script>\n<!-- \/ Yoast SEO plugin. -->","yoast_head_json":{"title":"Camere eleganti e accoglienti dell'hotel Villa Romantic Paris","description":"Le 56 camere dell'hotel Villa Romantic Paris sono veri e propri oasi di pace nel cuore della citt\u00e0.","robots":{"index":"index","follow":"follow","max-snippet":"max-snippet:-1","max-image-preview":"max-image-preview:large","max-video-preview":"max-video-preview:-1"},"canonical":"https:\/\/www.hotelvillaromanticparis.com\/it\/camere\/","og_locale":"it_IT","og_type":"article","og_title":"Camere eleganti e accoglienti dell'hotel Villa Romantic Paris","og_description":"Le 56 camere dell'hotel Villa Romantic Paris sono veri e propri oasi di pace nel cuore della citt\u00e0.","og_url":"https:\/\/www.hotelvillaromanticparis.com\/it\/camere\/","og_site_name":"Villa Romantic","article_modified_time":"2025-05-08T16:51:43+00:00","twitter_card":"summary_large_image","twitter_misc":{"Tempo di lettura stimato":"3 minuti"},"schema":{"@context":"https:\/\/schema.org","@graph":[{"@type":"WebPage","@id":"https:\/\/www.hotelvillaromanticparis.com\/it\/camere\/","url":"https:\/\/www.hotelvillaromanticparis.com\/it\/camere\/","name":"Camere eleganti e accoglienti dell'hotel Villa Romantic Paris","isPartOf":{"@id":"https:\/\/www.hotelvillaromanticparis.com\/#website"},"datePublished":"2022-05-09T15:23:44+00:00","dateModified":"2025-05-08T16:51:43+00:00","description":"Le 56 camere dell'hotel Villa Romantic Paris sono veri e propri oasi di pace nel cuore della citt\u00e0.","breadcrumb":{"@id":"https:\/\/www.hotelvillaromanticparis.com\/it\/camere\/#breadcrumb"},"inLanguage":"it-IT","potentialAction":[{"@type":"ReadAction","target":["https:\/\/www.hotelvillaromanticparis.com\/it\/camere\/"]}]},{"@type":"BreadcrumbList","@id":"https:\/\/www.hotelvillaromanticparis.com\/it\/camere\/#breadcrumb","itemListElement":[{"@type":"ListItem","position":1,"name":"Accueil","item":"https:\/\/www.hotelvillaromanticparis.com\/it\/"},{"@type":"ListItem","position":2,"name":"Chambres"}]},{"@type":"WebSite","@id":"https:\/\/www.hotelvillaromanticparis.com\/#website","url":"https:\/\/www.hotelvillaromanticparis.com\/","name":"Villa Romantic","description":"A proximit\u00e9 du quartier latin","potentialAction":[{"@type":"SearchAction","target":{"@type":"EntryPoint","urlTemplate":"https:\/\/www.hotelvillaromanticparis.com\/?s={search_term_string}"},"query-input":{"@type":"PropertyValueSpecification","valueRequired":true,"valueName":"search_term_string"}}],"inLanguage":"it-IT"}]}},"_links":{"self":[{"href":"https:\/\/www.hotelvillaromanticparis.com\/it\/wp-json\/wp\/v2\/pages\/1064","targetHints":{"allow":["GET"]}}],"collection":[{"href":"https:\/\/www.hotelvillaromanticparis.com\/it\/wp-json\/wp\/v2\/pages"}],"about":[{"href":"https:\/\/www.hotelvillaromanticparis.com\/it\/wp-json\/wp\/v2\/types\/page"}],"author":[{"embeddable":true,"href":"https:\/\/www.hotelvillaromanticparis.com\/it\/wp-json\/wp\/v2\/users\/1"}],"replies":[{"embeddable":true,"href":"https:\/\/www.hotelvillaromanticparis.com\/it\/wp-json\/wp\/v2\/comments?post=1064"}],"version-history":[{"count":11,"href":"https:\/\/www.hotelvillaromanticparis.com\/it\/wp-json\/wp\/v2\/pages\/1064\/revisions"}],"predecessor-version":[{"id":2074,"href":"https:\/\/www.hotelvillaromanticparis.com\/it\/wp-json\/wp\/v2\/pages\/1064\/revisions\/2074"}],"wp:attachment":[{"href":"https:\/\/www.hotelvillaromanticparis.com\/it\/wp-json\/wp\/v2\/media?parent=1064"}],"curies":[{"name":"wp","href":"https:\/\/api.w.org\/{rel}","templated":true}]}}