{"id":1087,"date":"2022-05-10T07:35:16","date_gmt":"2022-05-10T05:35:16","guid":{"rendered":"https:\/\/www.hotelvillaromanticparis.com\/services\/"},"modified":"2023-11-28T16:05:55","modified_gmt":"2023-11-28T15:05:55","slug":"servizi","status":"publish","type":"page","link":"https:\/\/www.hotelvillaromanticparis.com\/it\/servizi\/","title":{"rendered":"Services"},"content":{"rendered":"\n\t<section class=\"section\" id=\"section_784088395\">\n\t\t<div class=\"bg section-bg fill bg-fill  bg-loaded\" >\n\n\t\t\t\n\t\t\t\n\t\t\t\n\n\t\t<\/div>\n\n\t\t<div class=\"section-content relative\">\n\t\t\t\n\n<div class=\"row\"  id=\"row-755277326\">\n\n\n\t<div id=\"col-611378797\" class=\"col small-12 large-12\"  >\n\t\t\t\t<div class=\"col-inner\"  >\n\t\t\t\n\t\t\t\n\n<h1 class=\"uppercase\" style=\"text-align: center;\">SERVIZI PENSATI PER VOI<\/h1>\n\n\t\t<\/div>\n\t\t\t\t\n<style>\n#col-611378797 > .col-inner {\n  margin: 50px 0px 0px 0px;\n}\n<\/style>\n\t<\/div>\n\n\t\n\n<\/div>\n<div class=\"row row-collapse row-full-width align-middle\"  id=\"row-942338333\">\n\n\n\t<div id=\"col-1865172145\" class=\"col medium-12 small-12 large-6\"  data-animate=\"fadeInLeft\">\n\t\t\t\t<div class=\"col-inner\"  >\n\t\t\t\n\t\t\t\n\n\t<div class=\"img has-hover x md-x lg-x y md-y lg-y\" id=\"image_1012971589\">\n\t\t\t\t\t\t\t\t<div class=\"img-inner dark\" >\n\t\t\t<img decoding=\"async\" width=\"1500\" height=\"1000\" src=\"https:\/\/www.hotelvillaromanticparis.com\/wp-content\/uploads\/2022\/08\/Onglet-Services-Nos-Services.jpg\" class=\"attachment-original size-original\" alt=\"Services H\u00f4tel &amp; Spa Villa Romantic Paris\" srcset=\"https:\/\/www.hotelvillaromanticparis.com\/wp-content\/uploads\/2022\/08\/Onglet-Services-Nos-Services.jpg 1500w, https:\/\/www.hotelvillaromanticparis.com\/wp-content\/uploads\/2022\/08\/Onglet-Services-Nos-Services-300x200.jpg 300w, https:\/\/www.hotelvillaromanticparis.com\/wp-content\/uploads\/2022\/08\/Onglet-Services-Nos-Services-1024x683.jpg 1024w, https:\/\/www.hotelvillaromanticparis.com\/wp-content\/uploads\/2022\/08\/Onglet-Services-Nos-Services-768x512.jpg 768w\" sizes=\"(max-width: 1500px) 100vw, 1500px\" \/>\t\t\t\t\t\t\n\t\t\t\t\t<\/div>\n\t\t\t\t\t\t\t\t\n<style>\n#image_1012971589 {\n  width: 100%;\n}\n<\/style>\n\t<\/div>\n\t\n\n\n\t\t<\/div>\n\t\t\t\t\t<\/div>\n\n\t\n\n\t<div id=\"col-60997198\" class=\"col medium-12 small-12 large-6\"  data-animate=\"fadeInRight\">\n\t\t\t\t<div class=\"col-inner\"  >\n\t\t\t\n\t\t\t\n\n<h2>I NOSTRI SERVIZI<\/h2>\n<p>La Villa Romantic \u00e8 un&#8217;oasi nel cuore della citt\u00e0. Nei salotti, nelle camere da letto e nelle aree benessere, \u00e8 stata posta particolare attenzione nel creare un universo decorativo unico, un&#8217;atmosfera calda e raffinata e piccoli dettagli e servizi che facilitano la vita quotidiana. <\/p>\n<p>Il profumo di gelsomino nel lussureggiante patio, gli accoglienti salottini dove sedersi per gustare un bicchiere di vino o leggere un libro&#8230; Tutto \u00e8 stato pensato per creare ricordi e farvi trascorrere momenti indimenticabili.<\/p>\n\n\t\t<\/div>\n\t\t\t\t\n<style>\n#col-60997198 > .col-inner {\n  padding: 20px 50px 20px 50px;\n}\n<\/style>\n\t<\/div>\n\n\t\n\n<\/div>\n<div class=\"text-center\"><div class=\"is-divider divider clearfix\" style=\"max-width:150px;\"><\/div><\/div>\n\n<div class=\"row row-collapse row-full-width align-middle\"  id=\"row-1351905149\">\n\n\n\t<div id=\"col-1425428975\" class=\"col medium-12 small-12 large-6\"  data-animate=\"fadeInRight\">\n\t\t\t\t<div class=\"col-inner\"  >\n\t\t\t\n\t\t\t\n\n<h2>COLAZIONE<\/h2>\n<p>Per iniziare la giornata alla francese, Villa Romantic offre una ricca colazione a buffet. Bevande calde, succhi di frutta, pasticcini e pane, cereali e dolci, frutta e latticini&#8230; <\/p>\n<p>Abbiamo puntato sulla qualit\u00e0 e sulla bont\u00e0 per farvi assaporare tutta la ricchezza della gastronomia. <\/p>\n<p>Dalle 7:00 alle 11:00, sedetevi e rilassatevi su una panchina colorata e invitante nella bellissima sala dedicata, ispirata all&#8217;Art D\u00e9co. <\/p>\n\n\t\t<\/div>\n\t\t\t\t\n<style>\n#col-1425428975 > .col-inner {\n  padding: 20px 50px 20px 50px;\n}\n<\/style>\n\t<\/div>\n\n\t\n\n\t<div id=\"col-418133430\" class=\"col medium-12 small-12 large-6 medium-col-first\"  data-animate=\"fadeInLeft\">\n\t\t\t\t<div class=\"col-inner\"  >\n\t\t\t\n\t\t\t\n\n\t<div class=\"img has-hover x md-x lg-x y md-y lg-y\" id=\"image_679365104\">\n\t\t\t\t\t\t\t\t<div class=\"img-inner dark\" >\n\t\t\t<img decoding=\"async\" width=\"1500\" height=\"1000\" src=\"https:\/\/www.hotelvillaromanticparis.com\/wp-content\/uploads\/2022\/08\/Onglet-Services-Petit-dejeuner.jpg\" class=\"attachment-original size-original\" alt=\"Piscine H\u00f4tel &amp; Spa Villa Romantic Paris\" srcset=\"https:\/\/www.hotelvillaromanticparis.com\/wp-content\/uploads\/2022\/08\/Onglet-Services-Petit-dejeuner.jpg 1500w, https:\/\/www.hotelvillaromanticparis.com\/wp-content\/uploads\/2022\/08\/Onglet-Services-Petit-dejeuner-300x200.jpg 300w, https:\/\/www.hotelvillaromanticparis.com\/wp-content\/uploads\/2022\/08\/Onglet-Services-Petit-dejeuner-1024x683.jpg 1024w, https:\/\/www.hotelvillaromanticparis.com\/wp-content\/uploads\/2022\/08\/Onglet-Services-Petit-dejeuner-768x512.jpg 768w\" sizes=\"(max-width: 1500px) 100vw, 1500px\" \/>\t\t\t\t\t\t\n\t\t\t\t\t<\/div>\n\t\t\t\t\t\t\t\t\n<style>\n#image_679365104 {\n  width: 100%;\n}\n<\/style>\n\t<\/div>\n\t\n\n\n\t\t<\/div>\n\t\t\t\t\t<\/div>\n\n\t\n\n<\/div>\n<div class=\"text-center\"><div class=\"is-divider divider clearfix\" style=\"max-width:150px;\"><\/div><\/div>\n\n<div class=\"row row-collapse row-full-width align-middle\"  id=\"row-1080457664\">\n\n\n\t<div id=\"col-627252161\" class=\"col medium-12 small-12 large-6\"  data-animate=\"fadeInLeft\">\n\t\t\t\t<div class=\"col-inner\"  >\n\t\t\t\n\t\t\t\n\n\t<div class=\"img has-hover x md-x lg-x y md-y lg-y\" id=\"image_1980314428\">\n\t\t\t\t\t\t\t\t<div class=\"img-inner dark\" >\n\t\t\t<img decoding=\"async\" width=\"1500\" height=\"1000\" src=\"https:\/\/www.hotelvillaromanticparis.com\/wp-content\/uploads\/2022\/08\/Onglet-Services-Conciergerie.jpg\" class=\"attachment-original size-original\" alt=\"Piscine H\u00f4tel &amp; Spa Villa Romantic Paris\" srcset=\"https:\/\/www.hotelvillaromanticparis.com\/wp-content\/uploads\/2022\/08\/Onglet-Services-Conciergerie.jpg 1500w, https:\/\/www.hotelvillaromanticparis.com\/wp-content\/uploads\/2022\/08\/Onglet-Services-Conciergerie-300x200.jpg 300w, https:\/\/www.hotelvillaromanticparis.com\/wp-content\/uploads\/2022\/08\/Onglet-Services-Conciergerie-1024x683.jpg 1024w, https:\/\/www.hotelvillaromanticparis.com\/wp-content\/uploads\/2022\/08\/Onglet-Services-Conciergerie-768x512.jpg 768w\" sizes=\"(max-width: 1500px) 100vw, 1500px\" \/>\t\t\t\t\t\t\n\t\t\t\t\t<\/div>\n\t\t\t\t\t\t\t\t\n<style>\n#image_1980314428 {\n  width: 100%;\n}\n<\/style>\n\t<\/div>\n\t\n\n\n\t\t<\/div>\n\t\t\t\t\t<\/div>\n\n\t\n\n\t<div id=\"col-1385858245\" class=\"col medium-12 small-12 large-6\"  data-animate=\"fadeInRight\">\n\t\t\t\t<div class=\"col-inner\"  >\n\t\t\t\n\t\t\t\n\n<h2>CONCIERGE<\/h2>\n<p>Volete scoprire un buon ristorante, prenotare visite, passeggiate o gite, conoscere i migliori luoghi della zona o scoprire aneddoti sulla citt\u00e0? Il nostro team, appassionato ed entusiasta, risponder\u00e0 a tutte le vostre domande e realizzer\u00e0 tutti i vostri desideri. <\/p>\n<p>Qui, un servizio clienti attento e il benessere sono le parole chiave per soddisfare il vostro soggiorno nella citt\u00e0 pi\u00f9 bella del mondo. <\/p>\n\n\t\t<\/div>\n\t\t\t\t\n<style>\n#col-1385858245 > .col-inner {\n  padding: 20px 50px 20px 50px;\n}\n<\/style>\n\t<\/div>\n\n\t\n\n<\/div>\n<div class=\"text-center\"><div class=\"is-divider divider clearfix\" style=\"max-width:150px;\"><\/div><\/div>\n\n<div class=\"row row-collapse row-full-width align-middle\"  id=\"row-1140169211\">\n\n\n\t<div id=\"col-709739110\" class=\"col medium-12 small-12 large-6\"  data-animate=\"fadeInRight\">\n\t\t\t\t<div class=\"col-inner\"  >\n\t\t\t\n\t\t\t\n\n<h2>PARCHEGGIO SU PRENOTAZIONE &#8211; Soggetto a disponibilit\u00e0 il giorno dell&#8217;arrivo (35 euro a notte)<\/h2>\n<p>L&#8217;hotel mette a disposizione posti auto in box custoditi nelle immediate vicinanze dell&#8217;albergo. Perfetto per parcheggiare in sicurezza il vostro veicolo.<\/p>\n<h2>Tutti i servizi:<\/h2>\n<ul style=\"line-height: 16px;\">\n<li>Colazione 07:00-11-00<\/li>\n<li>Servizio di concierge<\/li>\n<li>Parcheggio<\/li>\n<li>Area benessere<\/li>\n<li>Bar con macchina del vino<\/li>\n<li>Servizio in camera<\/li>\n<li>Servizio di lavanderia<\/li>\n<li>Prodotti di cortesia aggiuntivi disponibili su richiesta (spazzolini da denti, rasoi, pettini, calzari, set femminili, ecc.)<\/li>\n<li>Biblioteca<\/li>\n<li>Stampa e giornali digitali<\/li>\n<\/ul>\n\n\n\t\t<\/div>\n\t\t\t\t\n<style>\n#col-709739110 > .col-inner {\n  padding: 20px 50px 20px 50px;\n}\n<\/style>\n\t<\/div>\n\n\t\n\n\t<div id=\"col-727593344\" class=\"col medium-12 small-12 large-6 medium-col-first\"  data-animate=\"fadeInLeft\">\n\t\t\t\t<div class=\"col-inner\"  >\n\t\t\t\n\t\t\t\n\n\t<div class=\"img has-hover x md-x lg-x y md-y lg-y\" id=\"image_416611316\">\n\t\t\t\t\t\t\t\t<div class=\"img-inner dark\" >\n\t\t\t<img decoding=\"async\" width=\"1500\" height=\"1000\" src=\"https:\/\/www.hotelvillaromanticparis.com\/wp-content\/uploads\/2022\/08\/Ongle-Services-Parking.jpg\" class=\"attachment-original size-original\" alt=\"Piscine H\u00f4tel &amp; Spa Villa Romantic Paris\" srcset=\"https:\/\/www.hotelvillaromanticparis.com\/wp-content\/uploads\/2022\/08\/Ongle-Services-Parking.jpg 1500w, https:\/\/www.hotelvillaromanticparis.com\/wp-content\/uploads\/2022\/08\/Ongle-Services-Parking-300x200.jpg 300w, https:\/\/www.hotelvillaromanticparis.com\/wp-content\/uploads\/2022\/08\/Ongle-Services-Parking-1024x683.jpg 1024w, https:\/\/www.hotelvillaromanticparis.com\/wp-content\/uploads\/2022\/08\/Ongle-Services-Parking-768x512.jpg 768w\" sizes=\"(max-width: 1500px) 100vw, 1500px\" \/>\t\t\t\t\t\t\n\t\t\t\t\t<\/div>\n\t\t\t\t\t\t\t\t\n<style>\n#image_416611316 {\n  width: 100%;\n}\n<\/style>\n\t<\/div>\n\t\n\n\n\t\t<\/div>\n\t\t\t\t\t<\/div>\n\n\t\n\n<\/div>\n\n\t\t<\/div>\n\n\t\t\n<style>\n#section_784088395 {\n  padding-top: 30px;\n  padding-bottom: 30px;\n}\n<\/style>\n\t<\/section>\n\t\n\n","protected":false},"excerpt":{"rendered":"","protected":false},"author":1,"featured_media":0,"parent":0,"menu_order":0,"comment_status":"closed","ping_status":"closed","template":"page-blank.php","meta":{"footnotes":""},"class_list":["post-1087","page","type-page","status-publish","hentry"],"yoast_head":"<!-- This site is optimized with the Yoast SEO plugin v24.6 - https:\/\/yoast.com\/wordpress\/plugins\/seo\/ -->\n<title>Servizi dell&#039;hotel Villa Romantic Paris, PENSATI PER VOI<\/title>\n<meta name=\"description\" content=\"Tutto \u00e8 stato pensato per creare ricordi e farvi trascorrere momenti indimenticabili.\" \/>\n<meta name=\"robots\" content=\"index, follow, max-snippet:-1, max-image-preview:large, max-video-preview:-1\" \/>\n<link rel=\"canonical\" href=\"https:\/\/www.hotelvillaromanticparis.com\/it\/servizi\/\" \/>\n<meta property=\"og:locale\" content=\"it_IT\" \/>\n<meta property=\"og:type\" content=\"article\" \/>\n<meta property=\"og:title\" content=\"Servizi dell&#039;hotel Villa Romantic Paris, PENSATI PER VOI\" \/>\n<meta property=\"og:description\" content=\"Tutto \u00e8 stato pensato per creare ricordi e farvi trascorrere momenti indimenticabili.\" \/>\n<meta property=\"og:url\" content=\"https:\/\/www.hotelvillaromanticparis.com\/it\/servizi\/\" \/>\n<meta property=\"og:site_name\" content=\"Villa Romantic\" \/>\n<meta property=\"article:modified_time\" content=\"2023-11-28T15:05:55+00:00\" \/>\n<meta name=\"twitter:card\" content=\"summary_large_image\" \/>\n<meta name=\"twitter:label1\" content=\"Tempo di lettura stimato\" \/>\n\t<meta name=\"twitter:data1\" content=\"3 minuti\" \/>\n<script type=\"application\/ld+json\" class=\"yoast-schema-graph\">{\"@context\":\"https:\/\/schema.org\",\"@graph\":[{\"@type\":\"WebPage\",\"@id\":\"https:\/\/www.hotelvillaromanticparis.com\/it\/servizi\/\",\"url\":\"https:\/\/www.hotelvillaromanticparis.com\/it\/servizi\/\",\"name\":\"Servizi dell'hotel Villa Romantic Paris, PENSATI PER VOI\",\"isPartOf\":{\"@id\":\"https:\/\/www.hotelvillaromanticparis.com\/#website\"},\"datePublished\":\"2022-05-10T05:35:16+00:00\",\"dateModified\":\"2023-11-28T15:05:55+00:00\",\"description\":\"Tutto \u00e8 stato pensato per creare ricordi e farvi trascorrere momenti indimenticabili.\",\"breadcrumb\":{\"@id\":\"https:\/\/www.hotelvillaromanticparis.com\/it\/servizi\/#breadcrumb\"},\"inLanguage\":\"it-IT\",\"potentialAction\":[{\"@type\":\"ReadAction\",\"target\":[\"https:\/\/www.hotelvillaromanticparis.com\/it\/servizi\/\"]}]},{\"@type\":\"BreadcrumbList\",\"@id\":\"https:\/\/www.hotelvillaromanticparis.com\/it\/servizi\/#breadcrumb\",\"itemListElement\":[{\"@type\":\"ListItem\",\"position\":1,\"name\":\"Accueil\",\"item\":\"https:\/\/www.hotelvillaromanticparis.com\/it\/\"},{\"@type\":\"ListItem\",\"position\":2,\"name\":\"Services\"}]},{\"@type\":\"WebSite\",\"@id\":\"https:\/\/www.hotelvillaromanticparis.com\/#website\",\"url\":\"https:\/\/www.hotelvillaromanticparis.com\/\",\"name\":\"Villa Romantic\",\"description\":\"A proximit\u00e9 du quartier latin\",\"potentialAction\":[{\"@type\":\"SearchAction\",\"target\":{\"@type\":\"EntryPoint\",\"urlTemplate\":\"https:\/\/www.hotelvillaromanticparis.com\/?s={search_term_string}\"},\"query-input\":{\"@type\":\"PropertyValueSpecification\",\"valueRequired\":true,\"valueName\":\"search_term_string\"}}],\"inLanguage\":\"it-IT\"}]}<\/script>\n<!-- \/ Yoast SEO plugin. -->","yoast_head_json":{"title":"Servizi dell'hotel Villa Romantic Paris, PENSATI PER VOI","description":"Tutto \u00e8 stato pensato per creare ricordi e farvi trascorrere momenti indimenticabili.","robots":{"index":"index","follow":"follow","max-snippet":"max-snippet:-1","max-image-preview":"max-image-preview:large","max-video-preview":"max-video-preview:-1"},"canonical":"https:\/\/www.hotelvillaromanticparis.com\/it\/servizi\/","og_locale":"it_IT","og_type":"article","og_title":"Servizi dell'hotel Villa Romantic Paris, PENSATI PER VOI","og_description":"Tutto \u00e8 stato pensato per creare ricordi e farvi trascorrere momenti indimenticabili.","og_url":"https:\/\/www.hotelvillaromanticparis.com\/it\/servizi\/","og_site_name":"Villa Romantic","article_modified_time":"2023-11-28T15:05:55+00:00","twitter_card":"summary_large_image","twitter_misc":{"Tempo di lettura stimato":"3 minuti"},"schema":{"@context":"https:\/\/schema.org","@graph":[{"@type":"WebPage","@id":"https:\/\/www.hotelvillaromanticparis.com\/it\/servizi\/","url":"https:\/\/www.hotelvillaromanticparis.com\/it\/servizi\/","name":"Servizi dell'hotel Villa Romantic Paris, PENSATI PER VOI","isPartOf":{"@id":"https:\/\/www.hotelvillaromanticparis.com\/#website"},"datePublished":"2022-05-10T05:35:16+00:00","dateModified":"2023-11-28T15:05:55+00:00","description":"Tutto \u00e8 stato pensato per creare ricordi e farvi trascorrere momenti indimenticabili.","breadcrumb":{"@id":"https:\/\/www.hotelvillaromanticparis.com\/it\/servizi\/#breadcrumb"},"inLanguage":"it-IT","potentialAction":[{"@type":"ReadAction","target":["https:\/\/www.hotelvillaromanticparis.com\/it\/servizi\/"]}]},{"@type":"BreadcrumbList","@id":"https:\/\/www.hotelvillaromanticparis.com\/it\/servizi\/#breadcrumb","itemListElement":[{"@type":"ListItem","position":1,"name":"Accueil","item":"https:\/\/www.hotelvillaromanticparis.com\/it\/"},{"@type":"ListItem","position":2,"name":"Services"}]},{"@type":"WebSite","@id":"https:\/\/www.hotelvillaromanticparis.com\/#website","url":"https:\/\/www.hotelvillaromanticparis.com\/","name":"Villa Romantic","description":"A proximit\u00e9 du quartier latin","potentialAction":[{"@type":"SearchAction","target":{"@type":"EntryPoint","urlTemplate":"https:\/\/www.hotelvillaromanticparis.com\/?s={search_term_string}"},"query-input":{"@type":"PropertyValueSpecification","valueRequired":true,"valueName":"search_term_string"}}],"inLanguage":"it-IT"}]}},"_links":{"self":[{"href":"https:\/\/www.hotelvillaromanticparis.com\/it\/wp-json\/wp\/v2\/pages\/1087","targetHints":{"allow":["GET"]}}],"collection":[{"href":"https:\/\/www.hotelvillaromanticparis.com\/it\/wp-json\/wp\/v2\/pages"}],"about":[{"href":"https:\/\/www.hotelvillaromanticparis.com\/it\/wp-json\/wp\/v2\/types\/page"}],"author":[{"embeddable":true,"href":"https:\/\/www.hotelvillaromanticparis.com\/it\/wp-json\/wp\/v2\/users\/1"}],"replies":[{"embeddable":true,"href":"https:\/\/www.hotelvillaromanticparis.com\/it\/wp-json\/wp\/v2\/comments?post=1087"}],"version-history":[{"count":6,"href":"https:\/\/www.hotelvillaromanticparis.com\/it\/wp-json\/wp\/v2\/pages\/1087\/revisions"}],"predecessor-version":[{"id":1870,"href":"https:\/\/www.hotelvillaromanticparis.com\/it\/wp-json\/wp\/v2\/pages\/1087\/revisions\/1870"}],"wp:attachment":[{"href":"https:\/\/www.hotelvillaromanticparis.com\/it\/wp-json\/wp\/v2\/media?parent=1087"}],"curies":[{"name":"wp","href":"https:\/\/api.w.org\/{rel}","templated":true}]}}