{"id":1060,"date":"2022-05-10T06:01:02","date_gmt":"2022-05-10T04:01:02","guid":{"rendered":"https:\/\/www.hotelvillaromanticparis.com\/chambre-superieure\/"},"modified":"2025-04-28T15:57:00","modified_gmt":"2025-04-28T13:57:00","slug":"quarto-superior","status":"publish","type":"page","link":"https:\/\/www.hotelvillaromanticparis.com\/pt-pt\/quarto-superior\/","title":{"rendered":"Chambre sup\u00e9rieure"},"content":{"rendered":"\n\t<section class=\"section\" id=\"section_205161863\">\n\t\t<div class=\"bg section-bg fill bg-fill  \" >\n\n\t\t\t\n\t\t\t\n\t\t\t\n\n\t\t<\/div>\n\n\t\t<div class=\"section-content relative\">\n\t\t\t\n\n\n\t\t<\/div>\n\n\t\t\n<style>\n#section_205161863 {\n  padding-top: 0px;\n  padding-bottom: 0px;\n  min-height: 450px;\n}\n#section_205161863 .section-bg.bg-loaded {\n  background-image: url(https:\/\/www.hotelvillaromanticparis.com\/wp-content\/uploads\/2022\/05\/chambre_303_02.jpg);\n}\n#section_205161863 .section-bg {\n  background-position: bottom;\n}\n<\/style>\n\t<\/section>\n\t\n\t<section class=\"section\" id=\"section_867865733\">\n\t\t<div class=\"bg section-bg fill bg-fill  bg-loaded\" >\n\n\t\t\t\n\t\t\t\n\t\t\t\n\n\t\t<\/div>\n\n\t\t<div class=\"section-content relative\">\n\t\t\t\n\n<div class=\"row\"  id=\"row-178518818\">\n\n\n\t<div id=\"col-1239799662\" class=\"col medium-6 small-12 large-6\"  >\n\t\t\t\t<div class=\"col-inner\"  >\n\t\t\t\n\t\t\t\n\n<h1 class=\"uppercase\" style=\"text-align: left;\">QUARTO SUPERIOR<\/h1>\n<h2>1 a 2 pessoas &#8211; cama de casal<\/h2>\n<p>Tecidos suaves, cores encantadoras, aromas inebriantes dos produtos de boas-vindas. Os quartos superiores s\u00e3o como um amor juvenil, um ref\u00fagio no qual poder\u00e1 florescer durante a estadia na cidade da luz. Depois de partir, olhar\u00e1 para tr\u00e1s com um sorriso nost\u00e1lgico e o desejo de regressar. <\/p>\n<a rel=\"noopener noreferrer\" href=\"https:\/\/www.secure-hotel-booking.com\/Villa-Romantic\/JS7Q\/pt?hotelId=27083\" target=\"_blank\" class=\"button primary is-outline lowercase\"  >\n    <span>Reserve este quarto<\/span>\n  <\/a>\n\n\n\n\t\t<\/div>\n\t\t\t\t\t<\/div>\n\n\t\n\n\t<div id=\"col-692439569\" class=\"col medium-6 small-12 large-6\"  data-animate=\"fadeInRight\">\n\t\t\t\t<div class=\"col-inner\"  >\n\t\t\t\n\t\t\t\n\n<h2>Galeria de fotos<\/h2>\n<div class=\"is-divider divider clearfix\" ><\/div>\n\n\n  \n    <div class=\"row large-columns-3 medium-columns- small-columns-2 row-small slider row-slider slider-nav-circle slider-nav-light\"  data-flickity-options='{\"imagesLoaded\": true, \"groupCells\": \"100%\", \"dragThreshold\" : 5, \"cellAlign\": \"left\",\"wrapAround\": true,\"prevNextButtons\": true,\"percentPosition\": true,\"pageDots\": false, \"rightToLeft\": false, \"autoPlay\" : 4000}'>\n\n          <div class=\"gallery-col col\" >\n          <div class=\"col-inner\">\n            <a class=\"image-lightbox lightbox-gallery\" href=\"https:\/\/www.hotelvillaromanticparis.com\/wp-content\/uploads\/2022\/05\/chambre_303_02-1024x683.jpg\" title=\"\">            <div class=\"box has-hover gallery-box box-overlay dark\">\n              <div class=\"box-image image-glow box-shadow-3 box-shadow-2-hover\" >\n                <img decoding=\"async\" width=\"150\" height=\"150\" src=\"https:\/\/www.hotelvillaromanticparis.com\/wp-content\/uploads\/2022\/05\/chambre_303_02-150x150.jpg\" class=\"attachment-thumbnail size-thumbnail\" alt=\"\" ids=\"785,790,860,865\" lightbox_image_size=\"large\" type=\"slider\" col_spacing=\"small\" columns=\"3\" depth=\"3\" depth_hover=\"2\" slider_nav_style=\"circle\" slider_nav_color=\"light\" auto_slide=\"4000\" image_size=\"thumbnail\" image_hover=\"glow\" \/>                                  <div class=\"overlay fill\"\n                      style=\"background-color: rgba(0,0,0,.15)\">\n                  <\/div>\n                                                              <\/div>\n              <div class=\"box-text text-left\" >\n                 <p><\/p>\n              <\/div>\n            <\/div>\n            <\/a>          <\/div>\n         <\/div>\n                 <div class=\"gallery-col col\" >\n          <div class=\"col-inner\">\n            <a class=\"image-lightbox lightbox-gallery\" href=\"https:\/\/www.hotelvillaromanticparis.com\/wp-content\/uploads\/2022\/05\/chambre_303_03-683x1024.jpg\" title=\"\">            <div class=\"box has-hover gallery-box box-overlay dark\">\n              <div class=\"box-image image-glow box-shadow-3 box-shadow-2-hover\" >\n                <img decoding=\"async\" width=\"150\" height=\"150\" src=\"https:\/\/www.hotelvillaromanticparis.com\/wp-content\/uploads\/2022\/05\/chambre_303_03-150x150.jpg\" class=\"attachment-thumbnail size-thumbnail\" alt=\"\" ids=\"785,790,860,865\" lightbox_image_size=\"large\" type=\"slider\" col_spacing=\"small\" columns=\"3\" depth=\"3\" depth_hover=\"2\" slider_nav_style=\"circle\" slider_nav_color=\"light\" auto_slide=\"4000\" image_size=\"thumbnail\" image_hover=\"glow\" \/>                                  <div class=\"overlay fill\"\n                      style=\"background-color: rgba(0,0,0,.15)\">\n                  <\/div>\n                                                              <\/div>\n              <div class=\"box-text text-left\" >\n                 <p><\/p>\n              <\/div>\n            <\/div>\n            <\/a>          <\/div>\n         <\/div>\n                 <div class=\"gallery-col col\" >\n          <div class=\"col-inner\">\n            <a class=\"image-lightbox lightbox-gallery\" href=\"https:\/\/www.hotelvillaromanticparis.com\/wp-content\/uploads\/2022\/05\/chambre_404_02-1024x683.jpg\" title=\"\">            <div class=\"box has-hover gallery-box box-overlay dark\">\n              <div class=\"box-image image-glow box-shadow-3 box-shadow-2-hover\" >\n                <img decoding=\"async\" width=\"150\" height=\"150\" src=\"https:\/\/www.hotelvillaromanticparis.com\/wp-content\/uploads\/2022\/05\/chambre_404_02-150x150.jpg\" class=\"attachment-thumbnail size-thumbnail\" alt=\"\" ids=\"785,790,860,865\" lightbox_image_size=\"large\" type=\"slider\" col_spacing=\"small\" columns=\"3\" depth=\"3\" depth_hover=\"2\" slider_nav_style=\"circle\" slider_nav_color=\"light\" auto_slide=\"4000\" image_size=\"thumbnail\" image_hover=\"glow\" \/>                                  <div class=\"overlay fill\"\n                      style=\"background-color: rgba(0,0,0,.15)\">\n                  <\/div>\n                                                              <\/div>\n              <div class=\"box-text text-left\" >\n                 <p><\/p>\n              <\/div>\n            <\/div>\n            <\/a>          <\/div>\n         <\/div>\n                 <div class=\"gallery-col col\" >\n          <div class=\"col-inner\">\n            <a class=\"image-lightbox lightbox-gallery\" href=\"https:\/\/www.hotelvillaromanticparis.com\/wp-content\/uploads\/2022\/05\/chambre_404_03-683x1024.jpg\" title=\"\">            <div class=\"box has-hover gallery-box box-overlay dark\">\n              <div class=\"box-image image-glow box-shadow-3 box-shadow-2-hover\" >\n                <img decoding=\"async\" width=\"150\" height=\"150\" src=\"https:\/\/www.hotelvillaromanticparis.com\/wp-content\/uploads\/2022\/05\/chambre_404_03-150x150.jpg\" class=\"attachment-thumbnail size-thumbnail\" alt=\"\" ids=\"785,790,860,865\" lightbox_image_size=\"large\" type=\"slider\" col_spacing=\"small\" columns=\"3\" depth=\"3\" depth_hover=\"2\" slider_nav_style=\"circle\" slider_nav_color=\"light\" auto_slide=\"4000\" image_size=\"thumbnail\" image_hover=\"glow\" \/>                                  <div class=\"overlay fill\"\n                      style=\"background-color: rgba(0,0,0,.15)\">\n                  <\/div>\n                                                              <\/div>\n              <div class=\"box-text text-left\" >\n                 <p><\/p>\n              <\/div>\n            <\/div>\n            <\/a>          <\/div>\n         <\/div>\n         <\/div>\n\n\n\t\t<\/div>\n\t\t\t\t\t<\/div>\n\n\t\n\n<\/div>\n\n\t\t<\/div>\n\n\t\t\n<style>\n#section_867865733 {\n  padding-top: 30px;\n  padding-bottom: 30px;\n}\n<\/style>\n\t<\/section>\n\t\n\t<section class=\"section\" id=\"section_607366797\">\n\t\t<div class=\"bg section-bg fill bg-fill  \" >\n\n\t\t\t\n\t\t\t\n\t\t\t\n\n\t\t<\/div>\n\n\t\t<div class=\"section-content relative\">\n\t\t\t\n\n<div class=\"row align-middle align-center\"  id=\"row-284763533\">\n\n\n\t<div id=\"col-1216018923\" class=\"col small-12 large-12\"  >\n\t\t\t\t<div class=\"col-inner\"  >\n\t\t\t\n\t\t\t\n\n<h3 class=\"thin-font\" style=\"text-align: center; font-size:32px; color:#fff;\">Servi\u00e7os e comodidades no quarto<br \/>****<\/h3>\n\n\t\t<\/div>\n\t\t\t\t\n<style>\n#col-1216018923 > .col-inner {\n  margin: 50px 0px 0px 0px;\n}\n<\/style>\n\t<\/div>\n\n\t\n\n<\/div>\n\n\t\t<\/div>\n\n\t\t\n<style>\n#section_607366797 {\n  padding-top: 0px;\n  padding-bottom: 0px;\n}\n#section_607366797 .section-bg.bg-loaded {\n  background-image: url(https:\/\/www.hotelvillaromanticparis.com\/wp-content\/uploads\/2022\/05\/plateau.jpg);\n}\n#section_607366797 .section-bg {\n  background-position: top;\n}\n<\/style>\n\t<\/section>\n\t\n\t<section class=\"section\" id=\"section_937857096\">\n\t\t<div class=\"bg section-bg fill bg-fill  bg-loaded\" >\n\n\t\t\t\n\t\t\t\n\t\t\t\n\n\t\t<\/div>\n\n\t\t<div class=\"section-content relative\">\n\t\t\t\n\n<div class=\"row row-small align-center\"  id=\"row-1678939033\">\n\n\n\t<div id=\"col-227115753\" class=\"col medium-6 small-12 large-6\"  >\n\t\t\t\t<div class=\"col-inner\"  >\n\t\t\t\n\t\t\t\n\n<ul>\n<li>Servi\u00e7os de cortesia: Nespresso, cafeteira, ch\u00e1venas, caf\u00e9, ch\u00e1<\/li>\n<li>Produtos de boas-vindas Sothys<\/li>\n<li>Wi-Fi gratuito e ilimitado<\/li>\n<li>Televis\u00e3o de ecr\u00e3 plano com canais internacionais (beIN Sports)<\/li>\n<li>Minibar<\/li>\n<li>Cofre<\/li>\n<\/ul>\n\n\t\t<\/div>\n\t\t\t\t\t<\/div>\n\n\t\n\n\t<div id=\"col-189902237\" class=\"col medium-6 small-12 large-6\"  >\n\t\t\t\t<div class=\"col-inner\"  >\n\t\t\t\n\t\t\t\n\n<ul>\n<li>Garrafa de \u00e1gua<\/li>\n<li>Vista para a Rue du Banquier ou p\u00e1tio interior <\/li>\n<li>Secret\u00e1ria com cadeira<\/li>\n<li>Roup\u00f5es de banho e chinelos<\/li>\n<li>Roupeiro com cabides<\/li>\n<li>Mesas de cabeceira com candeeiros<\/li>\n<li>Banheiras em alguns quartos<\/li>\n<\/ul>\n\n\t\t<\/div>\n\t\t\t\t\t<\/div>\n\n\t\n\n<\/div>\n\n\t\t<\/div>\n\n\t\t\n<style>\n#section_937857096 {\n  padding-top: 50px;\n  padding-bottom: 50px;\n}\n<\/style>\n\t<\/section>\n\t\n\n","protected":false},"excerpt":{"rendered":"","protected":false},"author":1,"featured_media":0,"parent":0,"menu_order":0,"comment_status":"closed","ping_status":"closed","template":"page-blank.php","meta":{"footnotes":""},"class_list":["post-1060","page","type-page","status-publish","hentry"],"yoast_head":"<!-- This site is optimized with the Yoast SEO plugin v24.6 - https:\/\/yoast.com\/wordpress\/plugins\/seo\/ -->\n<title>Os quartos superiores do hotel Villa Romantic Paris<\/title>\n<meta name=\"description\" content=\"Tecidos suaves, cores encantadoras, aromas inebriantes dos produtos de boas-vindas.\" \/>\n<meta name=\"robots\" content=\"index, follow, max-snippet:-1, max-image-preview:large, max-video-preview:-1\" \/>\n<link rel=\"canonical\" href=\"https:\/\/www.hotelvillaromanticparis.com\/pt-pt\/quarto-superior\/\" \/>\n<meta property=\"og:locale\" content=\"pt_PT\" \/>\n<meta property=\"og:type\" content=\"article\" \/>\n<meta property=\"og:title\" content=\"Os quartos superiores do hotel Villa Romantic Paris\" \/>\n<meta property=\"og:description\" content=\"Tecidos suaves, cores encantadoras, aromas inebriantes dos produtos de boas-vindas.\" \/>\n<meta property=\"og:url\" content=\"https:\/\/www.hotelvillaromanticparis.com\/pt-pt\/quarto-superior\/\" \/>\n<meta property=\"og:site_name\" content=\"Villa Romantic\" \/>\n<meta property=\"article:modified_time\" content=\"2025-04-28T13:57:00+00:00\" \/>\n<meta name=\"twitter:card\" content=\"summary_large_image\" \/>\n<meta name=\"twitter:label1\" content=\"Tempo estimado de leitura\" \/>\n\t<meta name=\"twitter:data1\" content=\"2 minutos\" \/>\n<script type=\"application\/ld+json\" class=\"yoast-schema-graph\">{\"@context\":\"https:\/\/schema.org\",\"@graph\":[{\"@type\":\"WebPage\",\"@id\":\"https:\/\/www.hotelvillaromanticparis.com\/pt-pt\/quarto-superior\/\",\"url\":\"https:\/\/www.hotelvillaromanticparis.com\/pt-pt\/quarto-superior\/\",\"name\":\"Os quartos superiores do hotel Villa Romantic Paris\",\"isPartOf\":{\"@id\":\"https:\/\/www.hotelvillaromanticparis.com\/#website\"},\"datePublished\":\"2022-05-10T04:01:02+00:00\",\"dateModified\":\"2025-04-28T13:57:00+00:00\",\"description\":\"Tecidos suaves, cores encantadoras, aromas inebriantes dos produtos de boas-vindas.\",\"breadcrumb\":{\"@id\":\"https:\/\/www.hotelvillaromanticparis.com\/pt-pt\/quarto-superior\/#breadcrumb\"},\"inLanguage\":\"pt-PT\",\"potentialAction\":[{\"@type\":\"ReadAction\",\"target\":[\"https:\/\/www.hotelvillaromanticparis.com\/pt-pt\/quarto-superior\/\"]}]},{\"@type\":\"BreadcrumbList\",\"@id\":\"https:\/\/www.hotelvillaromanticparis.com\/pt-pt\/quarto-superior\/#breadcrumb\",\"itemListElement\":[{\"@type\":\"ListItem\",\"position\":1,\"name\":\"Accueil\",\"item\":\"https:\/\/www.hotelvillaromanticparis.com\/pt-pt\/\"},{\"@type\":\"ListItem\",\"position\":2,\"name\":\"Chambre sup\u00e9rieure\"}]},{\"@type\":\"WebSite\",\"@id\":\"https:\/\/www.hotelvillaromanticparis.com\/#website\",\"url\":\"https:\/\/www.hotelvillaromanticparis.com\/\",\"name\":\"Villa Romantic\",\"description\":\"A proximit\u00e9 du quartier latin\",\"potentialAction\":[{\"@type\":\"SearchAction\",\"target\":{\"@type\":\"EntryPoint\",\"urlTemplate\":\"https:\/\/www.hotelvillaromanticparis.com\/?s={search_term_string}\"},\"query-input\":{\"@type\":\"PropertyValueSpecification\",\"valueRequired\":true,\"valueName\":\"search_term_string\"}}],\"inLanguage\":\"pt-PT\"}]}<\/script>\n<!-- \/ Yoast SEO plugin. -->","yoast_head_json":{"title":"Os quartos superiores do hotel Villa Romantic Paris","description":"Tecidos suaves, cores encantadoras, aromas inebriantes dos produtos de boas-vindas.","robots":{"index":"index","follow":"follow","max-snippet":"max-snippet:-1","max-image-preview":"max-image-preview:large","max-video-preview":"max-video-preview:-1"},"canonical":"https:\/\/www.hotelvillaromanticparis.com\/pt-pt\/quarto-superior\/","og_locale":"pt_PT","og_type":"article","og_title":"Os quartos superiores do hotel Villa Romantic Paris","og_description":"Tecidos suaves, cores encantadoras, aromas inebriantes dos produtos de boas-vindas.","og_url":"https:\/\/www.hotelvillaromanticparis.com\/pt-pt\/quarto-superior\/","og_site_name":"Villa Romantic","article_modified_time":"2025-04-28T13:57:00+00:00","twitter_card":"summary_large_image","twitter_misc":{"Tempo estimado de leitura":"2 minutos"},"schema":{"@context":"https:\/\/schema.org","@graph":[{"@type":"WebPage","@id":"https:\/\/www.hotelvillaromanticparis.com\/pt-pt\/quarto-superior\/","url":"https:\/\/www.hotelvillaromanticparis.com\/pt-pt\/quarto-superior\/","name":"Os quartos superiores do hotel Villa Romantic Paris","isPartOf":{"@id":"https:\/\/www.hotelvillaromanticparis.com\/#website"},"datePublished":"2022-05-10T04:01:02+00:00","dateModified":"2025-04-28T13:57:00+00:00","description":"Tecidos suaves, cores encantadoras, aromas inebriantes dos produtos de boas-vindas.","breadcrumb":{"@id":"https:\/\/www.hotelvillaromanticparis.com\/pt-pt\/quarto-superior\/#breadcrumb"},"inLanguage":"pt-PT","potentialAction":[{"@type":"ReadAction","target":["https:\/\/www.hotelvillaromanticparis.com\/pt-pt\/quarto-superior\/"]}]},{"@type":"BreadcrumbList","@id":"https:\/\/www.hotelvillaromanticparis.com\/pt-pt\/quarto-superior\/#breadcrumb","itemListElement":[{"@type":"ListItem","position":1,"name":"Accueil","item":"https:\/\/www.hotelvillaromanticparis.com\/pt-pt\/"},{"@type":"ListItem","position":2,"name":"Chambre sup\u00e9rieure"}]},{"@type":"WebSite","@id":"https:\/\/www.hotelvillaromanticparis.com\/#website","url":"https:\/\/www.hotelvillaromanticparis.com\/","name":"Villa Romantic","description":"A proximit\u00e9 du quartier latin","potentialAction":[{"@type":"SearchAction","target":{"@type":"EntryPoint","urlTemplate":"https:\/\/www.hotelvillaromanticparis.com\/?s={search_term_string}"},"query-input":{"@type":"PropertyValueSpecification","valueRequired":true,"valueName":"search_term_string"}}],"inLanguage":"pt-PT"}]}},"_links":{"self":[{"href":"https:\/\/www.hotelvillaromanticparis.com\/pt-pt\/wp-json\/wp\/v2\/pages\/1060","targetHints":{"allow":["GET"]}}],"collection":[{"href":"https:\/\/www.hotelvillaromanticparis.com\/pt-pt\/wp-json\/wp\/v2\/pages"}],"about":[{"href":"https:\/\/www.hotelvillaromanticparis.com\/pt-pt\/wp-json\/wp\/v2\/types\/page"}],"author":[{"embeddable":true,"href":"https:\/\/www.hotelvillaromanticparis.com\/pt-pt\/wp-json\/wp\/v2\/users\/1"}],"replies":[{"embeddable":true,"href":"https:\/\/www.hotelvillaromanticparis.com\/pt-pt\/wp-json\/wp\/v2\/comments?post=1060"}],"version-history":[{"count":6,"href":"https:\/\/www.hotelvillaromanticparis.com\/pt-pt\/wp-json\/wp\/v2\/pages\/1060\/revisions"}],"predecessor-version":[{"id":2038,"href":"https:\/\/www.hotelvillaromanticparis.com\/pt-pt\/wp-json\/wp\/v2\/pages\/1060\/revisions\/2038"}],"wp:attachment":[{"href":"https:\/\/www.hotelvillaromanticparis.com\/pt-pt\/wp-json\/wp\/v2\/media?parent=1060"}],"curies":[{"name":"wp","href":"https:\/\/api.w.org\/{rel}","templated":true}]}}