{"id":1066,"date":"2022-05-09T17:23:44","date_gmt":"2022-05-09T15:23:44","guid":{"rendered":"https:\/\/www.hotelvillaromanticparis.com\/chambres\/"},"modified":"2025-05-08T18:58:07","modified_gmt":"2025-05-08T16:58:07","slug":"quartos","status":"publish","type":"page","link":"https:\/\/www.hotelvillaromanticparis.com\/pt-pt\/quartos\/","title":{"rendered":"Chambres"},"content":{"rendered":"\n\t<section class=\"section\" id=\"section_578208372\">\n\t\t<div class=\"bg section-bg fill bg-fill  \" >\n\n\t\t\t\n\t\t\t\n\t\t\t\n\n\t\t<\/div>\n\n\t\t<div class=\"section-content relative\">\n\t\t\t\n\n\n\t\t<\/div>\n\n\t\t\n<style>\n#section_578208372 {\n  padding-top: 0px;\n  padding-bottom: 0px;\n  min-height: 400px;\n}\n#section_578208372 .section-bg.bg-loaded {\n  background-image: url(https:\/\/www.hotelvillaromanticparis.com\/wp-content\/uploads\/2022\/05\/chambre_502_01.jpg);\n}\n<\/style>\n\t<\/section>\n\t\n\t<section class=\"section\" id=\"section_1454170485\">\n\t\t<div class=\"bg section-bg fill bg-fill  bg-loaded\" >\n\n\t\t\t\n\t\t\t\n\t\t\t\n\n\t\t<\/div>\n\n\t\t<div class=\"section-content relative\">\n\t\t\t\n\n<div class=\"row\"  id=\"row-1198839427\">\n\n\n\t<div id=\"col-1371318497\" class=\"col small-12 large-12\"  >\n\t\t\t\t<div class=\"col-inner\"  >\n\t\t\t\n\t\t\t\n\n<h1 class=\"uppercase\" style=\"text-align: center;\">Quartos elegantes e confort\u00e1veiss<\/h1>\n\n\t\t<\/div>\n\t\t\t\t\t<\/div>\n\n\t\n\n<\/div>\n<div class=\"row\"  id=\"row-319229480\">\n\n\n\t<div id=\"col-252117595\" class=\"col small-12 large-12\"  data-animate=\"fadeInRight\">\n\t\t\t\t<div class=\"col-inner\"  >\n\t\t\t\n\t\t\t\n\n<p style=\"text-align: center;\"><strong>Os 56 quartos do hotel s\u00e3o verdadeiros portos de abrigo no cora\u00e7\u00e3o da cidade. <\/strong><\/p>\n<p>Desde as cabeceiras aos candeeiros de design, passando pelo mobili\u00e1rio requintado e pelos diferentes quadros em cada quarto, todos os detalhes foram cuidadosamente pensados e personalizados para criar um ambiente de eleg\u00e2ncia, delicadeza, envolv\u00eancia e tranquilidade. <\/p>\n<p>Aqui, a excelente escolha de cores ecoa a nobreza dos materiais em tr\u00eas universos de cria\u00e7\u00e3o romanesca e rom\u00e2ntica a que n\u00e3o vai resistir. Os quartos \u201cCharme\u201d real\u00e7am o car\u00e1ter de suavidade e delicadeza vis\u00edveis nos tons claros, no papel de parede prateado e tons pastel. Os quartos \u201cMarigny\u201d abrir\u00e3o as portas para um cen\u00e1rio resplandecente, onde as cabeceiras em azul real namoriscam os majestosos candelabros dourados. Nos quartos \u201cMilano\u201d, deixe-se enfeiti\u00e7ar pelo seu papel de parede que cria a ilus\u00e3o de uma selva tropical em noite de lua cheia, real\u00e7ada pelas cortinas vermelhas que criar\u00e3o um ambiente envolvente no seu casulo de intimidade. <\/p>\n<p>Uma cama particularmente confort\u00e1vel, uma secret\u00e1ria elegante e uma sala de banho apraz\u00edvel. Todos os quartos est\u00e3o perfeitamente equipados para satisfazer as suas necessidades, desejos e muito mais.<\/p>\n<p>O hotel est\u00e1 equipado com 3 quartos PMR.<\/p>\n\n\t\t<\/div>\n\t\t\t\t\t<\/div>\n\n\t\n\n<\/div>\n\n\t\t<\/div>\n\n\t\t\n<style>\n#section_1454170485 {\n  padding-top: 30px;\n  padding-bottom: 30px;\n}\n<\/style>\n\t<\/section>\n\t\n\t<section class=\"section\" id=\"section_1677409363\">\n\t\t<div class=\"bg section-bg fill bg-fill  bg-loaded\" >\n\n\t\t\t\n\t\t\t\n\t\t\t\n\n\t\t<\/div>\n\n\t\t<div class=\"section-content relative\">\n\t\t\t\n\n<div class=\"row row-small row-full-width align-equal align-center\"  id=\"row-794018179\">\n\n\n\t<div id=\"col-62722598\" class=\"col medium-6 small-12 large-4\"  data-animate=\"fadeInUp\">\n\t\t\t\t<div class=\"col-inner\"  >\n\t\t\t\n\t\t\t\n\n\t<div class=\"box has-hover   has-hover box-text-bottom\" >\n\n\t\t<div class=\"box-image\" >\n\t\t\t<a href=\"https:\/\/www.hotelvillaromanticparis.com\/pt-pt\/quarto-individual\/\"  >\t\t\t<div class=\"image-zoom-long\" >\n\t\t\t\t<img decoding=\"async\" width=\"1020\" height=\"680\" src=\"https:\/\/www.hotelvillaromanticparis.com\/wp-content\/uploads\/2022\/05\/chambre_304_01-1024x683.jpg\" class=\"attachment-large size-large\" alt=\"\" srcset=\"https:\/\/www.hotelvillaromanticparis.com\/wp-content\/uploads\/2022\/05\/chambre_304_01-1024x683.jpg 1024w, https:\/\/www.hotelvillaromanticparis.com\/wp-content\/uploads\/2022\/05\/chambre_304_01-300x200.jpg 300w, https:\/\/www.hotelvillaromanticparis.com\/wp-content\/uploads\/2022\/05\/chambre_304_01-768x512.jpg 768w, https:\/\/www.hotelvillaromanticparis.com\/wp-content\/uploads\/2022\/05\/chambre_304_01-1536x1024.jpg 1536w, https:\/\/www.hotelvillaromanticparis.com\/wp-content\/uploads\/2022\/05\/chambre_304_01.jpg 1920w\" sizes=\"(max-width: 1020px) 100vw, 1020px\" \/>\t\t\t\t\t\t\t\t\t\t\t<\/div>\n\t\t\t<\/a>\t\t<\/div>\n\n\t\t<div class=\"box-text text-center\" >\n\t\t\t<div class=\"box-text-inner\">\n\t\t\t\t\n\n<h3><a href=\"https:\/\/www.hotelvillaromanticparis.com\/pt-pt\/quarto-individual\/\">INDIVIDUAL<\/a><\/h3>\n\n\t\t\t<\/div>\n\t\t<\/div>\n\t<\/div>\n\t\n\n\t\t<\/div>\n\t\t\t\t\t<\/div>\n\n\t\n\n\t<div id=\"col-1925160470\" class=\"col medium-6 small-12 large-4\"  data-animate=\"fadeInUp\">\n\t\t\t\t<div class=\"col-inner\"  >\n\t\t\t\n\t\t\t\n\n\t<div class=\"box has-hover   has-hover box-text-bottom\" >\n\n\t\t<div class=\"box-image\" >\n\t\t\t<a href=\"https:\/\/www.hotelvillaromanticparis.com\/pt-pt\/quarto-classico\/\"  >\t\t\t<div class=\"image-zoom-long\" >\n\t\t\t\t<img decoding=\"async\" width=\"1020\" height=\"680\" src=\"https:\/\/www.hotelvillaromanticparis.com\/wp-content\/uploads\/2022\/05\/chambre_408_01-1024x683.jpg\" class=\"attachment-large size-large\" alt=\"\" srcset=\"https:\/\/www.hotelvillaromanticparis.com\/wp-content\/uploads\/2022\/05\/chambre_408_01-1024x683.jpg 1024w, https:\/\/www.hotelvillaromanticparis.com\/wp-content\/uploads\/2022\/05\/chambre_408_01-300x200.jpg 300w, https:\/\/www.hotelvillaromanticparis.com\/wp-content\/uploads\/2022\/05\/chambre_408_01-768x512.jpg 768w, https:\/\/www.hotelvillaromanticparis.com\/wp-content\/uploads\/2022\/05\/chambre_408_01-1536x1024.jpg 1536w, https:\/\/www.hotelvillaromanticparis.com\/wp-content\/uploads\/2022\/05\/chambre_408_01.jpg 1920w\" sizes=\"(max-width: 1020px) 100vw, 1020px\" \/>\t\t\t\t\t\t\t\t\t\t\t<\/div>\n\t\t\t<\/a>\t\t<\/div>\n\n\t\t<div class=\"box-text text-center\" >\n\t\t\t<div class=\"box-text-inner\">\n\t\t\t\t\n\n<h3><a href=\"https:\/\/www.hotelvillaromanticparis.com\/pt-pt\/quarto-classico\/\">QUARTO DUPLO PEQUENO<\/a><\/h3>\n\n\t\t\t<\/div>\n\t\t<\/div>\n\t<\/div>\n\t\n\n\t\t<\/div>\n\t\t\t\t\t<\/div>\n\n\t\n\n\t<div id=\"col-1154168314\" class=\"col medium-6 small-12 large-4\"  data-animate=\"fadeInUp\">\n\t\t\t\t<div class=\"col-inner\"  >\n\t\t\t\n\t\t\t\n\n\t<div class=\"box has-hover   has-hover box-text-bottom\" >\n\n\t\t<div class=\"box-image\" >\n\t\t\t<a href=\"https:\/\/www.hotelvillaromanticparis.com\/pt-pt\/quarto-superior\/\"  >\t\t\t<div class=\"image-zoom-long\" >\n\t\t\t\t<img decoding=\"async\" width=\"1020\" height=\"680\" src=\"https:\/\/www.hotelvillaromanticparis.com\/wp-content\/uploads\/2022\/05\/chambre_404_02-1024x683.jpg\" class=\"attachment-large size-large\" alt=\"\" srcset=\"https:\/\/www.hotelvillaromanticparis.com\/wp-content\/uploads\/2022\/05\/chambre_404_02-1024x683.jpg 1024w, https:\/\/www.hotelvillaromanticparis.com\/wp-content\/uploads\/2022\/05\/chambre_404_02-300x200.jpg 300w, https:\/\/www.hotelvillaromanticparis.com\/wp-content\/uploads\/2022\/05\/chambre_404_02-768x512.jpg 768w, https:\/\/www.hotelvillaromanticparis.com\/wp-content\/uploads\/2022\/05\/chambre_404_02-1536x1024.jpg 1536w, https:\/\/www.hotelvillaromanticparis.com\/wp-content\/uploads\/2022\/05\/chambre_404_02.jpg 1920w\" sizes=\"(max-width: 1020px) 100vw, 1020px\" \/>\t\t\t\t\t\t\t\t\t\t\t<\/div>\n\t\t\t<\/a>\t\t<\/div>\n\n\t\t<div class=\"box-text text-center\" >\n\t\t\t<div class=\"box-text-inner\">\n\t\t\t\t\n\n<h3><a href=\"https:\/\/www.hotelvillaromanticparis.com\/pt-pt\/quarto-superior\/\">SUPERIOR<\/a><\/h3>\n\n\t\t\t<\/div>\n\t\t<\/div>\n\t<\/div>\n\t\n\n\t\t<\/div>\n\t\t\t\t\t<\/div>\n\n\t\n\n\t<div id=\"col-1313477518\" class=\"col medium-6 small-12 large-4\"  data-animate=\"fadeInUp\">\n\t\t\t\t<div class=\"col-inner\"  >\n\t\t\t\n\t\t\t\n\n\t<div class=\"box has-hover   has-hover box-text-bottom\" >\n\n\t\t<div class=\"box-image\" >\n\t\t\t<a href=\"https:\/\/www.hotelvillaromanticparis.com\/pt-pt\/quarto-superior-com-varanda\/\"  >\t\t\t<div class=\"image-zoom-long\" >\n\t\t\t\t<img decoding=\"async\" width=\"1020\" height=\"680\" src=\"https:\/\/www.hotelvillaromanticparis.com\/wp-content\/uploads\/2022\/05\/chambre_106_01-1024x683.jpg\" class=\"attachment-large size-large\" alt=\"\" srcset=\"https:\/\/www.hotelvillaromanticparis.com\/wp-content\/uploads\/2022\/05\/chambre_106_01-1024x683.jpg 1024w, https:\/\/www.hotelvillaromanticparis.com\/wp-content\/uploads\/2022\/05\/chambre_106_01-300x200.jpg 300w, https:\/\/www.hotelvillaromanticparis.com\/wp-content\/uploads\/2022\/05\/chambre_106_01-768x512.jpg 768w, https:\/\/www.hotelvillaromanticparis.com\/wp-content\/uploads\/2022\/05\/chambre_106_01-1536x1024.jpg 1536w, https:\/\/www.hotelvillaromanticparis.com\/wp-content\/uploads\/2022\/05\/chambre_106_01.jpg 1920w\" sizes=\"(max-width: 1020px) 100vw, 1020px\" \/>\t\t\t\t\t\t\t\t\t\t\t<\/div>\n\t\t\t<\/a>\t\t<\/div>\n\n\t\t<div class=\"box-text text-center\" >\n\t\t\t<div class=\"box-text-inner\">\n\t\t\t\t\n\n<h3><a href=\"https:\/\/www.hotelvillaromanticparis.com\/pt-pt\/quarto-superior-com-varanda\/\">SUPERIOR  COM VARANDA<\/a><\/h3>\n\n\t\t\t<\/div>\n\t\t<\/div>\n\t<\/div>\n\t\n\n\t\t<\/div>\n\t\t\t\t\t<\/div>\n\n\t\n\n\t<div id=\"col-1696954208\" class=\"col medium-6 small-12 large-4\"  data-animate=\"fadeInUp\">\n\t\t\t\t<div class=\"col-inner\"  >\n\t\t\t\n\t\t\t\n\n\t<div class=\"box has-hover   has-hover box-text-bottom\" >\n\n\t\t<div class=\"box-image\" >\n\t\t\t<a href=\"https:\/\/www.hotelvillaromanticparis.com\/pt-pt\/quarto-deluxe\/\"  >\t\t\t<div class=\"image-zoom-long\" >\n\t\t\t\t<img decoding=\"async\" width=\"1020\" height=\"680\" src=\"https:\/\/www.hotelvillaromanticparis.com\/wp-content\/uploads\/2022\/05\/chambre_303_01-1024x683.jpg\" class=\"attachment-large size-large\" alt=\"\" srcset=\"https:\/\/www.hotelvillaromanticparis.com\/wp-content\/uploads\/2022\/05\/chambre_303_01-1024x683.jpg 1024w, https:\/\/www.hotelvillaromanticparis.com\/wp-content\/uploads\/2022\/05\/chambre_303_01-300x200.jpg 300w, https:\/\/www.hotelvillaromanticparis.com\/wp-content\/uploads\/2022\/05\/chambre_303_01-768x512.jpg 768w, https:\/\/www.hotelvillaromanticparis.com\/wp-content\/uploads\/2022\/05\/chambre_303_01-1536x1024.jpg 1536w, https:\/\/www.hotelvillaromanticparis.com\/wp-content\/uploads\/2022\/05\/chambre_303_01.jpg 1920w\" sizes=\"(max-width: 1020px) 100vw, 1020px\" \/>\t\t\t\t\t\t\t\t\t\t\t<\/div>\n\t\t\t<\/a>\t\t<\/div>\n\n\t\t<div class=\"box-text text-center\" >\n\t\t\t<div class=\"box-text-inner\">\n\t\t\t\t\n\n<h3><a href=\"https:\/\/www.hotelvillaromanticparis.com\/pt-pt\/quarto-deluxe\/\">DELUXE<\/a><\/h3>\n\n\t\t\t<\/div>\n\t\t<\/div>\n\t<\/div>\n\t\n\n\t\t<\/div>\n\t\t\t\t\t<\/div>\n\n\t\n\n\t<div id=\"col-1914551603\" class=\"col medium-6 small-12 large-4\"  data-animate=\"fadeInUp\">\n\t\t\t\t<div class=\"col-inner\"  >\n\t\t\t\n\t\t\t\n\n\t<div class=\"box has-hover   has-hover box-text-bottom\" >\n\n\t\t<div class=\"box-image\" >\n\t\t\t<a href=\"https:\/\/www.hotelvillaromanticparis.com\/pt-pt\/suite\/\"  >\t\t\t<div class=\"image-zoom-long\" >\n\t\t\t\t<img decoding=\"async\" width=\"1020\" height=\"680\" src=\"https:\/\/www.hotelvillaromanticparis.com\/wp-content\/uploads\/2022\/05\/chambre_502_01-1024x683.jpg\" class=\"attachment-large size-large\" alt=\"\" srcset=\"https:\/\/www.hotelvillaromanticparis.com\/wp-content\/uploads\/2022\/05\/chambre_502_01-1024x683.jpg 1024w, https:\/\/www.hotelvillaromanticparis.com\/wp-content\/uploads\/2022\/05\/chambre_502_01-300x200.jpg 300w, https:\/\/www.hotelvillaromanticparis.com\/wp-content\/uploads\/2022\/05\/chambre_502_01-768x512.jpg 768w, https:\/\/www.hotelvillaromanticparis.com\/wp-content\/uploads\/2022\/05\/chambre_502_01-1536x1024.jpg 1536w, https:\/\/www.hotelvillaromanticparis.com\/wp-content\/uploads\/2022\/05\/chambre_502_01.jpg 1920w\" sizes=\"(max-width: 1020px) 100vw, 1020px\" \/>\t\t\t\t\t\t\t\t\t\t\t<\/div>\n\t\t\t<\/a>\t\t<\/div>\n\n\t\t<div class=\"box-text text-center\" >\n\t\t\t<div class=\"box-text-inner\">\n\t\t\t\t\n\n<h3><a href=\"https:\/\/www.hotelvillaromanticparis.com\/pt-pt\/suite\/\">SU\u00cdTE ROM\u00c2NTICA <\/a><\/h3>\n\n\t\t\t<\/div>\n\t\t<\/div>\n\t<\/div>\n\t\n\n\t\t<\/div>\n\t\t\t\t\t<\/div>\n\n\t\n\n\t<div id=\"col-1318325028\" class=\"col medium-6 small-12 large-4\"  data-animate=\"bounceInUp\">\n\t\t\t\t<div class=\"col-inner\"  >\n\t\t\t\n\t\t\t\n\n\t<div class=\"box has-hover   has-hover box-text-bottom\" >\n\n\t\t<div class=\"box-image\" >\n\t\t\t<a href=\"https:\/\/www.hotelvillaromanticparis.com\/pt-pt\/suite-duplex\/\"  >\t\t\t<div class=\"image-zoom-long\" >\n\t\t\t\t<img decoding=\"async\" width=\"1020\" height=\"680\" src=\"https:\/\/www.hotelvillaromanticparis.com\/wp-content\/uploads\/2022\/05\/chambre_403_03-1024x683.jpg\" class=\"attachment-large size-large\" alt=\"\" srcset=\"https:\/\/www.hotelvillaromanticparis.com\/wp-content\/uploads\/2022\/05\/chambre_403_03-1024x683.jpg 1024w, https:\/\/www.hotelvillaromanticparis.com\/wp-content\/uploads\/2022\/05\/chambre_403_03-300x200.jpg 300w, https:\/\/www.hotelvillaromanticparis.com\/wp-content\/uploads\/2022\/05\/chambre_403_03-768x512.jpg 768w, https:\/\/www.hotelvillaromanticparis.com\/wp-content\/uploads\/2022\/05\/chambre_403_03-1536x1024.jpg 1536w, https:\/\/www.hotelvillaromanticparis.com\/wp-content\/uploads\/2022\/05\/chambre_403_03.jpg 1920w\" sizes=\"(max-width: 1020px) 100vw, 1020px\" \/>\t\t\t\t\t\t\t\t\t\t\t<\/div>\n\t\t\t<\/a>\t\t<\/div>\n\n\t\t<div class=\"box-text text-center\" >\n\t\t\t<div class=\"box-text-inner\">\n\t\t\t\t\n\n<h3><a href=\"https:\/\/www.hotelvillaromanticparis.com\/pt-pt\/suite-duplex\/\">SUITE DUPLEX<\/a><\/h3>\n\n\t\t\t<\/div>\n\t\t<\/div>\n\t<\/div>\n\t\n\n\t\t<\/div>\n\t\t\t\t\t<\/div>\n\n\t\n\n<\/div>\n\n\t\t<\/div>\n\n\t\t\n<style>\n#section_1677409363 {\n  padding-top: 0px;\n  padding-bottom: 0px;\n}\n<\/style>\n\t<\/section>\n\t\n\t<section class=\"section\" id=\"section_55147287\">\n\t\t<div class=\"bg section-bg fill bg-fill  \" >\n\n\t\t\t\n\t\t\t\n\t\t\t\n\n\t\t<\/div>\n\n\t\t<div class=\"section-content relative\">\n\t\t\t\n\n<div class=\"row align-middle align-center\"  id=\"row-1241316825\">\n\n\n\t<div id=\"col-126096903\" class=\"col small-12 large-12\"  >\n\t\t\t\t<div class=\"col-inner\"  >\n\t\t\t\n\t\t\t\n\n<h3 class=\"thin-font\" style=\"text-align: center; font-size:32px; color:#fff;\">Servi\u00e7os e comodidades no quarto<br \/>****<\/h3>\n\n\t\t<\/div>\n\t\t\t\t\n<style>\n#col-126096903 > .col-inner {\n  margin: 50px 0px 0px 0px;\n}\n<\/style>\n\t<\/div>\n\n\t\n\n<\/div>\n\n\t\t<\/div>\n\n\t\t\n<style>\n#section_55147287 {\n  padding-top: 0px;\n  padding-bottom: 0px;\n}\n#section_55147287 .section-bg.bg-loaded {\n  background-image: url(https:\/\/www.hotelvillaromanticparis.com\/wp-content\/uploads\/2022\/05\/chambre_501_01.jpg);\n}\n#section_55147287 .section-bg {\n  background-position: bottom;\n}\n@media (min-width:550px) {\n  #section_55147287 {\n    padding-top: 40px;\n    padding-bottom: 40px;\n  }\n}\n<\/style>\n\t<\/section>\n\t\n\t<section class=\"section\" id=\"section_1107657320\">\n\t\t<div class=\"bg section-bg fill bg-fill  bg-loaded\" >\n\n\t\t\t\n\t\t\t\n\t\t\t\n\n\t\t<\/div>\n\n\t\t<div class=\"section-content relative\">\n\t\t\t\n\n<div class=\"row row-small align-center\"  id=\"row-1023644826\">\n\n\n\t<div id=\"col-882670324\" class=\"col medium-6 small-12 large-6\"  >\n\t\t\t\t<div class=\"col-inner\"  >\n\t\t\t\n\t\t\t\n\n<ul>\n<li>Servi\u00e7os de cortesia: Nespresso, cafeteira, ch\u00e1venas, caf\u00e9, ch\u00e1<\/li>\n<li>Produtos de boas-vindas Sothys<\/li>\n<li>Wi-Fi gratuito e ilimitado<\/li>\n<li>Televis\u00e3o de ecr\u00e3 plano com canais internacionais (beIN Sports)<\/li>\n<li>Minibar<\/li>\n<li>Cofre<\/li>\n<li>Todos os nossos quartos s\u00e3o para n\u00e3o fumadores, incluindo os nossos terra\u00e7os e p\u00e1tio.<\/li>\n<\/ul>\n\n\n\t\t<\/div>\n\t\t\t\t\t<\/div>\n\n\t\n\n\t<div id=\"col-1276007254\" class=\"col medium-6 small-12 large-6\"  >\n\t\t\t\t<div class=\"col-inner\"  >\n\t\t\t\n\t\t\t\n\n<ul>\n<li>Garrafa de \u00e1gua<\/li>\n<li>Vista para a Rue du Banquier ou p\u00e1tio interior <\/li>\n<li>Secret\u00e1ria com cadeira<\/li>\n<li>Roup\u00f5es de banho e chinelos<\/li>\n<li>Roupeiro com cabides<\/li>\n<li>Mesas de cabeceira com candeeiros<\/li>\n<li>Banheiras em alguns quartos<\/li>\n<\/ul>\n\n\t\t<\/div>\n\t\t\t\t\t<\/div>\n\n\t\n\n<\/div>\n\n\t\t<\/div>\n\n\t\t\n<style>\n#section_1107657320 {\n  padding-top: 50px;\n  padding-bottom: 50px;\n}\n<\/style>\n\t<\/section>\n\t\n\n","protected":false},"excerpt":{"rendered":"","protected":false},"author":1,"featured_media":0,"parent":0,"menu_order":0,"comment_status":"closed","ping_status":"closed","template":"page-blank.php","meta":{"footnotes":""},"class_list":["post-1066","page","type-page","status-publish","hentry"],"yoast_head":"<!-- This site is optimized with the Yoast SEO plugin v24.6 - https:\/\/yoast.com\/wordpress\/plugins\/seo\/ -->\n<title>Os quartos elegantes e confort\u00e1veis do hotel Villa Romantic Paris<\/title>\n<meta name=\"description\" content=\"Os 56 quartos do hotel s\u00e3o verdadeiros portos de abrigo no cora\u00e7\u00e3o da cidade.\" \/>\n<meta name=\"robots\" content=\"index, follow, max-snippet:-1, max-image-preview:large, max-video-preview:-1\" \/>\n<link rel=\"canonical\" href=\"https:\/\/www.hotelvillaromanticparis.com\/pt-pt\/quartos\/\" \/>\n<meta property=\"og:locale\" content=\"pt_PT\" \/>\n<meta property=\"og:type\" content=\"article\" \/>\n<meta property=\"og:title\" content=\"Os quartos elegantes e confort\u00e1veis do hotel Villa Romantic Paris\" \/>\n<meta property=\"og:description\" content=\"Os 56 quartos do hotel s\u00e3o verdadeiros portos de abrigo no cora\u00e7\u00e3o da cidade.\" \/>\n<meta property=\"og:url\" content=\"https:\/\/www.hotelvillaromanticparis.com\/pt-pt\/quartos\/\" \/>\n<meta property=\"og:site_name\" content=\"Villa Romantic\" \/>\n<meta property=\"article:modified_time\" content=\"2025-05-08T16:58:07+00:00\" \/>\n<meta name=\"twitter:card\" content=\"summary_large_image\" \/>\n<meta name=\"twitter:label1\" content=\"Tempo estimado de leitura\" \/>\n\t<meta name=\"twitter:data1\" content=\"3 minutos\" \/>\n<script type=\"application\/ld+json\" class=\"yoast-schema-graph\">{\"@context\":\"https:\/\/schema.org\",\"@graph\":[{\"@type\":\"WebPage\",\"@id\":\"https:\/\/www.hotelvillaromanticparis.com\/pt-pt\/quartos\/\",\"url\":\"https:\/\/www.hotelvillaromanticparis.com\/pt-pt\/quartos\/\",\"name\":\"Os quartos elegantes e confort\u00e1veis do hotel Villa Romantic Paris\",\"isPartOf\":{\"@id\":\"https:\/\/www.hotelvillaromanticparis.com\/#website\"},\"datePublished\":\"2022-05-09T15:23:44+00:00\",\"dateModified\":\"2025-05-08T16:58:07+00:00\",\"description\":\"Os 56 quartos do hotel s\u00e3o verdadeiros portos de abrigo no cora\u00e7\u00e3o da cidade.\",\"breadcrumb\":{\"@id\":\"https:\/\/www.hotelvillaromanticparis.com\/pt-pt\/quartos\/#breadcrumb\"},\"inLanguage\":\"pt-PT\",\"potentialAction\":[{\"@type\":\"ReadAction\",\"target\":[\"https:\/\/www.hotelvillaromanticparis.com\/pt-pt\/quartos\/\"]}]},{\"@type\":\"BreadcrumbList\",\"@id\":\"https:\/\/www.hotelvillaromanticparis.com\/pt-pt\/quartos\/#breadcrumb\",\"itemListElement\":[{\"@type\":\"ListItem\",\"position\":1,\"name\":\"Accueil\",\"item\":\"https:\/\/www.hotelvillaromanticparis.com\/pt-pt\/\"},{\"@type\":\"ListItem\",\"position\":2,\"name\":\"Chambres\"}]},{\"@type\":\"WebSite\",\"@id\":\"https:\/\/www.hotelvillaromanticparis.com\/#website\",\"url\":\"https:\/\/www.hotelvillaromanticparis.com\/\",\"name\":\"Villa Romantic\",\"description\":\"A proximit\u00e9 du quartier latin\",\"potentialAction\":[{\"@type\":\"SearchAction\",\"target\":{\"@type\":\"EntryPoint\",\"urlTemplate\":\"https:\/\/www.hotelvillaromanticparis.com\/?s={search_term_string}\"},\"query-input\":{\"@type\":\"PropertyValueSpecification\",\"valueRequired\":true,\"valueName\":\"search_term_string\"}}],\"inLanguage\":\"pt-PT\"}]}<\/script>\n<!-- \/ Yoast SEO plugin. -->","yoast_head_json":{"title":"Os quartos elegantes e confort\u00e1veis do hotel Villa Romantic Paris","description":"Os 56 quartos do hotel s\u00e3o verdadeiros portos de abrigo no cora\u00e7\u00e3o da cidade.","robots":{"index":"index","follow":"follow","max-snippet":"max-snippet:-1","max-image-preview":"max-image-preview:large","max-video-preview":"max-video-preview:-1"},"canonical":"https:\/\/www.hotelvillaromanticparis.com\/pt-pt\/quartos\/","og_locale":"pt_PT","og_type":"article","og_title":"Os quartos elegantes e confort\u00e1veis do hotel Villa Romantic Paris","og_description":"Os 56 quartos do hotel s\u00e3o verdadeiros portos de abrigo no cora\u00e7\u00e3o da cidade.","og_url":"https:\/\/www.hotelvillaromanticparis.com\/pt-pt\/quartos\/","og_site_name":"Villa Romantic","article_modified_time":"2025-05-08T16:58:07+00:00","twitter_card":"summary_large_image","twitter_misc":{"Tempo estimado de leitura":"3 minutos"},"schema":{"@context":"https:\/\/schema.org","@graph":[{"@type":"WebPage","@id":"https:\/\/www.hotelvillaromanticparis.com\/pt-pt\/quartos\/","url":"https:\/\/www.hotelvillaromanticparis.com\/pt-pt\/quartos\/","name":"Os quartos elegantes e confort\u00e1veis do hotel Villa Romantic Paris","isPartOf":{"@id":"https:\/\/www.hotelvillaromanticparis.com\/#website"},"datePublished":"2022-05-09T15:23:44+00:00","dateModified":"2025-05-08T16:58:07+00:00","description":"Os 56 quartos do hotel s\u00e3o verdadeiros portos de abrigo no cora\u00e7\u00e3o da cidade.","breadcrumb":{"@id":"https:\/\/www.hotelvillaromanticparis.com\/pt-pt\/quartos\/#breadcrumb"},"inLanguage":"pt-PT","potentialAction":[{"@type":"ReadAction","target":["https:\/\/www.hotelvillaromanticparis.com\/pt-pt\/quartos\/"]}]},{"@type":"BreadcrumbList","@id":"https:\/\/www.hotelvillaromanticparis.com\/pt-pt\/quartos\/#breadcrumb","itemListElement":[{"@type":"ListItem","position":1,"name":"Accueil","item":"https:\/\/www.hotelvillaromanticparis.com\/pt-pt\/"},{"@type":"ListItem","position":2,"name":"Chambres"}]},{"@type":"WebSite","@id":"https:\/\/www.hotelvillaromanticparis.com\/#website","url":"https:\/\/www.hotelvillaromanticparis.com\/","name":"Villa Romantic","description":"A proximit\u00e9 du quartier latin","potentialAction":[{"@type":"SearchAction","target":{"@type":"EntryPoint","urlTemplate":"https:\/\/www.hotelvillaromanticparis.com\/?s={search_term_string}"},"query-input":{"@type":"PropertyValueSpecification","valueRequired":true,"valueName":"search_term_string"}}],"inLanguage":"pt-PT"}]}},"_links":{"self":[{"href":"https:\/\/www.hotelvillaromanticparis.com\/pt-pt\/wp-json\/wp\/v2\/pages\/1066","targetHints":{"allow":["GET"]}}],"collection":[{"href":"https:\/\/www.hotelvillaromanticparis.com\/pt-pt\/wp-json\/wp\/v2\/pages"}],"about":[{"href":"https:\/\/www.hotelvillaromanticparis.com\/pt-pt\/wp-json\/wp\/v2\/types\/page"}],"author":[{"embeddable":true,"href":"https:\/\/www.hotelvillaromanticparis.com\/pt-pt\/wp-json\/wp\/v2\/users\/1"}],"replies":[{"embeddable":true,"href":"https:\/\/www.hotelvillaromanticparis.com\/pt-pt\/wp-json\/wp\/v2\/comments?post=1066"}],"version-history":[{"count":8,"href":"https:\/\/www.hotelvillaromanticparis.com\/pt-pt\/wp-json\/wp\/v2\/pages\/1066\/revisions"}],"predecessor-version":[{"id":2089,"href":"https:\/\/www.hotelvillaromanticparis.com\/pt-pt\/wp-json\/wp\/v2\/pages\/1066\/revisions\/2089"}],"wp:attachment":[{"href":"https:\/\/www.hotelvillaromanticparis.com\/pt-pt\/wp-json\/wp\/v2\/media?parent=1066"}],"curies":[{"name":"wp","href":"https:\/\/api.w.org\/{rel}","templated":true}]}}