{"id":1078,"date":"2022-05-10T06:43:15","date_gmt":"2022-05-10T04:43:15","guid":{"rendered":"https:\/\/www.hotelvillaromanticparis.com\/piscine-spa\/"},"modified":"2026-02-20T15:25:19","modified_gmt":"2026-02-20T14:25:19","slug":"piscina-spa","status":"publish","type":"page","link":"https:\/\/www.hotelvillaromanticparis.com\/pt-pt\/piscina-spa\/","title":{"rendered":"Piscine &#038; spa"},"content":{"rendered":"\n\t<section class=\"section\" id=\"section_352201431\">\n\t\t<div class=\"bg section-bg fill bg-fill  bg-loaded\" >\n\n\t\t\t\n\t\t\t\n\t\t\t\n\n\t\t<\/div>\n\n\t\t<div class=\"section-content relative\">\n\t\t\t\n\n<div class=\"row\"  id=\"row-1283703030\">\n\n\n\t<div id=\"col-942127979\" class=\"col small-12 large-12\"  >\n\t\t\t\t<div class=\"col-inner\"  >\n\t\t\t\n\t\t\t\n\n<h1 class=\"uppercase\" style=\"text-align: center;\">O ESPA\u00c7O SPA E BEM-ESTAR: UM CASULO DE RELAXAMENTO<\/h1>\n<p style=\"text-align: center;\"><b>Once your reservation has been made, please contact us to book a 45-minute non-private slot for our wellness centre.<\/b><\/p>\n<p style=\"text-align: center; color:#ff0000;\"><strong>O acesso \u00e0 \u00e1rea de spa e bem-estar n\u00e3o \u00e9 autorizado para menores.<\/strong><\/p>\n\n\n\t\t<\/div>\n\t\t\t\t\n<style>\n#col-942127979 > .col-inner {\n  margin: 50px 0px 0px 0px;\n}\n<\/style>\n\t<\/div>\n\n\t\n\n<\/div>\n<div class=\"row row-collapse row-full-width align-middle\"  id=\"row-200560263\">\n\n\n\t<div id=\"col-992765636\" class=\"col medium-12 small-12 large-6\"  data-animate=\"fadeInLeft\">\n\t\t\t\t<div class=\"col-inner\"  >\n\t\t\t\n\t\t\t\n\n\t<div class=\"img has-hover x md-x lg-x y md-y lg-y\" id=\"image_1177809025\">\n\t\t\t\t\t\t\t\t<div class=\"img-inner dark\" >\n\t\t\t<img decoding=\"async\" width=\"1500\" height=\"1000\" src=\"https:\/\/www.hotelvillaromanticparis.com\/wp-content\/uploads\/2022\/08\/Onglet-Piscine-et-jacuzzi.jpg\" class=\"attachment-original size-original\" alt=\"Piscine H\u00f4tel &amp; Spa Villa Romantic Paris\" srcset=\"https:\/\/www.hotelvillaromanticparis.com\/wp-content\/uploads\/2022\/08\/Onglet-Piscine-et-jacuzzi.jpg 1500w, https:\/\/www.hotelvillaromanticparis.com\/wp-content\/uploads\/2022\/08\/Onglet-Piscine-et-jacuzzi-300x200.jpg 300w, https:\/\/www.hotelvillaromanticparis.com\/wp-content\/uploads\/2022\/08\/Onglet-Piscine-et-jacuzzi-1024x683.jpg 1024w, https:\/\/www.hotelvillaromanticparis.com\/wp-content\/uploads\/2022\/08\/Onglet-Piscine-et-jacuzzi-768x512.jpg 768w\" sizes=\"(max-width: 1500px) 100vw, 1500px\" \/>\t\t\t\t\t\t\n\t\t\t\t\t<\/div>\n\t\t\t\t\t\t\t\t\n<style>\n#image_1177809025 {\n  width: 100%;\n}\n<\/style>\n\t<\/div>\n\t\n\n\n\t\t<\/div>\n\t\t\t\t\t<\/div>\n\n\t\n\n\t<div id=\"col-702055388\" class=\"col medium-12 small-12 large-6\"  data-animate=\"fadeInRight\">\n\t\t\t\t<div class=\"col-inner\"  >\n\t\t\t\n\t\t\t\n\n<h2>PISCINA E JACUZZI<\/h2>\n<p>Bem escondida nas profundezas do Villa, a \u00e1rea de bem-estar ir\u00e1 surpreender durante toda a sua estadia.<\/p>\n<p>Ao passar a porta, deixe-se envolver pelo calor suave e pela beleza dos materiais no espa\u00e7o, antes de se deixar guiar pela luz azul m\u00e1gica que chama por si a poucos metros de dist\u00e2ncia: a piscina e o jacuzzi aguardam por esvaziar a sua mente.<\/p>\n<p>N\u00e3o hesite em dar umas bra\u00e7adas na magn\u00edfica piscina antes de imergir na banheira de hidromassagem para relaxar todos os seus m\u00fasculos e aliviar as tens\u00f5es. <\/p>\n<p><strong>Um interl\u00fadio encantador que perdurar\u00e1 na sua mem\u00f3ria. Numa palavra: Uau! <\/strong><\/p>\n\n\t\t<\/div>\n\t\t\t\t\n<style>\n#col-702055388 > .col-inner {\n  padding: 20px 50px 20px 50px;\n}\n<\/style>\n\t<\/div>\n\n\t\n\n<\/div>\n<div class=\"text-center\"><div class=\"is-divider divider clearfix\" style=\"max-width:150px;\"><\/div><\/div>\n\n<div class=\"row row-collapse row-full-width align-middle\"  id=\"row-434991714\">\n\n\n\t<div id=\"col-744748178\" class=\"col medium-12 small-12 large-6\"  data-animate=\"fadeInRight\">\n\t\t\t\t<div class=\"col-inner\"  >\n\t\t\t\n\t\t\t\n\n<h2>HAMMAM<\/h2>\n<p>Constru\u00eddo num estilo tradicional, com mosaicos, o hammam \u00e9 o local perfeito para relaxar profundamente e acalmar o corpo e a mente.<\/p>\n<p>Este c\u00e9u abaulado e o ambiente de spa oriental, invadido por vapor h\u00famido, far\u00e3o esquecer o stress da cidade, ir\u00e3o revigorar o seu sistema circulat\u00f3rio e respirat\u00f3rio e suavizar a sua pele. <\/p>\n<p><strong>Um deleite a repetir sempre que desejar. <\/strong><\/p>\n\n\t\t<\/div>\n\t\t\t\t\n<style>\n#col-744748178 > .col-inner {\n  padding: 20px 50px 20px 50px;\n}\n<\/style>\n\t<\/div>\n\n\t\n\n\t<div id=\"col-1513670916\" class=\"col medium-12 small-12 large-6 medium-col-first\"  data-animate=\"fadeInLeft\">\n\t\t\t\t<div class=\"col-inner\"  >\n\t\t\t\n\t\t\t\n\n\t<div class=\"img has-hover x md-x lg-x y md-y lg-y\" id=\"image_1473452308\">\n\t\t\t\t\t\t\t\t<div class=\"img-inner dark\" >\n\t\t\t<img decoding=\"async\" width=\"1920\" height=\"1280\" src=\"https:\/\/www.hotelvillaromanticparis.com\/wp-content\/uploads\/2022\/05\/spa_04.jpg\" class=\"attachment-original size-original\" alt=\"\" srcset=\"https:\/\/www.hotelvillaromanticparis.com\/wp-content\/uploads\/2022\/05\/spa_04.jpg 1920w, https:\/\/www.hotelvillaromanticparis.com\/wp-content\/uploads\/2022\/05\/spa_04-300x200.jpg 300w, https:\/\/www.hotelvillaromanticparis.com\/wp-content\/uploads\/2022\/05\/spa_04-1024x683.jpg 1024w, https:\/\/www.hotelvillaromanticparis.com\/wp-content\/uploads\/2022\/05\/spa_04-768x512.jpg 768w, https:\/\/www.hotelvillaromanticparis.com\/wp-content\/uploads\/2022\/05\/spa_04-1536x1024.jpg 1536w\" sizes=\"(max-width: 1920px) 100vw, 1920px\" \/>\t\t\t\t\t\t\n\t\t\t\t\t<\/div>\n\t\t\t\t\t\t\t\t\n<style>\n#image_1473452308 {\n  width: 100%;\n}\n<\/style>\n\t<\/div>\n\t\n\n\n\t\t<\/div>\n\t\t\t\t\t<\/div>\n\n\t\n\n<\/div>\n<div class=\"text-center\"><div class=\"is-divider divider clearfix\" style=\"max-width:150px;\"><\/div><\/div>\n\n<div class=\"row row-collapse row-full-width align-middle\"  id=\"row-136562631\">\n\n\n\t<div id=\"col-559045703\" class=\"col medium-12 small-12 large-6\"  data-animate=\"fadeInLeft\">\n\t\t\t\t<div class=\"col-inner\"  >\n\t\t\t\n\t\t\t\n\n\t<div class=\"img has-hover x md-x lg-x y md-y lg-y\" id=\"image_1173479218\">\n\t\t\t\t\t\t\t\t<div class=\"img-inner dark\" >\n\t\t\t<img decoding=\"async\" width=\"1920\" height=\"1280\" src=\"https:\/\/www.hotelvillaromanticparis.com\/wp-content\/uploads\/2022\/05\/spa_02.jpg\" class=\"attachment-original size-original\" alt=\"\" srcset=\"https:\/\/www.hotelvillaromanticparis.com\/wp-content\/uploads\/2022\/05\/spa_02.jpg 1920w, https:\/\/www.hotelvillaromanticparis.com\/wp-content\/uploads\/2022\/05\/spa_02-300x200.jpg 300w, https:\/\/www.hotelvillaromanticparis.com\/wp-content\/uploads\/2022\/05\/spa_02-1024x683.jpg 1024w, https:\/\/www.hotelvillaromanticparis.com\/wp-content\/uploads\/2022\/05\/spa_02-768x512.jpg 768w, https:\/\/www.hotelvillaromanticparis.com\/wp-content\/uploads\/2022\/05\/spa_02-1536x1024.jpg 1536w\" sizes=\"(max-width: 1920px) 100vw, 1920px\" \/>\t\t\t\t\t\t\n\t\t\t\t\t<\/div>\n\t\t\t\t\t\t\t\t\n<style>\n#image_1173479218 {\n  width: 100%;\n}\n<\/style>\n\t<\/div>\n\t\n\n\n\t\t<\/div>\n\t\t\t\t\t<\/div>\n\n\t\n\n\t<div id=\"col-584101265\" class=\"col medium-12 small-12 large-6\"  data-animate=\"fadeInRight\">\n\t\t\t\t<div class=\"col-inner\"  >\n\t\t\t\n\t\t\t\n\n<h2>SAUNA COM PAREDE DE SAL DOS HIMALAIAS<\/h2>\n<p>A sauna \u00e9 um dos segredos mais bem guardados de beleza e relaxamento dos pa\u00edses n\u00f3rdicos, conhecidos por terem os habitantes mais felizes do mundo. <\/p>\n<p>Entre e desfrute de alguns momentos de felicidade na nossa sauna privada forrada a sal dos Himalaias. Em complemento \u00e0s virtudes do calor abrasador e seco da sauna, a parede de sal permite-lhe usufruir dos sais minerais, oligoelementos e outros i\u00f5es negativos que trazem at\u00e9 si todos os benef\u00edcios de um fim de semana no mar, sem sair de Paris! <\/p>\n<p>Depois de mergulhar neste espa\u00e7o de intenso relaxamento, n\u00e3o deixe de se refrescar na nossa fonte de gelo para revigorar o seu corpo e ganhar energias. <\/p>\n<p>Ao sair, desfrutar\u00e1 de um estado de esp\u00edrito positivo e tranquilo e dormir\u00e1 de forma ainda melhor. Uma experi\u00eancia \u00fanica a n\u00e3o perder no nosso Villa.<\/p>\n\n\t\t<\/div>\n\t\t\t\t\n<style>\n#col-584101265 > .col-inner {\n  padding: 20px 50px 20px 50px;\n}\n<\/style>\n\t<\/div>\n\n\t\n\n<\/div>\n<div class=\"text-center\"><div class=\"is-divider divider clearfix\" style=\"max-width:150px;\"><\/div><\/div>\n\n<div class=\"row row-collapse row-full-width align-middle\"  id=\"row-1590122732\">\n\n\n\t<div id=\"col-631677317\" class=\"col medium-12 small-12 large-6\"  data-animate=\"fadeInRight\">\n\t\t\t\t<div class=\"col-inner\"  >\n\t\t\t\n\t\t\t\n\n<h2>FITNESS<\/h2>\n<p>N\u00e3o permita que a sua estadia prejudique o seu treino.<\/p>\n<p>A pensar nisso, o Villa concebeu um espa\u00e7o que se assemelha a uma cabana escandinava, t\u00e3o elegante quanto eficaz.<\/p>\n<p>Equipado com as m\u00e1quinas mais recentes, poder\u00e1 correr, praticar remo ou muscula\u00e7\u00e3o com toda a tranquilidade. Tem toalhas e tapetes \u00e0 sua disposi\u00e7\u00e3o. <\/p>\n<p>Tudo foi concebido a pensar na sua motiva\u00e7\u00e3o, est\u00edmulo e recompensa gra\u00e7as a todas as ofertas de bem-estar do espa\u00e7o. <\/p>\n\n\t\t<\/div>\n\t\t\t\t\n<style>\n#col-631677317 > .col-inner {\n  padding: 20px 50px 20px 50px;\n}\n<\/style>\n\t<\/div>\n\n\t\n\n\t<div id=\"col-1947473520\" class=\"col medium-12 small-12 large-6 medium-col-first\"  data-animate=\"fadeInLeft\">\n\t\t\t\t<div class=\"col-inner\"  >\n\t\t\t\n\t\t\t\n\n\t<div class=\"img has-hover x md-x lg-x y md-y lg-y\" id=\"image_2117031251\">\n\t\t\t\t\t\t\t\t<div class=\"img-inner dark\" >\n\t\t\t<img decoding=\"async\" width=\"1920\" height=\"1280\" src=\"https:\/\/www.hotelvillaromanticparis.com\/wp-content\/uploads\/2022\/05\/spa_03.jpg\" class=\"attachment-original size-original\" alt=\"\" srcset=\"https:\/\/www.hotelvillaromanticparis.com\/wp-content\/uploads\/2022\/05\/spa_03.jpg 1920w, https:\/\/www.hotelvillaromanticparis.com\/wp-content\/uploads\/2022\/05\/spa_03-300x200.jpg 300w, https:\/\/www.hotelvillaromanticparis.com\/wp-content\/uploads\/2022\/05\/spa_03-1024x683.jpg 1024w, https:\/\/www.hotelvillaromanticparis.com\/wp-content\/uploads\/2022\/05\/spa_03-768x512.jpg 768w, https:\/\/www.hotelvillaromanticparis.com\/wp-content\/uploads\/2022\/05\/spa_03-1536x1024.jpg 1536w\" sizes=\"(max-width: 1920px) 100vw, 1920px\" \/>\t\t\t\t\t\t\n\t\t\t\t\t<\/div>\n\t\t\t\t\t\t\t\t\n<style>\n#image_2117031251 {\n  width: 100%;\n}\n<\/style>\n\t<\/div>\n\t\n\n\n\t\t<\/div>\n\t\t\t\t\t<\/div>\n\n\t\n\n<\/div>\n<div class=\"text-center\"><div class=\"is-divider divider clearfix\" style=\"max-width:150px;\"><\/div><\/div>\n\n<div class=\"row row-collapse row-full-width align-middle\"  id=\"row-1075119350\">\n\n\n\t<div id=\"col-1549672977\" class=\"col medium-12 small-12 large-6\"  data-animate=\"fadeInLeft\">\n\t\t\t\t<div class=\"col-inner\"  >\n\t\t\t\n\t\t\t\n\n\t<div class=\"img has-hover x md-x lg-x y md-y lg-y\" id=\"image_442854475\">\n\t\t\t\t\t\t\t\t<div class=\"img-inner dark\" >\n\t\t\t<img decoding=\"async\" width=\"1200\" height=\"800\" src=\"https:\/\/www.hotelvillaromanticparis.com\/wp-content\/uploads\/2022\/06\/massage-villa-romantic-paris.jpg\" class=\"attachment-original size-original\" alt=\"\" srcset=\"https:\/\/www.hotelvillaromanticparis.com\/wp-content\/uploads\/2022\/06\/massage-villa-romantic-paris.jpg 1200w, https:\/\/www.hotelvillaromanticparis.com\/wp-content\/uploads\/2022\/06\/massage-villa-romantic-paris-300x200.jpg 300w, https:\/\/www.hotelvillaromanticparis.com\/wp-content\/uploads\/2022\/06\/massage-villa-romantic-paris-1024x683.jpg 1024w, https:\/\/www.hotelvillaromanticparis.com\/wp-content\/uploads\/2022\/06\/massage-villa-romantic-paris-768x512.jpg 768w\" sizes=\"(max-width: 1200px) 100vw, 1200px\" \/>\t\t\t\t\t\t\n\t\t\t\t\t<\/div>\n\t\t\t\t\t\t\t\t\n<style>\n#image_442854475 {\n  width: 100%;\n}\n<\/style>\n\t<\/div>\n\t\n\n\n\t\t<\/div>\n\t\t\t\t\t<\/div>\n\n\t\n\n\t<div id=\"col-1284716668\" class=\"col medium-12 small-12 large-6\"  data-animate=\"fadeInRight\">\n\t\t\t\t<div class=\"col-inner\"  >\n\t\t\t\n\t\t\t\n\n<h2>MASSAGEM SOB RESERVA<\/h2>\n<p>Numa agrad\u00e1vel sala envolta pelo p\u00e1tio repleto de plantas, desfrute de momentos de tranquilidade e bem-estar intenso nas m\u00e3os experientes dos nossos terapeutas. <\/p>\n<p>Din\u00e2mica para ganhar energia, relaxante para se recentrar, ou intensa para libertar a tens\u00e3o, escolha a massagem que mais lhe agrada e ofere\u00e7a ao seu corpo um momento de descontra\u00e7\u00e3o no tempo. <\/p>\n\n\t\t<\/div>\n\t\t\t\t\n<style>\n#col-1284716668 > .col-inner {\n  padding: 20px 50px 20px 50px;\n}\n<\/style>\n\t<\/div>\n\n\t\n\n<\/div>\n\n\t\t<\/div>\n\n\t\t\n<style>\n#section_352201431 {\n  padding-top: 30px;\n  padding-bottom: 30px;\n}\n<\/style>\n\t<\/section>\n\t\n\n","protected":false},"excerpt":{"rendered":"","protected":false},"author":1,"featured_media":0,"parent":0,"menu_order":0,"comment_status":"closed","ping_status":"closed","template":"page-blank.php","meta":{"footnotes":""},"class_list":["post-1078","page","type-page","status-publish","hentry"],"yoast_head":"<!-- This site is optimized with the Yoast SEO plugin v24.6 - https:\/\/yoast.com\/wordpress\/plugins\/seo\/ -->\n<title>O ESPA\u00c7O SPA E BEM-ESTAR: UM CASULO DE RELAXAMENTO<\/title>\n<meta name=\"description\" content=\"Bem escondida nas profundezas do Villa, a \u00e1rea de bem-estar ir\u00e1 surpreender durante toda a sua estadia.\" \/>\n<meta name=\"robots\" content=\"index, follow, max-snippet:-1, max-image-preview:large, max-video-preview:-1\" \/>\n<link rel=\"canonical\" href=\"https:\/\/www.hotelvillaromanticparis.com\/pt-pt\/piscina-spa\/\" \/>\n<meta property=\"og:locale\" content=\"pt_PT\" \/>\n<meta property=\"og:type\" content=\"article\" \/>\n<meta property=\"og:title\" content=\"O ESPA\u00c7O SPA E BEM-ESTAR: UM CASULO DE RELAXAMENTO\" \/>\n<meta property=\"og:description\" content=\"Bem escondida nas profundezas do Villa, a \u00e1rea de bem-estar ir\u00e1 surpreender durante toda a sua estadia.\" \/>\n<meta property=\"og:url\" content=\"https:\/\/www.hotelvillaromanticparis.com\/pt-pt\/piscina-spa\/\" \/>\n<meta property=\"og:site_name\" content=\"Villa Romantic\" \/>\n<meta property=\"article:modified_time\" content=\"2026-02-20T14:25:19+00:00\" \/>\n<meta name=\"twitter:card\" content=\"summary_large_image\" \/>\n<meta name=\"twitter:label1\" content=\"Tempo estimado de leitura\" \/>\n\t<meta name=\"twitter:data1\" content=\"4 minutos\" \/>\n<script type=\"application\/ld+json\" class=\"yoast-schema-graph\">{\"@context\":\"https:\/\/schema.org\",\"@graph\":[{\"@type\":\"WebPage\",\"@id\":\"https:\/\/www.hotelvillaromanticparis.com\/pt-pt\/piscina-spa\/\",\"url\":\"https:\/\/www.hotelvillaromanticparis.com\/pt-pt\/piscina-spa\/\",\"name\":\"O ESPA\u00c7O SPA E BEM-ESTAR: UM CASULO DE RELAXAMENTO\",\"isPartOf\":{\"@id\":\"https:\/\/www.hotelvillaromanticparis.com\/#website\"},\"datePublished\":\"2022-05-10T04:43:15+00:00\",\"dateModified\":\"2026-02-20T14:25:19+00:00\",\"description\":\"Bem escondida nas profundezas do Villa, a \u00e1rea de bem-estar ir\u00e1 surpreender durante toda a sua estadia.\",\"breadcrumb\":{\"@id\":\"https:\/\/www.hotelvillaromanticparis.com\/pt-pt\/piscina-spa\/#breadcrumb\"},\"inLanguage\":\"pt-PT\",\"potentialAction\":[{\"@type\":\"ReadAction\",\"target\":[\"https:\/\/www.hotelvillaromanticparis.com\/pt-pt\/piscina-spa\/\"]}]},{\"@type\":\"BreadcrumbList\",\"@id\":\"https:\/\/www.hotelvillaromanticparis.com\/pt-pt\/piscina-spa\/#breadcrumb\",\"itemListElement\":[{\"@type\":\"ListItem\",\"position\":1,\"name\":\"Accueil\",\"item\":\"https:\/\/www.hotelvillaromanticparis.com\/pt-pt\/\"},{\"@type\":\"ListItem\",\"position\":2,\"name\":\"Piscine &#038; spa\"}]},{\"@type\":\"WebSite\",\"@id\":\"https:\/\/www.hotelvillaromanticparis.com\/#website\",\"url\":\"https:\/\/www.hotelvillaromanticparis.com\/\",\"name\":\"Villa Romantic\",\"description\":\"A proximit\u00e9 du quartier latin\",\"potentialAction\":[{\"@type\":\"SearchAction\",\"target\":{\"@type\":\"EntryPoint\",\"urlTemplate\":\"https:\/\/www.hotelvillaromanticparis.com\/?s={search_term_string}\"},\"query-input\":{\"@type\":\"PropertyValueSpecification\",\"valueRequired\":true,\"valueName\":\"search_term_string\"}}],\"inLanguage\":\"pt-PT\"}]}<\/script>\n<!-- \/ Yoast SEO plugin. -->","yoast_head_json":{"title":"O ESPA\u00c7O SPA E BEM-ESTAR: UM CASULO DE RELAXAMENTO","description":"Bem escondida nas profundezas do Villa, a \u00e1rea de bem-estar ir\u00e1 surpreender durante toda a sua estadia.","robots":{"index":"index","follow":"follow","max-snippet":"max-snippet:-1","max-image-preview":"max-image-preview:large","max-video-preview":"max-video-preview:-1"},"canonical":"https:\/\/www.hotelvillaromanticparis.com\/pt-pt\/piscina-spa\/","og_locale":"pt_PT","og_type":"article","og_title":"O ESPA\u00c7O SPA E BEM-ESTAR: UM CASULO DE RELAXAMENTO","og_description":"Bem escondida nas profundezas do Villa, a \u00e1rea de bem-estar ir\u00e1 surpreender durante toda a sua estadia.","og_url":"https:\/\/www.hotelvillaromanticparis.com\/pt-pt\/piscina-spa\/","og_site_name":"Villa Romantic","article_modified_time":"2026-02-20T14:25:19+00:00","twitter_card":"summary_large_image","twitter_misc":{"Tempo estimado de leitura":"4 minutos"},"schema":{"@context":"https:\/\/schema.org","@graph":[{"@type":"WebPage","@id":"https:\/\/www.hotelvillaromanticparis.com\/pt-pt\/piscina-spa\/","url":"https:\/\/www.hotelvillaromanticparis.com\/pt-pt\/piscina-spa\/","name":"O ESPA\u00c7O SPA E BEM-ESTAR: UM CASULO DE RELAXAMENTO","isPartOf":{"@id":"https:\/\/www.hotelvillaromanticparis.com\/#website"},"datePublished":"2022-05-10T04:43:15+00:00","dateModified":"2026-02-20T14:25:19+00:00","description":"Bem escondida nas profundezas do Villa, a \u00e1rea de bem-estar ir\u00e1 surpreender durante toda a sua estadia.","breadcrumb":{"@id":"https:\/\/www.hotelvillaromanticparis.com\/pt-pt\/piscina-spa\/#breadcrumb"},"inLanguage":"pt-PT","potentialAction":[{"@type":"ReadAction","target":["https:\/\/www.hotelvillaromanticparis.com\/pt-pt\/piscina-spa\/"]}]},{"@type":"BreadcrumbList","@id":"https:\/\/www.hotelvillaromanticparis.com\/pt-pt\/piscina-spa\/#breadcrumb","itemListElement":[{"@type":"ListItem","position":1,"name":"Accueil","item":"https:\/\/www.hotelvillaromanticparis.com\/pt-pt\/"},{"@type":"ListItem","position":2,"name":"Piscine &#038; spa"}]},{"@type":"WebSite","@id":"https:\/\/www.hotelvillaromanticparis.com\/#website","url":"https:\/\/www.hotelvillaromanticparis.com\/","name":"Villa Romantic","description":"A proximit\u00e9 du quartier latin","potentialAction":[{"@type":"SearchAction","target":{"@type":"EntryPoint","urlTemplate":"https:\/\/www.hotelvillaromanticparis.com\/?s={search_term_string}"},"query-input":{"@type":"PropertyValueSpecification","valueRequired":true,"valueName":"search_term_string"}}],"inLanguage":"pt-PT"}]}},"_links":{"self":[{"href":"https:\/\/www.hotelvillaromanticparis.com\/pt-pt\/wp-json\/wp\/v2\/pages\/1078","targetHints":{"allow":["GET"]}}],"collection":[{"href":"https:\/\/www.hotelvillaromanticparis.com\/pt-pt\/wp-json\/wp\/v2\/pages"}],"about":[{"href":"https:\/\/www.hotelvillaromanticparis.com\/pt-pt\/wp-json\/wp\/v2\/types\/page"}],"author":[{"embeddable":true,"href":"https:\/\/www.hotelvillaromanticparis.com\/pt-pt\/wp-json\/wp\/v2\/users\/1"}],"replies":[{"embeddable":true,"href":"https:\/\/www.hotelvillaromanticparis.com\/pt-pt\/wp-json\/wp\/v2\/comments?post=1078"}],"version-history":[{"count":12,"href":"https:\/\/www.hotelvillaromanticparis.com\/pt-pt\/wp-json\/wp\/v2\/pages\/1078\/revisions"}],"predecessor-version":[{"id":2171,"href":"https:\/\/www.hotelvillaromanticparis.com\/pt-pt\/wp-json\/wp\/v2\/pages\/1078\/revisions\/2171"}],"wp:attachment":[{"href":"https:\/\/www.hotelvillaromanticparis.com\/pt-pt\/wp-json\/wp\/v2\/media?parent=1078"}],"curies":[{"name":"wp","href":"https:\/\/api.w.org\/{rel}","templated":true}]}}