{"id":1095,"date":"2022-05-10T10:21:51","date_gmt":"2022-05-10T08:21:51","guid":{"rendered":"https:\/\/www.hotelvillaromanticparis.com\/situation\/"},"modified":"2022-06-17T08:55:51","modified_gmt":"2022-06-17T06:55:51","slug":"situacao","status":"publish","type":"page","link":"https:\/\/www.hotelvillaromanticparis.com\/pt-pt\/situacao\/","title":{"rendered":"Situation"},"content":{"rendered":"\n\t<section class=\"section\" id=\"section_584966056\">\n\t\t<div class=\"bg section-bg fill bg-fill  bg-loaded\" >\n\n\t\t\t\n\t\t\t\n\t\t\t\n\n\t\t<\/div>\n\n\t\t<div class=\"section-content relative\">\n\t\t\t\n\n\n\n<iframe src=\"https:\/\/www.google.com\/maps\/embed?pb=!1m18!1m12!1m3!1d28044.369212313868!2d2.3277332279492517!3d48.835471187676134!2m3!1f0!2f0!3f0!3m2!1i1024!2i768!4f13.1!3m3!1m2!1s0x47e6718d6743e3b5%3A0x3cb97253fd71a31f!2s35%20Rue%20du%20Banquier%2C%2075013%20Paris!5e0!3m2!1sfr!2sfr!4v1653886409517!5m2!1sfr!2sfr\" width=\"100%\" height=\"450\" style=\"border:0;\" allowfullscreen=\"\" loading=\"lazy\" referrerpolicy=\"no-referrer-when-downgrade\"><\/iframe>\n\n\n\t\t<\/div>\n\n\t\t\n<style>\n#section_584966056 {\n  padding-top: 0px;\n  padding-bottom: 0px;\n  min-height: 400px;\n}\n<\/style>\n\t<\/section>\n\t\n\t<section class=\"section\" id=\"section_700758291\">\n\t\t<div class=\"bg section-bg fill bg-fill  bg-loaded\" >\n\n\t\t\t\n\t\t\t\n\t\t\t\n\n\t\t<\/div>\n\n\t\t<div class=\"section-content relative\">\n\t\t\t\n\n<div class=\"row\"  id=\"row-329887125\">\n\n\n\t<div id=\"col-757857632\" class=\"col small-12 large-12\"  >\n\t\t\t\t<div class=\"col-inner\"  >\n\t\t\t\n\t\t\t\n\n<h1 class=\"uppercase\" style=\"text-align: center;\">LOCALIZA\u00c7\u00c3O DE SONHO EM PLENO CORA\u00c7\u00c3O DE PARIS<\/h1>\n\n\n\t\t<\/div>\n\t\t\t\t\t<\/div>\n\n\t\n\n<\/div>\n<div class=\"row\"  id=\"row-1322142699\">\n\n\n\t<div id=\"col-1930635200\" class=\"col small-12 large-12\"  data-animate=\"fadeInRight\">\n\t\t\t\t<div class=\"col-inner\"  >\n\t\t\t\n\t\t\t\n\n<p>Situado numa excelente localiza\u00e7\u00e3o, bem servida de transportes, o Hotel Villa Romantic permite-lhe, facilmente, explorar a cidade Paris e descobrir todos os tesouros que a cidade tem para oferecer. <\/p>\n<p>O edif\u00edcio da \u00d3pera, as grandes lojas, o Louvre, a Notre Dame e a Torre Eiffel s\u00e3o de f\u00e1cil acesso por metro. Pode facilmente passear pelos cais do rio Sena ou pelas ruas encantadoras e hist\u00f3ricas do Quartier Latin, tudo a uma dist\u00e2ncia de 20 minutos a p\u00e9.<\/p>\n<p>Quer visite Paris em lazer ou em neg\u00f3cios, apreciar\u00e1 a sua localiza\u00e7\u00e3o central, mas tamb\u00e9m o sossego e a tranquilidade dos arredores que lhe permitir\u00e3o recarregar energias. <\/p>\n\n\n\t\t<\/div>\n\t\t\t\t\t<\/div>\n\n\t\n\n<\/div>\n\n\t\t<\/div>\n\n\t\t\n<style>\n#section_700758291 {\n  padding-top: 30px;\n  padding-bottom: 30px;\n}\n<\/style>\n\t<\/section>\n\t\n\t<section class=\"section\" id=\"section_1926000667\">\n\t\t<div class=\"bg section-bg fill bg-fill  bg-loaded\" >\n\n\t\t\t\n\t\t\t\n\t\t\t\n\n\t\t<\/div>\n\n\t\t<div class=\"section-content relative\">\n\t\t\t\n\n<div class=\"row row-small row-full-width align-middle align-center\"  id=\"row-1668205530\">\n\n\n\t<div id=\"col-942162234\" class=\"col medium-6 small-12 large-6\"  data-animate=\"fadeInLeft\">\n\t\t\t\t<div class=\"col-inner\"  >\n\t\t\t\n\t\t\t\n\n\t<div class=\"img has-hover x md-x lg-x y md-y lg-y\" id=\"image_1971248793\">\n\t\t\t\t\t\t\t\t<div class=\"img-inner dark\" >\n\t\t\t<img decoding=\"async\" width=\"1020\" height=\"680\" src=\"https:\/\/www.hotelvillaromanticparis.com\/wp-content\/uploads\/2021\/12\/hotel-villa-romantic-2-1024x683.jpg\" class=\"attachment-large size-large\" alt=\"\" srcset=\"https:\/\/www.hotelvillaromanticparis.com\/wp-content\/uploads\/2021\/12\/hotel-villa-romantic-2-1024x683.jpg 1024w, https:\/\/www.hotelvillaromanticparis.com\/wp-content\/uploads\/2021\/12\/hotel-villa-romantic-2-300x200.jpg 300w, https:\/\/www.hotelvillaromanticparis.com\/wp-content\/uploads\/2021\/12\/hotel-villa-romantic-2-768x512.jpg 768w, https:\/\/www.hotelvillaromanticparis.com\/wp-content\/uploads\/2021\/12\/hotel-villa-romantic-2.jpg 1200w\" sizes=\"(max-width: 1020px) 100vw, 1020px\" \/>\t\t\t\t\t\t\n\t\t\t\t\t<\/div>\n\t\t\t\t\t\t\t\t\n<style>\n#image_1971248793 {\n  width: 100%;\n}\n<\/style>\n\t<\/div>\n\t\n\n\n\t\t<\/div>\n\t\t\t\t\t<\/div>\n\n\t\n\n\t<div id=\"col-1517939889\" class=\"col medium-6 small-12 large-6\"  data-animate=\"fadeInRight\">\n\t\t\t\t<div class=\"col-inner\"  >\n\t\t\t\n\t\t\t\n\n<h2>UM BAIRRO TIPICAMENTE PARISIENSE<\/h2>\n<p>O Quartier des Gobelins e a Place d&#8217;Italie s\u00e3o ideais para passear, explorar e deslumbrar-se.<\/p>\n<p>A poucos minutos do hotel, n\u00e3o perca a animada rue Mouffetard, o centro comercial Italie Deux, a sala de espet\u00e1culos e concertos Accor Arena Bercy, a Manufacture des Gobelins, uma das f\u00e1bricas de tape\u00e7arias mais famosas do mundo, ou ainda o Jardin des Plantes, as suas galerias do Museu de Hist\u00f3ria Natural e o seu jardim zool\u00f3gico.<\/p>\n<p>Al\u00e9m de descobrir a Cidade da Luz, o Hotel Villa Romantic permite-lhe experimentar o modo de vida parisiense. Aqui, pode sentar-se num terra\u00e7o para desfrutar de uma bebida, comprar um croissant numa das muitas padarias t\u00edpicas, jantar num dos bons restaurantes da zona, fazer compras nas maravilhosas lojas e usufruir de todos os prazeres da zona, a qualquer hora do dia e ao sabor dos seus desejos. <\/p>\n\n\n\t\t<\/div>\n\t\t\t\t\n<style>\n#col-1517939889 > .col-inner {\n  padding: 30px 30px 30px 30px;\n}\n<\/style>\n\t<\/div>\n\n\t\n\n<\/div>\n\n\t\t<\/div>\n\n\t\t\n<style>\n#section_1926000667 {\n  padding-top: 0px;\n  padding-bottom: 0px;\n}\n<\/style>\n\t<\/section>\n\t\n\t<section class=\"section\" id=\"section_808655330\">\n\t\t<div class=\"bg section-bg fill bg-fill  bg-loaded\" >\n\n\t\t\t\n\t\t\t\n\t\t\t\n\n\t\t<\/div>\n\n\t\t<div class=\"section-content relative\">\n\t\t\t\n\n<div class=\"row row-small row-full-width align-middle align-center\"  id=\"row-233750208\">\n\n\n\t<div id=\"col-63149035\" class=\"col medium-6 small-12 large-6\"  data-animate=\"fadeInLeft\">\n\t\t\t\t<div class=\"col-inner\"  >\n\t\t\t\n\t\t\t\n\n<h2 style=\"text-align: center;\">COMO CHEGAR?<\/h2>\n<h3>POR METRO<\/h3>\n<p>Linha 7: Esta\u00e7\u00e3o Les Gobelins, a 5 min de dist\u00e2ncia<br \/>Linha 5: Esta\u00e7\u00e3o Campo-Formio, a 5 min de dist\u00e2ncia<br \/>Linha 6: Esta\u00e7\u00e3o Place d\u2019Italie, a 9 min de dist\u00e2ncia<\/p>\n<h3>POR AVI\u00c3O<\/h3>\n<p><strong>Roissy Charles de Gaulle\u00a0:<\/strong>Do aeroporto Paris-Charles de Gaulle, pode apanhar o RER, linha B, at\u00e9 \u00e0 esta\u00e7\u00e3o Denfert Rochereau e, depois, seguir a linha 6 at\u00e9 \u00e0 esta\u00e7\u00e3o Place d&#8217;Italie, que fica a 10 minutos de dist\u00e2ncia a p\u00e9 do hotel. Em alternativa, pode seguir a linha 7 at\u00e9 \u00e0 esta\u00e7\u00e3o Les Gobelins. <br \/><strong>Orly :<\/strong> Do aeroporto Paris-Orly, pode apanhar o Orlyval at\u00e9 \u00e0 esta\u00e7\u00e3o Antony e depois o RER, linha B, at\u00e9 \u00e0 esta\u00e7\u00e3o Denfert Rochereau. Mude e siga na linha 6 do metro at\u00e9 \u00e0 esta\u00e7\u00e3o Place d\u2019Italie. <br \/>As tarifas de t\u00e1xi para o hotel (margem esquerda do rio em Paris) est\u00e3o tabeladas por lei. <\/p>\n<h3>POR COMBOIO<\/h3>\n<p><strong>Desde a Gare de l\u2019Est :<\/strong> Desde a Gare de l\u2019Est: acess\u00edvel em 30 minutos diretamente pela linha 7 (esta\u00e7\u00e3o Les Gobelins) ou pela linha 5 (esta\u00e7\u00e3o Campo Formio)<br \/><strong>Desde a  Gare du Nord :<\/strong> acess\u00edvel em 30 minutos pelo metro, na linha 5 (esta\u00e7\u00e3o Campo Formio)<br \/><strong>Desde a Gare Montparnasse\u00a0:<\/strong> acess\u00edvel em 20 minutos diretamente pela linha 6 (esta\u00e7\u00e3o Place d\u2019Italie)<br \/><strong>Desde a Gare d\u2019Austerlitz\u00a0:<\/strong> a menos de 15 minutos na linha 5<\/p>\n\n\n\t\t<\/div>\n\t\t\t\t\n<style>\n#col-63149035 > .col-inner {\n  padding: 30px 30px 30px 30px;\n}\n<\/style>\n\t<\/div>\n\n\t\n\n<\/div>\n\n\t\t<\/div>\n\n\t\t\n<style>\n#section_808655330 {\n  padding-top: 0px;\n  padding-bottom: 0px;\n}\n<\/style>\n\t<\/section>\n\t\n\n","protected":false},"excerpt":{"rendered":"","protected":false},"author":1,"featured_media":0,"parent":0,"menu_order":0,"comment_status":"closed","ping_status":"closed","template":"page-blank.php","meta":{"footnotes":""},"class_list":["post-1095","page","type-page","status-publish","hentry"],"yoast_head":"<!-- This site is optimized with the Yoast SEO plugin v24.6 - https:\/\/yoast.com\/wordpress\/plugins\/seo\/ -->\n<title>LOCALIZA\u00c7\u00c3O DE SONHO EM PLENO CORA\u00c7\u00c3O DE PARIS<\/title>\n<meta name=\"description\" content=\"Situado numa excelente localiza\u00e7\u00e3o, bem servida de transportes, o Hotel Villa Romantic permite-lhe, facilmente, explorar a cidade Paris e descobrir todos os tesouros que a cidade tem para oferecer.\" \/>\n<meta name=\"robots\" content=\"index, follow, max-snippet:-1, max-image-preview:large, max-video-preview:-1\" \/>\n<link rel=\"canonical\" href=\"https:\/\/www.hotelvillaromanticparis.com\/pt-pt\/situacao\/\" \/>\n<meta property=\"og:locale\" content=\"pt_PT\" \/>\n<meta property=\"og:type\" content=\"article\" \/>\n<meta property=\"og:title\" content=\"LOCALIZA\u00c7\u00c3O DE SONHO EM PLENO CORA\u00c7\u00c3O DE PARIS\" \/>\n<meta property=\"og:description\" content=\"Situado numa excelente localiza\u00e7\u00e3o, bem servida de transportes, o Hotel Villa Romantic permite-lhe, facilmente, explorar a cidade Paris e descobrir todos os tesouros que a cidade tem para oferecer.\" \/>\n<meta property=\"og:url\" content=\"https:\/\/www.hotelvillaromanticparis.com\/pt-pt\/situacao\/\" \/>\n<meta property=\"og:site_name\" content=\"Villa Romantic\" \/>\n<meta property=\"article:modified_time\" content=\"2022-06-17T06:55:51+00:00\" \/>\n<meta name=\"twitter:card\" content=\"summary_large_image\" \/>\n<meta name=\"twitter:label1\" content=\"Tempo estimado de leitura\" \/>\n\t<meta name=\"twitter:data1\" content=\"3 minutos\" \/>\n<script type=\"application\/ld+json\" class=\"yoast-schema-graph\">{\"@context\":\"https:\/\/schema.org\",\"@graph\":[{\"@type\":\"WebPage\",\"@id\":\"https:\/\/www.hotelvillaromanticparis.com\/pt-pt\/situacao\/\",\"url\":\"https:\/\/www.hotelvillaromanticparis.com\/pt-pt\/situacao\/\",\"name\":\"LOCALIZA\u00c7\u00c3O DE SONHO EM PLENO CORA\u00c7\u00c3O DE PARIS\",\"isPartOf\":{\"@id\":\"https:\/\/www.hotelvillaromanticparis.com\/#website\"},\"datePublished\":\"2022-05-10T08:21:51+00:00\",\"dateModified\":\"2022-06-17T06:55:51+00:00\",\"description\":\"Situado numa excelente localiza\u00e7\u00e3o, bem servida de transportes, o Hotel Villa Romantic permite-lhe, facilmente, explorar a cidade Paris e descobrir todos os tesouros que a cidade tem para oferecer.\",\"breadcrumb\":{\"@id\":\"https:\/\/www.hotelvillaromanticparis.com\/pt-pt\/situacao\/#breadcrumb\"},\"inLanguage\":\"pt-PT\",\"potentialAction\":[{\"@type\":\"ReadAction\",\"target\":[\"https:\/\/www.hotelvillaromanticparis.com\/pt-pt\/situacao\/\"]}]},{\"@type\":\"BreadcrumbList\",\"@id\":\"https:\/\/www.hotelvillaromanticparis.com\/pt-pt\/situacao\/#breadcrumb\",\"itemListElement\":[{\"@type\":\"ListItem\",\"position\":1,\"name\":\"Accueil\",\"item\":\"https:\/\/www.hotelvillaromanticparis.com\/pt-pt\/\"},{\"@type\":\"ListItem\",\"position\":2,\"name\":\"Situation\"}]},{\"@type\":\"WebSite\",\"@id\":\"https:\/\/www.hotelvillaromanticparis.com\/#website\",\"url\":\"https:\/\/www.hotelvillaromanticparis.com\/\",\"name\":\"Villa Romantic\",\"description\":\"A proximit\u00e9 du quartier latin\",\"potentialAction\":[{\"@type\":\"SearchAction\",\"target\":{\"@type\":\"EntryPoint\",\"urlTemplate\":\"https:\/\/www.hotelvillaromanticparis.com\/?s={search_term_string}\"},\"query-input\":{\"@type\":\"PropertyValueSpecification\",\"valueRequired\":true,\"valueName\":\"search_term_string\"}}],\"inLanguage\":\"pt-PT\"}]}<\/script>\n<!-- \/ Yoast SEO plugin. -->","yoast_head_json":{"title":"LOCALIZA\u00c7\u00c3O DE SONHO EM PLENO CORA\u00c7\u00c3O DE PARIS","description":"Situado numa excelente localiza\u00e7\u00e3o, bem servida de transportes, o Hotel Villa Romantic permite-lhe, facilmente, explorar a cidade Paris e descobrir todos os tesouros que a cidade tem para oferecer.","robots":{"index":"index","follow":"follow","max-snippet":"max-snippet:-1","max-image-preview":"max-image-preview:large","max-video-preview":"max-video-preview:-1"},"canonical":"https:\/\/www.hotelvillaromanticparis.com\/pt-pt\/situacao\/","og_locale":"pt_PT","og_type":"article","og_title":"LOCALIZA\u00c7\u00c3O DE SONHO EM PLENO CORA\u00c7\u00c3O DE PARIS","og_description":"Situado numa excelente localiza\u00e7\u00e3o, bem servida de transportes, o Hotel Villa Romantic permite-lhe, facilmente, explorar a cidade Paris e descobrir todos os tesouros que a cidade tem para oferecer.","og_url":"https:\/\/www.hotelvillaromanticparis.com\/pt-pt\/situacao\/","og_site_name":"Villa Romantic","article_modified_time":"2022-06-17T06:55:51+00:00","twitter_card":"summary_large_image","twitter_misc":{"Tempo estimado de leitura":"3 minutos"},"schema":{"@context":"https:\/\/schema.org","@graph":[{"@type":"WebPage","@id":"https:\/\/www.hotelvillaromanticparis.com\/pt-pt\/situacao\/","url":"https:\/\/www.hotelvillaromanticparis.com\/pt-pt\/situacao\/","name":"LOCALIZA\u00c7\u00c3O DE SONHO EM PLENO CORA\u00c7\u00c3O DE PARIS","isPartOf":{"@id":"https:\/\/www.hotelvillaromanticparis.com\/#website"},"datePublished":"2022-05-10T08:21:51+00:00","dateModified":"2022-06-17T06:55:51+00:00","description":"Situado numa excelente localiza\u00e7\u00e3o, bem servida de transportes, o Hotel Villa Romantic permite-lhe, facilmente, explorar a cidade Paris e descobrir todos os tesouros que a cidade tem para oferecer.","breadcrumb":{"@id":"https:\/\/www.hotelvillaromanticparis.com\/pt-pt\/situacao\/#breadcrumb"},"inLanguage":"pt-PT","potentialAction":[{"@type":"ReadAction","target":["https:\/\/www.hotelvillaromanticparis.com\/pt-pt\/situacao\/"]}]},{"@type":"BreadcrumbList","@id":"https:\/\/www.hotelvillaromanticparis.com\/pt-pt\/situacao\/#breadcrumb","itemListElement":[{"@type":"ListItem","position":1,"name":"Accueil","item":"https:\/\/www.hotelvillaromanticparis.com\/pt-pt\/"},{"@type":"ListItem","position":2,"name":"Situation"}]},{"@type":"WebSite","@id":"https:\/\/www.hotelvillaromanticparis.com\/#website","url":"https:\/\/www.hotelvillaromanticparis.com\/","name":"Villa Romantic","description":"A proximit\u00e9 du quartier latin","potentialAction":[{"@type":"SearchAction","target":{"@type":"EntryPoint","urlTemplate":"https:\/\/www.hotelvillaromanticparis.com\/?s={search_term_string}"},"query-input":{"@type":"PropertyValueSpecification","valueRequired":true,"valueName":"search_term_string"}}],"inLanguage":"pt-PT"}]}},"_links":{"self":[{"href":"https:\/\/www.hotelvillaromanticparis.com\/pt-pt\/wp-json\/wp\/v2\/pages\/1095","targetHints":{"allow":["GET"]}}],"collection":[{"href":"https:\/\/www.hotelvillaromanticparis.com\/pt-pt\/wp-json\/wp\/v2\/pages"}],"about":[{"href":"https:\/\/www.hotelvillaromanticparis.com\/pt-pt\/wp-json\/wp\/v2\/types\/page"}],"author":[{"embeddable":true,"href":"https:\/\/www.hotelvillaromanticparis.com\/pt-pt\/wp-json\/wp\/v2\/users\/1"}],"replies":[{"embeddable":true,"href":"https:\/\/www.hotelvillaromanticparis.com\/pt-pt\/wp-json\/wp\/v2\/comments?post=1095"}],"version-history":[{"count":2,"href":"https:\/\/www.hotelvillaromanticparis.com\/pt-pt\/wp-json\/wp\/v2\/pages\/1095\/revisions"}],"predecessor-version":[{"id":1462,"href":"https:\/\/www.hotelvillaromanticparis.com\/pt-pt\/wp-json\/wp\/v2\/pages\/1095\/revisions\/1462"}],"wp:attachment":[{"href":"https:\/\/www.hotelvillaromanticparis.com\/pt-pt\/wp-json\/wp\/v2\/media?parent=1095"}],"curies":[{"name":"wp","href":"https:\/\/api.w.org\/{rel}","templated":true}]}}